{"id":45241,"date":"2023-04-25T00:21:09","date_gmt":"2023-04-25T00:21:09","guid":{"rendered":"https:\/\/smartyplantsnursery.com\/product\/ixora-taiwan-dwarf-ixora-petite-ixora-taiwanensis\/"},"modified":"2025-12-30T17:42:22","modified_gmt":"2025-12-30T17:42:22","slug":"ixora-taiwan-dwarf-ixora-petite-ixora-taiwanensis","status":"publish","type":"product","link":"https:\/\/smartyplantsnursery.com\/es\/product\/ixora-taiwan-dwarf-ixora-petite-ixora-taiwanensis\/","title":{"rendered":"Ixora \u201cTaiwan dwarf\u201d, ixora \u201cpetite\u201d &#8211; ixora taiwanensis"},"content":{"rendered":"<p class=\"\"><b class=\"\">Usos generales en el paisaje:<\/b> setos bajos, bordes, jardiner\u00eda en macetas<\/p>\n<p class=\"\"><b class=\"\">Notas sobre la restauraci\u00f3n ecol\u00f3gica:<\/b> atracci\u00f3n de polinizadores, control de la erosi\u00f3n, purificaci\u00f3n del aire, tolerancia a la sequ\u00eda<\/p>\n<p class=\"\"><b class=\"\">Descripci\u00f3n:<\/b> La Ixora enana tiene un racimo rojo de flores como todas las Ixora. La hoja es peque\u00f1a y de color verde oscuro. La Ixora enana es ideal para un seto peque\u00f1o con algo de color.  <\/p>\n<p class=\"\"><b class=\"\">Dimensiones:<\/b> Altura 3 pies.<\/p>\n<p class=\"\"><b class=\"\">Tasa de crecimiento:<\/b> Moderada a lenta<\/p>\n<p class=\"\"><b class=\"\">Distribuci\u00f3n nativa:<\/b> Taiw\u00e1n<\/p>\n<p class=\"\"><b class=\"\">H\u00e1bitats nativos:<\/b> Bosques de tierras bajas y montanos, regiones costeras e interiores, bosques abiertos y bordes de bosques<\/p>\n<p class=\"\"><b class=\"\">Suelos:<\/b> Bien drenados, ligeramente \u00e1cidos (pH 5.5 &#8211; 6.5)<\/p>\n<p class=\"\"><b class=\"\">Requisitos nutricionales:<\/b> moderados<\/p>\n<p class=\"\"><b class=\"\">Tolerancia al agua salada:<\/b> De baja a moderada<\/p>\n<p class=\"\"><b class=\"\">Tolerancia al viento salado:<\/b> De baja a moderada<\/p>\n<p class=\"\"><b class=\"\">Tolerancia a la sequ\u00eda:<\/b> moderada<\/p>\n<p class=\"\"><b class=\"\">Requisitos de luz:<\/b> pleno sol<\/p>\n<p class=\"\"><b class=\"\">Color de la flor:<\/b> Rojo<\/p>\n<p class=\"\"><b class=\"\">Caracter\u00edsticas de la flor:<\/b> Racimos, peque\u00f1os, en forma de estrella<\/p>\n<p class=\"\"><b class=\"\">Temporada de floraci\u00f3n:<\/b> Todo el a\u00f1o<\/p>\n<p class=\"\"><b class=\"\">Fruto:<\/b> Bayas peque\u00f1as, redondas y de color oscuro<\/p>\n<p class=\"\"><b class=\"\">Vida silvestre y ecolog\u00eda:<\/b> Las flores atraen a los polinizadores y las aves y algunos mam\u00edferos se comen los frutos.<\/p>\n<p class=\"\"><b class=\"\">Notas de horticultura:<\/b> Se cultiva a partir de semillas, esquejes<\/p>\n<p class=\"\"><b class=\"\">Comentarios:<\/b><\/p>\n","protected":false},"excerpt":{"rendered":"<p><img decoding=\"async\" class=\"alignnone size-medium wp-image-31863\" src=\"https:\/\/smartyplantsnursery.com\/wp-content\/uploads\/2023\/04\/Screen-Shot-2023-04-22-at-11.28.02-PM-300x134.png\" alt=\"\" width=\"300\" height=\"134\"><\/p>\n<div class=\"container\">\n<div class=\"table-container\">\n<table>\n<thead>\n<tr>\n<th>Tama\u00f1o de la maceta<\/th>\n<th>Altura media plantada (desde la tierra hasta la parte superior de la planta)<\/th>\n<\/tr>\n<\/thead>\n<tbody>\n<tr>\n<td>3 galones\/10&#8243;<\/td>\n<td>0,3 &#8211; 0,45 m<\/td>\n<\/tr>\n<tr>\n<td>7 galones\/14&#8243;<\/td>\n<td>0,45 &#8211; 0,6 m<\/td>\n<\/tr>\n<\/tbody>\n<\/table>\n<\/div>\n<\/div>\n","protected":false},"featured_media":44128,"comment_status":"open","ping_status":"closed","template":"","meta":[],"product_brand":[],"product_cat":[343,304,312,311,310,375,317,315,302,355,306,309,313,361,360,326,308,316,335,323,372,330,332,307],"product_tag":[350],"class_list":{"0":"post-45241","1":"product","2":"type-product","3":"status-publish","4":"has-post-thumbnail","6":"product_cat-acido","7":"product_cat-arbusto","8":"product_cat-baja-es","9":"product_cat-baja","10":"product_cat-bien-drenado","11":"product_cat-borde","12":"product_cat-contenedor","13":"product_cat-esquejes","14":"product_cat-exotica","15":"product_cat-invierno","16":"product_cat-lenta","17":"product_cat-moderada","18":"product_cat-moderada-es","19":"product_cat-moderada-es-4","20":"product_cat-moderada-es-3","21":"product_cat-moderada-es-2","22":"product_cat-otono","23":"product_cat-pequena","24":"product_cat-pleno-sol","25":"product_cat-primavera","26":"product_cat-racimo","27":"product_cat-semilla","28":"product_cat-seto","29":"product_cat-verano","30":"product_tag-rojo","31":"pa_pot-size-1-galon-6","32":"pa_pot-size-3-galones-10","33":"pa_pot-size-7-galones-14","36":"first","37":"instock","38":"featured","39":"taxable","40":"shipping-taxable","41":"purchasable","42":"product-type-variable"},"aioseo_notices":[],"_links":{"self":[{"href":"https:\/\/smartyplantsnursery.com\/es\/wp-json\/wp\/v2\/product\/45241","targetHints":{"allow":["GET"]}}],"collection":[{"href":"https:\/\/smartyplantsnursery.com\/es\/wp-json\/wp\/v2\/product"}],"about":[{"href":"https:\/\/smartyplantsnursery.com\/es\/wp-json\/wp\/v2\/types\/product"}],"replies":[{"embeddable":true,"href":"https:\/\/smartyplantsnursery.com\/es\/wp-json\/wp\/v2\/comments?post=45241"}],"wp:featuredmedia":[{"embeddable":true,"href":"https:\/\/smartyplantsnursery.com\/es\/wp-json\/wp\/v2\/media\/44128"}],"wp:attachment":[{"href":"https:\/\/smartyplantsnursery.com\/es\/wp-json\/wp\/v2\/media?parent=45241"}],"wp:term":[{"taxonomy":"product_brand","embeddable":true,"href":"https:\/\/smartyplantsnursery.com\/es\/wp-json\/wp\/v2\/product_brand?post=45241"},{"taxonomy":"product_cat","embeddable":true,"href":"https:\/\/smartyplantsnursery.com\/es\/wp-json\/wp\/v2\/product_cat?post=45241"},{"taxonomy":"product_tag","embeddable":true,"href":"https:\/\/smartyplantsnursery.com\/es\/wp-json\/wp\/v2\/product_tag?post=45241"}],"curies":[{"name":"wp","href":"https:\/\/api.w.org\/{rel}","templated":true}]}}