{"id":45242,"date":"2023-04-25T00:53:08","date_gmt":"2023-04-25T00:53:08","guid":{"rendered":"https:\/\/smartyplantsnursery.com\/product\/arandano-japones-arbusto-elaeocarpus-decipiens\/"},"modified":"2025-12-31T15:41:24","modified_gmt":"2025-12-31T15:41:24","slug":"arandano-japones-arbusto-elaeocarpus-decipiens","status":"publish","type":"product","link":"https:\/\/smartyplantsnursery.com\/es\/product\/arandano-japones-arbusto-elaeocarpus-decipiens\/","title":{"rendered":"Ar\u00e1ndano japon\u00e9s (arbusto) &#8211; elaeocarpus decipiens"},"content":{"rendered":"<p class=\"\"><b class=\"\">Usos generales en el paisaje:<\/b> Seto o pantalla, atracci\u00f3n de vida silvestre, inter\u00e9s perenne<\/p>\n<p class=\"\"><b class=\"\">Notas sobre la restauraci\u00f3n ecol\u00f3gica:<\/b> Estabilizaci\u00f3n del suelo, secuestro de carbono, apoyo a la vida silvestre<\/p>\n<p class=\"\"><b class=\"\">Descripci\u00f3n:<\/b> El ar\u00e1ndano japon\u00e9s es un arbusto ornamental \u00fanico. Es un arbusto raro que no requiere mantenimiento y tiene un dosel denso y delicioso. Este \u00e1rbol de hoja perenne es un gran esp\u00e9cimen de arbusto.  <\/p>\n<p class=\"\"><b class=\"\">Dimensiones:<\/b> Altura 20 pies.<\/p>\n<p class=\"\"><b class=\"\">Tasa de crecimiento:<\/b> De moderada a r\u00e1pida<\/p>\n<p class=\"\"><b class=\"\">Rango nativo:<\/b> China, Jap\u00f3n y partes del sudeste asi\u00e1tico<\/p>\n<p class=\"\"><b class=\"\">H\u00e1bitats nativos:<\/b> Bosques de tierras bajas y monta\u00f1osas, bosques costeros e interiores<\/p>\n<p class=\"\"><b class=\"\">Suelos:<\/b> Bien drenados, francos o arenosos, de neutros a ligeramente \u00e1cidos (pH 6 &#8211; 7,5)<\/p>\n<p class=\"\"><b class=\"\">Requisitos nutricionales:<\/b> moderados<\/p>\n<p class=\"\"><b class=\"\">Tolerancia al agua salada:<\/b> De baja a moderada<\/p>\n<p class=\"\"><b class=\"\">Tolerancia al viento salado:<\/b> De baja a moderada<\/p>\n<p class=\"\"><b class=\"\">Tolerancia a la sequ\u00eda:<\/b> moderada<\/p>\n<p class=\"\"><b class=\"\">Requisitos de luz:<\/b> pleno sol<\/p>\n<p class=\"\"><b class=\"\">Color de la flor:<\/b> Blanco<\/p>\n<p class=\"\"><b class=\"\">Caracter\u00edsticas de la flor:<\/b> Peque\u00f1a, fragante, forma de campana<\/p>\n<p class=\"\"><b class=\"\">Temporada de floraci\u00f3n:<\/b> Desde finales de primavera hasta principios de verano<\/p>\n<p class=\"\"><b class=\"\">Fruta:<\/b> Drupa peque\u00f1a, redonda, de color azul oscuro a negro<\/p>\n<p class=\"\"><b class=\"\">Vida silvestre y ecolog\u00eda:<\/b> Las flores atraen a los polinizadores, los frutos son una fuente de alimento para las aves, refugio para peque\u00f1os mam\u00edferos<\/p>\n<p class=\"\"><b class=\"\">Notas de horticultura:<\/b> Se cultiva a partir de semillas, esquejes, acodo a\u00e9reo<\/p>\n<p class=\"\"><b class=\"\">Comentarios:<\/b><\/p>\n","protected":false},"excerpt":{"rendered":"<p><img decoding=\"async\" class=\"alignnone size-medium wp-image-31863\" src=\"https:\/\/smartyplantsnursery.com\/wp-content\/uploads\/2023\/04\/Screen-Shot-2023-04-22-at-11.28.02-PM-300x134.png\" alt=\"\" width=\"300\" height=\"134\"><\/p>\n<div class=\"container\">\n<div class=\"table-container\">\n<table>\n<thead>\n<tr>\n<th>Tama\u00f1o de la maceta<\/th>\n<th>Altura media plantada (desde la tierra hasta la parte superior de la planta)<\/th>\n<\/tr>\n<\/thead>\n<tbody>\n<tr>\n<td>3 galones\/10&#8243;<\/td>\n<td>1 &#8211; 2 pies<\/td>\n<\/tr>\n<tr>\n<td>7 galones\/14&#8243;<\/td>\n<td>2 &#8211; 4 pies<\/td>\n<\/tr>\n<tr>\n<td>15 galones\/17&#8243;<\/td>\n<td>4 &#8211; 6 pies<\/td>\n<\/tr>\n<tr>\n<td>25 galones\/21&#8243;<\/td>\n<td>6 &#8211; 8 pies<\/td>\n<\/tr>\n<tr>\n<td>45 galones\/28&#8243;<\/td>\n<td>8 &#8211; 10 pies<\/td>\n<\/tr>\n<\/tbody>\n<\/table>\n<\/div>\n<\/div>\n","protected":false},"featured_media":44189,"comment_status":"open","ping_status":"closed","template":"","meta":[],"product_brand":[],"product_cat":[343,336,304,359,312,311,310,315,302,374,369,313,361,360,326,309,345,378,316,335,323,322,330,332,307],"product_tag":[318],"class_list":{"0":"post-45242","1":"product","2":"type-product","3":"status-publish","4":"has-post-thumbnail","6":"product_cat-acido","7":"product_cat-acodo-aereo","8":"product_cat-arbusto","9":"product_cat-arena","10":"product_cat-baja-es","11":"product_cat-baja","12":"product_cat-bien-drenado","13":"product_cat-esquejes","14":"product_cat-exotica","15":"product_cat-fragante-2","16":"product_cat-franco","17":"product_cat-moderada-es","18":"product_cat-moderada-es-4","19":"product_cat-moderada-es-3","20":"product_cat-moderada-es-2","21":"product_cat-moderada","22":"product_cat-neutro","23":"product_cat-pantalla","24":"product_cat-pequena","25":"product_cat-pleno-sol","26":"product_cat-primavera","27":"product_cat-rapido","28":"product_cat-semilla","29":"product_cat-seto","30":"product_cat-verano","31":"product_tag-blanco","32":"pa_pot-size-1-galon-6","33":"pa_pot-size-15-galones-17","34":"pa_pot-size-25-galones-21","35":"pa_pot-size-3-galones-10","36":"pa_pot-size-45-galones-28","37":"pa_pot-size-7-galones-14","40":"first","41":"instock","42":"taxable","43":"shipping-taxable","44":"purchasable","45":"product-type-variable"},"aioseo_notices":[],"_links":{"self":[{"href":"https:\/\/smartyplantsnursery.com\/es\/wp-json\/wp\/v2\/product\/45242","targetHints":{"allow":["GET"]}}],"collection":[{"href":"https:\/\/smartyplantsnursery.com\/es\/wp-json\/wp\/v2\/product"}],"about":[{"href":"https:\/\/smartyplantsnursery.com\/es\/wp-json\/wp\/v2\/types\/product"}],"replies":[{"embeddable":true,"href":"https:\/\/smartyplantsnursery.com\/es\/wp-json\/wp\/v2\/comments?post=45242"}],"wp:featuredmedia":[{"embeddable":true,"href":"https:\/\/smartyplantsnursery.com\/es\/wp-json\/wp\/v2\/media\/44189"}],"wp:attachment":[{"href":"https:\/\/smartyplantsnursery.com\/es\/wp-json\/wp\/v2\/media?parent=45242"}],"wp:term":[{"taxonomy":"product_brand","embeddable":true,"href":"https:\/\/smartyplantsnursery.com\/es\/wp-json\/wp\/v2\/product_brand?post=45242"},{"taxonomy":"product_cat","embeddable":true,"href":"https:\/\/smartyplantsnursery.com\/es\/wp-json\/wp\/v2\/product_cat?post=45242"},{"taxonomy":"product_tag","embeddable":true,"href":"https:\/\/smartyplantsnursery.com\/es\/wp-json\/wp\/v2\/product_tag?post=45242"}],"curies":[{"name":"wp","href":"https:\/\/api.w.org\/{rel}","templated":true}]}}