{"id":45252,"date":"2023-04-25T00:46:05","date_gmt":"2023-04-25T00:46:05","guid":{"rendered":"https:\/\/smartyplantsnursery.com\/product\/yaca-artocarpus-heterophyllus\/"},"modified":"2025-12-31T14:51:02","modified_gmt":"2025-12-31T14:51:02","slug":"yaca-artocarpus-heterophyllus","status":"publish","type":"product","link":"https:\/\/smartyplantsnursery.com\/es\/product\/yaca-artocarpus-heterophyllus\/","title":{"rendered":"Yaca &#8211; artocarpus heterophyllus"},"content":{"rendered":"<p class=\"\"><b class=\"\">Usos generales en el paisaje:<\/b> \u00c1rbol de sombra, jardiner\u00eda comestible, huerto, atracci\u00f3n de vida silvestre y creaci\u00f3n de h\u00e1bitat<\/p>\n<p class=\"\"><b class=\"\">Notas sobre la restauraci\u00f3n ecol\u00f3gica:<\/b> Secuestro de carbono, conservaci\u00f3n del suelo<\/p>\n<p class=\"\"><b class=\"\">Descripci\u00f3n:<\/b> La yaca es la fruta m\u00e1s grande que crece en un \u00e1rbol. Una fruta suele pesar entre 4,5 y 13,6 kg. Se puede cocinar la yaca de muchas maneras diferentes. La fruta madura sabe a una combinaci\u00f3n de mango, pl\u00e1tano, pi\u00f1a y mel\u00f3n cantalupo.   <\/p>\n<p class=\"\"><b class=\"\">Dimensiones:<\/b> Altura: 7,6 m.<\/p>\n<p class=\"\"><b class=\"\">Tasa de crecimiento:<\/b> De moderada a r\u00e1pida<\/p>\n<p class=\"\"><b class=\"\">Distribuci\u00f3n nativa:<\/b> Sur y sudeste de Asia<\/p>\n<p class=\"\"><b class=\"\">H\u00e1bitats nativos:<\/b> Selvas tropicales y subtropicales, zonas ribere\u00f1as y bosques de tierras bajas<\/p>\n<p class=\"\"><b class=\"\">Suelos:<\/b> Bien drenados, profundos, francos o arenosos, ligeramente \u00e1cidos a neutros (pH 6 &#8211; 7,5)<\/p>\n<p class=\"\"><b class=\"\">Requisitos nutricionales:<\/b> moderados<\/p>\n<p class=\"\"><b class=\"\">Tolerancia al agua salada:<\/b> baja<\/p>\n<p class=\"\"><b class=\"\">Tolerancia al viento salado:<\/b> baja<\/p>\n<p class=\"\"><b class=\"\">Tolerancia a la sequ\u00eda:<\/b> moderada<\/p>\n<p class=\"\"><b class=\"\">Requisitos de luz:<\/b> pleno sol<\/p>\n<p class=\"\"><b class=\"\">Color de la flor:<\/b> Verde p\u00e1lido a amarillento<\/p>\n<p class=\"\"><b class=\"\">Caracter\u00edsticas de la flor:<\/b> Monoica (flores masculinas y femeninas separadas en el mismo \u00e1rbol)<\/p>\n<p class=\"\"><b class=\"\">Temporada de floraci\u00f3n:<\/b> Todo el a\u00f1o<\/p>\n<p class=\"\"><b class=\"\">Fruto:<\/b> Oblongo o redondo, verde cuando est\u00e1 inmaduro y se vuelve amarillo o marr\u00f3n cuando est\u00e1 maduro<\/p>\n<p class=\"\"><b class=\"\">Vida silvestre y ecolog\u00eda:<\/b> Fuente de alimento, proveedor de h\u00e1bitat<\/p>\n<p class=\"\"><b class=\"\">Notas de horticultura:<\/b> Cultivado a partir de semillas, injertos, acodos a\u00e9reos, esquejes<\/p>\n<p class=\"\"><b class=\"\">Comentarios:<\/b><\/p>\n","protected":false},"excerpt":{"rendered":"<p><img decoding=\"async\" class=\"alignnone size-medium wp-image-31863\" src=\"https:\/\/smartyplantsnursery.com\/wp-content\/uploads\/2023\/04\/Screen-Shot-2023-04-22-at-11.28.02-PM-300x134.png\" alt=\"\" width=\"300\" height=\"134\"><\/p>\n<div class=\"container\">\n<div class=\"table-container\">\n<table>\n<thead>\n<tr>\n<th>Tama\u00f1o de la maceta<\/th>\n<th>Altura media plantada (desde la tierra hasta la parte superior de la planta)<\/th>\n<\/tr>\n<\/thead>\n<tbody>\n<tr>\n<td>3 galones\/10&#8243;<\/td>\n<td>1 &#8211; 2 pies<\/td>\n<\/tr>\n<tr>\n<td>7 galones\/14&#8243;<\/td>\n<td>2 &#8211; 4 pies<\/td>\n<\/tr>\n<tr>\n<td>15 galones\/17&#8243;<\/td>\n<td>4 &#8211; 6 pies<\/td>\n<\/tr>\n<tr>\n<td>25 galones\/21&#8243;<\/td>\n<td>6 &#8211; 8 pies<\/td>\n<\/tr>\n<\/tbody>\n<\/table>\n<\/div>\n<\/div>\n","protected":false},"featured_media":43918,"comment_status":"open","ping_status":"closed","template":"","meta":[],"product_brand":[],"product_cat":[343,336,344,371,359,312,311,310,353,315,302,369,379,355,313,309,326,345,308,335,323,322,330,307],"product_tag":[319,327],"class_list":{"0":"post-45252","1":"product","2":"type-product","3":"status-publish","4":"has-post-thumbnail","6":"product_cat-acido","7":"product_cat-acodo-aereo","8":"product_cat-arbol","9":"product_cat-arbol-de-sombra","10":"product_cat-arena","11":"product_cat-baja-es","12":"product_cat-baja","13":"product_cat-bien-drenado","14":"product_cat-comestible","15":"product_cat-esquejes","16":"product_cat-exotica","17":"product_cat-franco","18":"product_cat-injerto","19":"product_cat-invierno","20":"product_cat-moderada-es","21":"product_cat-moderada","22":"product_cat-moderada-es-2","23":"product_cat-neutro","24":"product_cat-otono","25":"product_cat-pleno-sol","26":"product_cat-primavera","27":"product_cat-rapido","28":"product_cat-semilla","29":"product_cat-verano","30":"product_tag-amarillo","31":"product_tag-verde","32":"pa_pot-size-1-galon-6","33":"pa_pot-size-15-galones-17","34":"pa_pot-size-25-galones-21","35":"pa_pot-size-3-galones-10","36":"pa_pot-size-7-galones-14","39":"first","40":"instock","41":"taxable","42":"shipping-taxable","43":"purchasable","44":"product-type-variable"},"aioseo_notices":[],"_links":{"self":[{"href":"https:\/\/smartyplantsnursery.com\/es\/wp-json\/wp\/v2\/product\/45252","targetHints":{"allow":["GET"]}}],"collection":[{"href":"https:\/\/smartyplantsnursery.com\/es\/wp-json\/wp\/v2\/product"}],"about":[{"href":"https:\/\/smartyplantsnursery.com\/es\/wp-json\/wp\/v2\/types\/product"}],"replies":[{"embeddable":true,"href":"https:\/\/smartyplantsnursery.com\/es\/wp-json\/wp\/v2\/comments?post=45252"}],"wp:featuredmedia":[{"embeddable":true,"href":"https:\/\/smartyplantsnursery.com\/es\/wp-json\/wp\/v2\/media\/43918"}],"wp:attachment":[{"href":"https:\/\/smartyplantsnursery.com\/es\/wp-json\/wp\/v2\/media?parent=45252"}],"wp:term":[{"taxonomy":"product_brand","embeddable":true,"href":"https:\/\/smartyplantsnursery.com\/es\/wp-json\/wp\/v2\/product_brand?post=45252"},{"taxonomy":"product_cat","embeddable":true,"href":"https:\/\/smartyplantsnursery.com\/es\/wp-json\/wp\/v2\/product_cat?post=45252"},{"taxonomy":"product_tag","embeddable":true,"href":"https:\/\/smartyplantsnursery.com\/es\/wp-json\/wp\/v2\/product_tag?post=45252"}],"curies":[{"name":"wp","href":"https:\/\/api.w.org\/{rel}","templated":true}]}}