{"id":45257,"date":"2023-04-25T00:12:57","date_gmt":"2023-04-25T00:12:57","guid":{"rendered":"https:\/\/smartyplantsnursery.com\/product\/yaupon-holly-ilex-vomitoria-stokes-dwarf-ilex-vomitoria-schillings\/"},"modified":"2026-03-07T14:50:41","modified_gmt":"2026-03-07T14:50:41","slug":"yaupon-holly-ilex-vomitoria-stokes-dwarf-ilex-vomitoria-schillings","status":"publish","type":"product","link":"https:\/\/smartyplantsnursery.com\/es\/product\/yaupon-holly-ilex-vomitoria-stokes-dwarf-ilex-vomitoria-schillings\/","title":{"rendered":"Yaupon Holly, ilex vomitoria \u201cstokes dwarf\u201d &#8211; ilex vomitoria \u201cschillings\u201d"},"content":{"rendered":"<p class=\"\"><b class=\"\">Usos generales en el paisajismo:<\/b> setos bajos o bordes, plantaciones de cimentaci\u00f3n, plantaciones masivas, macizos formales, paisajismo costero, jardines de vida silvestre, xerojardiner\u00eda<\/p>\n<p class=\"\"><b class=\"\">Notas sobre la restauraci\u00f3n ecol\u00f3gica:<\/b> restauraci\u00f3n costera, de tierras altas y de matorrales<\/p>\n<p class=\"\"><b class=\"\">Descripci\u00f3n:<\/b> Una gran elecci\u00f3n para un seto peque\u00f1o o una planta de borde. Mantienen una forma redondeada que da la impresi\u00f3n de estar moldeada profesionalmente, pero se pueden recortar en cualquier forma. Es una planta tolerante a la sequ\u00eda.  <\/p>\n<p class=\"\"><b class=\"\">Dimensiones:<\/b> Altura 3 &#8211; 5 pies; Extensi\u00f3n 4 &#8211; 6 pies.<\/p>\n<p class=\"\"><b class=\"\">Tasa de crecimiento:<\/b> Lento a moderado<\/p>\n<p class=\"\"><b class=\"\">Distribuci\u00f3n nativa:<\/b> sureste de Estados Unidos<\/p>\n<p class=\"\"><b class=\"\">H\u00e1bitats nativos:<\/b> Llanuras costeras, pinares llanos<\/p>\n<p class=\"\"><b class=\"\">Suelos:<\/b> Arenosos, bien drenados a moderadamente h\u00famedos; tolera condiciones \u00e1cidas<\/p>\n<p class=\"\"><b class=\"\">Requisitos nutricionales:<\/b> De bajos a moderados<\/p>\n<p class=\"\"><b class=\"\">Tolerancia al agua salada:<\/b> moderada<\/p>\n<p class=\"\"><b class=\"\">Tolerancia al viento salino:<\/b> De moderada a alta<\/p>\n<p class=\"\"><b class=\"\">Tolerancia a la sequ\u00eda:<\/b> moderada<\/p>\n<p class=\"\"><b class=\"\">Requisitos de luz:<\/b> pleno sol a sol parcial<\/p>\n<p class=\"\"><b class=\"\">Color de la flor:<\/b> Blanco &#8211; verde<\/p>\n<p class=\"\"><b class=\"\">Caracter\u00edsticas de la flor:<\/b> Peque\u00f1a, discreta, solo masculina<\/p>\n<p class=\"\"><b class=\"\">Temporada de floraci\u00f3n:<\/b> Primavera<\/p>\n<p class=\"\"><b class=\"\">Fruto:<\/b> n\/a<\/p>\n<p class=\"\"><b class=\"\">Vida silvestre y ecolog\u00eda:<\/b> Proporciona refugio para peque\u00f1as aves e insectos<\/p>\n<p class=\"\"><b class=\"\">Notas de horticultura:<\/b> Se cultiva a partir de esquejes<\/p>\n<p class=\"\"><b class=\"\">Comentarios:<\/b><\/p>\n<p>&nbsp;<\/p>\n","protected":false},"excerpt":{"rendered":"<p><img decoding=\"async\" class=\"alignnone size-medium wp-image-31863\" src=\"https:\/\/smartyplantsnursery.com\/wp-content\/uploads\/2023\/04\/Screen-Shot-2023-04-22-at-11.28.02-PM-300x134.png\" alt=\"\" width=\"300\" height=\"134\"><\/p>\n<div class=\"container\">\n<div class=\"table-container\">\n<table>\n<thead>\n<tr>\n<th>Tama\u00f1o de la maceta<\/th>\n<th>Altura media plantada (desde la tierra hasta la parte superior de la planta)<\/th>\n<\/tr>\n<\/thead>\n<tbody>\n<tr>\n<td>3 galones\/10&#8243;<\/td>\n<td>0 &#8211; 1 pie<\/td>\n<\/tr>\n<tr>\n<td>7 galones\/35 cm<\/td>\n<td>30 &#8211; 60 cm<\/td>\n<\/tr>\n<tr>\n<td>15 galones\/17&#8243;<\/td>\n<td>2 &#8211; 3 pies<\/td>\n<\/tr>\n<\/tbody>\n<\/table>\n<\/div>\n<\/div>\n","protected":false},"featured_media":44136,"comment_status":"open","ping_status":"closed","template":"","meta":[],"product_brand":[],"product_cat":[362,304,359,357,310,375,384,315,302,365,306,309,313,361,326,360,316,335,323,332,303,342],"product_tag":[318,327],"class_list":{"0":"post-45257","1":"product","2":"type-product","3":"status-publish","4":"has-post-thumbnail","6":"product_cat-alta-es-2","7":"product_cat-arbusto","8":"product_cat-arena","9":"product_cat-baja-es-3","10":"product_cat-bien-drenado","11":"product_cat-borde","12":"product_cat-costero","13":"product_cat-esquejes","14":"product_cat-exotica","15":"product_cat-inconspicuo","16":"product_cat-lenta","17":"product_cat-moderada","18":"product_cat-moderada-es","19":"product_cat-moderada-es-4","20":"product_cat-moderada-es-2","21":"product_cat-moderada-es-3","22":"product_cat-pequena","23":"product_cat-pleno-sol","24":"product_cat-primavera","25":"product_cat-seto","26":"product_cat-sol-parcial","27":"product_cat-xerojardin","28":"product_tag-blanco","29":"product_tag-verde","30":"pa_pot-size-1-galon-6","31":"pa_pot-size-15-galones-17","32":"pa_pot-size-3-galones-10","33":"pa_pot-size-7-galones-14","36":"first","37":"instock","38":"taxable","39":"shipping-taxable","40":"purchasable","41":"product-type-variable"},"aioseo_notices":[],"_links":{"self":[{"href":"https:\/\/smartyplantsnursery.com\/es\/wp-json\/wp\/v2\/product\/45257","targetHints":{"allow":["GET"]}}],"collection":[{"href":"https:\/\/smartyplantsnursery.com\/es\/wp-json\/wp\/v2\/product"}],"about":[{"href":"https:\/\/smartyplantsnursery.com\/es\/wp-json\/wp\/v2\/types\/product"}],"replies":[{"embeddable":true,"href":"https:\/\/smartyplantsnursery.com\/es\/wp-json\/wp\/v2\/comments?post=45257"}],"wp:featuredmedia":[{"embeddable":true,"href":"https:\/\/smartyplantsnursery.com\/es\/wp-json\/wp\/v2\/media\/44136"}],"wp:attachment":[{"href":"https:\/\/smartyplantsnursery.com\/es\/wp-json\/wp\/v2\/media?parent=45257"}],"wp:term":[{"taxonomy":"product_brand","embeddable":true,"href":"https:\/\/smartyplantsnursery.com\/es\/wp-json\/wp\/v2\/product_brand?post=45257"},{"taxonomy":"product_cat","embeddable":true,"href":"https:\/\/smartyplantsnursery.com\/es\/wp-json\/wp\/v2\/product_cat?post=45257"},{"taxonomy":"product_tag","embeddable":true,"href":"https:\/\/smartyplantsnursery.com\/es\/wp-json\/wp\/v2\/product_tag?post=45257"}],"curies":[{"name":"wp","href":"https:\/\/api.w.org\/{rel}","templated":true}]}}