{"id":45271,"date":"2023-04-24T21:24:38","date_gmt":"2023-04-24T21:24:38","guid":{"rendered":"https:\/\/smartyplantsnursery.com\/product\/cola-de-caballo-equisetum-hyemale\/"},"modified":"2025-12-30T17:06:13","modified_gmt":"2025-12-30T17:06:13","slug":"cola-de-caballo-equisetum-hyemale","status":"publish","type":"product","link":"https:\/\/smartyplantsnursery.com\/es\/product\/cola-de-caballo-equisetum-hyemale\/","title":{"rendered":"Cola de caballo &#8211; equisetum hyemale"},"content":{"rendered":"<p class=\"\"><b class=\"\">Usos generales en el paisajismo:<\/b> Jardines acu\u00e1ticos, estanques, dise\u00f1os de jardines modernos<\/p>\n<p class=\"\"><b class=\"\">Notas sobre restauraci\u00f3n ecol\u00f3gica:<\/b> Estabilizaci\u00f3n del suelo y control de la erosi\u00f3n, restauraci\u00f3n de humedales y riberas, mejora de la calidad del agua, h\u00e1bitat de vida silvestre<\/p>\n<p class=\"\"><b class=\"\">Descripci\u00f3n:<\/b> Una planta multiusos, ya que se puede utilizar para su paisaje o jard\u00edn, puede crecer en lugares h\u00famedos o \u00e1reas con muy mal drenaje y se sabe que se ha utilizado en t\u00e9 para una mir\u00edada de condiciones m\u00e9dicas (consulte a su m\u00e9dico antes de usarla). Su aspecto delgado similar al bamb\u00fa definitivamente le dar\u00e1 a su paisaje un aspecto moderno y limpio. <\/p>\n<p class=\"\"><b class=\"\">Dimensiones:<\/b> Altura 3 pies.<\/p>\n<p class=\"\"><b class=\"\">Tasa de crecimiento:<\/b> De moderada a r\u00e1pida<\/p>\n<p class=\"\"><b class=\"\">Distribuci\u00f3n nativa:<\/b> Am\u00e9rica del Norte, Europa, Asia<\/p>\n<p class=\"\"><b class=\"\">H\u00e1bitats nativos:<\/b> Humedales y marismas, zonas ribere\u00f1as, bordes de lagos y estanques, bosques y zonas boscosas h\u00famedas<\/p>\n<p class=\"\"><b class=\"\">Suelos:<\/b> De h\u00famedos a mojados<\/p>\n<p class=\"\"><b class=\"\">Requisitos nutricionales:<\/b> moderados<\/p>\n<p class=\"\"><b class=\"\">Tolerancia al agua salada:<\/b> De baja a moderada<\/p>\n<p class=\"\"><b class=\"\">Tolerancia al viento salado:<\/b> De baja a moderada<\/p>\n<p class=\"\"><b class=\"\">Tolerancia a la sequ\u00eda:<\/b> baja<\/p>\n<p class=\"\"><b class=\"\">Requisitos de luz:<\/b> pleno sol a sombra<\/p>\n<p class=\"\"><b class=\"\">Color de la flor:<\/b> n\/a<\/p>\n<p class=\"\"><b class=\"\">Caracter\u00edsticas de la flor:<\/b> n\/a<\/p>\n<p class=\"\"><b class=\"\">Temporada de floraci\u00f3n:<\/b> n\/a<\/p>\n<p class=\"\"><b class=\"\">Fruto:<\/b> n\/a<\/p>\n<p class=\"\"><b class=\"\">Vida silvestre y ecolog\u00eda:<\/b> H\u00e1bitat para animales peque\u00f1os, material para nidos<\/p>\n<p class=\"\"><b class=\"\">Notas de horticultura:<\/b> Se propaga por divisi\u00f3n de rizomas, esporas<\/p>\n<p class=\"\"><b class=\"\">Comentarios:<\/b><\/p>\n<p>&nbsp;<\/p>\n<div class=\"chkout-product-info-lbl\"><\/div>\n","protected":false},"excerpt":{"rendered":"<p><img decoding=\"async\" class=\"alignnone size-medium wp-image-31863\" src=\"https:\/\/smartyplantsnursery.com\/wp-content\/uploads\/2023\/04\/Screen-Shot-2023-04-22-at-11.28.02-PM-300x134.png\" alt=\"\" width=\"300\" height=\"134\"><\/p>\n<div class=\"container\">\n<div class=\"table-container\">\n<table>\n<thead>\n<tr>\n<th>Tama\u00f1o de la maceta<\/th>\n<th>Altura media plantada (desde la tierra hasta la parte superior de la planta)<\/th>\n<\/tr>\n<\/thead>\n<tbody>\n<tr>\n<td>1 gal\u00f3n\/6&#8243;<\/td>\n<td>0 &#8211; 1 ft.<\/td>\n<\/tr>\n<tr>\n<td>3 galones\/10&#8243;<\/td>\n<td>1 &#8211; 2 pies<\/td>\n<\/tr>\n<\/tbody>\n<\/table>\n<\/div>\n<p>&nbsp;<\/p>\n<\/div>\n","protected":false},"featured_media":44106,"comment_status":"open","ping_status":"closed","template":"","meta":[],"product_brand":[],"product_cat":[311,312,329,331,390,302,387,354,361,309,360,326,335,322,303,349],"product_tag":[],"class_list":{"0":"post-45271","1":"product","2":"type-product","3":"status-publish","4":"has-post-thumbnail","6":"product_cat-baja","7":"product_cat-baja-es","8":"product_cat-baja-es-2","9":"product_cat-division-es","10":"product_cat-espora","11":"product_cat-exotica","12":"product_cat-hierba-es","13":"product_cat-mal-drenado","14":"product_cat-moderada-es-4","15":"product_cat-moderada","16":"product_cat-moderada-es-3","17":"product_cat-moderada-es-2","18":"product_cat-pleno-sol","19":"product_cat-rapido","20":"product_cat-sol-parcial","21":"product_cat-sombra","22":"pa_pot-size-1-galon-6","23":"pa_pot-size-3-galones-10","26":"first","27":"instock","28":"taxable","29":"shipping-taxable","30":"purchasable","31":"product-type-variable"},"aioseo_notices":[],"_links":{"self":[{"href":"https:\/\/smartyplantsnursery.com\/es\/wp-json\/wp\/v2\/product\/45271","targetHints":{"allow":["GET"]}}],"collection":[{"href":"https:\/\/smartyplantsnursery.com\/es\/wp-json\/wp\/v2\/product"}],"about":[{"href":"https:\/\/smartyplantsnursery.com\/es\/wp-json\/wp\/v2\/types\/product"}],"replies":[{"embeddable":true,"href":"https:\/\/smartyplantsnursery.com\/es\/wp-json\/wp\/v2\/comments?post=45271"}],"wp:featuredmedia":[{"embeddable":true,"href":"https:\/\/smartyplantsnursery.com\/es\/wp-json\/wp\/v2\/media\/44106"}],"wp:attachment":[{"href":"https:\/\/smartyplantsnursery.com\/es\/wp-json\/wp\/v2\/media?parent=45271"}],"wp:term":[{"taxonomy":"product_brand","embeddable":true,"href":"https:\/\/smartyplantsnursery.com\/es\/wp-json\/wp\/v2\/product_brand?post=45271"},{"taxonomy":"product_cat","embeddable":true,"href":"https:\/\/smartyplantsnursery.com\/es\/wp-json\/wp\/v2\/product_cat?post=45271"},{"taxonomy":"product_tag","embeddable":true,"href":"https:\/\/smartyplantsnursery.com\/es\/wp-json\/wp\/v2\/product_tag?post=45271"}],"curies":[{"name":"wp","href":"https:\/\/api.w.org\/{rel}","templated":true}]}}