{"id":45274,"date":"2023-04-24T18:19:21","date_gmt":"2023-04-24T18:19:21","guid":{"rendered":"https:\/\/smartyplantsnursery.com\/product\/monticulo-dorado-duranta-erecta-monticulo-dorado\/"},"modified":"2025-12-19T20:00:48","modified_gmt":"2025-12-19T20:00:48","slug":"monticulo-dorado-duranta-erecta-monticulo-dorado","status":"publish","type":"product","link":"https:\/\/smartyplantsnursery.com\/es\/product\/monticulo-dorado-duranta-erecta-monticulo-dorado\/","title":{"rendered":"Mont\u00edculo Dorado &#8211; duranta erecta \u201cMont\u00edculo Dorado\u201d"},"content":{"rendered":"<p class=\"\"><b class=\"\">Usos generales en el paisaje:<\/b> seto, borde, plantaci\u00f3n de acento<\/p>\n<p class=\"\"><b class=\"\">Notas sobre la restauraci\u00f3n ecol\u00f3gica:<\/b> estabilizaci\u00f3n del suelo, apoyo a los polinizadores, reforestaci\u00f3n ornamental<\/p>\n<p class=\"\"><b class=\"\">Descripci\u00f3n:<\/b> Gold Mound es una planta popular que generalmente se mantiene peque\u00f1a y se recorta en un mini seto. Su color dorado se mantiene durante todo el a\u00f1o, pero tiende a volverse m\u00e1s verde con menos exposici\u00f3n al sol. <\/p>\n<p class=\"\"><b class=\"\">Dimensiones:<\/b> Altura 3 pies.<\/p>\n<p class=\"\"><b class=\"\">Tasa de crecimiento:<\/b> r\u00e1pida<\/p>\n<p class=\"\"><b class=\"\">Distribuci\u00f3n nativa:<\/b> Am\u00e9rica del Norte, Am\u00e9rica Central, Caribe, Am\u00e9rica del Sur<\/p>\n<p class=\"\"><b class=\"\">H\u00e1bitats nativos:<\/b> bordes de bosques tropicales y subtropicales, matorrales costeros y sabanas<\/p>\n<p class=\"\"><b class=\"\">Suelos:<\/b> Bien drenados, f\u00e9rtiles, pH ligeramente \u00e1cido a ligeramente alcalino (5,5 &#8211; 7,5)<\/p>\n<p class=\"\"><b class=\"\">Requisitos nutricionales:<\/b> moderados<\/p>\n<p class=\"\"><b class=\"\">Tolerancia al agua salada:<\/b> moderada<\/p>\n<p class=\"\"><b class=\"\">Tolerancia al viento salado:<\/b> moderada<\/p>\n<p class=\"\"><b class=\"\">Tolerancia a la sequ\u00eda:<\/b> moderada<\/p>\n<p class=\"\"><b class=\"\">Requisitos de luz:<\/b> pleno sol<\/p>\n<p class=\"\"><b class=\"\">Color de la flor:<\/b> azul claro, lavanda<\/p>\n<p class=\"\"><b class=\"\">Caracter\u00edsticas de la flor:<\/b> peque\u00f1a<\/p>\n<p class=\"\"><b class=\"\">Temporada de floraci\u00f3n:<\/b> primavera, verano, principios de oto\u00f1o<\/p>\n<p class=\"\"><b class=\"\">Fruta:<\/b> bayas de color amarillo anaranjado<\/p>\n<p class=\"\"><b class=\"\">Vida silvestre y ecolog\u00eda:<\/b> atracci\u00f3n de polinizadores, bayas comidas por aves y peque\u00f1os mam\u00edferos, refugio para la vida silvestre<\/p>\n<p class=\"\"><b class=\"\">Notas de horticultura:<\/b> Cultivado a partir de esquejes, semillas<\/p>\n<p class=\"\"><b class=\"\">Comentarios:<\/b><\/p>\n","protected":false},"excerpt":{"rendered":"<p><img decoding=\"async\" class=\"alignnone size-medium wp-image-31863\" src=\"https:\/\/smartyplantsnursery.com\/wp-content\/uploads\/2023\/04\/Screen-Shot-2023-04-22-at-11.28.02-PM-300x134.png\" alt=\"\" width=\"300\" height=\"134\"><\/p>\n<div class=\"container\">\n<div class=\"table-container\">\n<table>\n<thead>\n<tr>\n<th>Tama\u00f1o de la maceta<\/th>\n<th>Altura media plantada (desde la tierra hasta la parte superior de la planta)<\/th>\n<\/tr>\n<\/thead>\n<tbody>\n<tr>\n<td>3 galones\/10&#8243;<\/td>\n<td>15 cm &#8211; 45 cm<\/td>\n<\/tr>\n<tr>\n<td>7 galones\/14&#8243;<\/td>\n<td>0,45 &#8211; 0,6 m<\/td>\n<\/tr>\n<\/tbody>\n<\/table>\n<\/div>\n<\/div>\n","protected":false},"featured_media":50627,"comment_status":"open","ping_status":"closed","template":"","meta":[],"product_brand":[],"product_cat":[343,380,304,310,375,315,302,309,313,361,360,308,316,334,335,323,322,330,332,307],"product_tag":[385,337],"class_list":{"0":"post-45274","1":"product","2":"type-product","3":"status-publish","4":"has-post-thumbnail","6":"product_cat-acido","7":"product_cat-alcalino","8":"product_cat-arbusto","9":"product_cat-bien-drenado","10":"product_cat-borde","11":"product_cat-esquejes","12":"product_cat-exotica","13":"product_cat-moderada","14":"product_cat-moderada-es","15":"product_cat-moderada-es-4","16":"product_cat-moderada-es-3","17":"product_cat-otono","18":"product_cat-pequena","19":"product_cat-planta-de-acento","20":"product_cat-pleno-sol","21":"product_cat-primavera","22":"product_cat-rapido","23":"product_cat-semilla","24":"product_cat-seto","25":"product_cat-verano","26":"product_tag-azul","27":"product_tag-lavanda","28":"pa_pot-size-1-galon-6","29":"pa_pot-size-3-galones-10","30":"pa_pot-size-7-galones-14","33":"first","34":"instock","35":"featured","36":"taxable","37":"shipping-taxable","38":"purchasable","39":"product-type-variable"},"aioseo_notices":[],"_links":{"self":[{"href":"https:\/\/smartyplantsnursery.com\/es\/wp-json\/wp\/v2\/product\/45274","targetHints":{"allow":["GET"]}}],"collection":[{"href":"https:\/\/smartyplantsnursery.com\/es\/wp-json\/wp\/v2\/product"}],"about":[{"href":"https:\/\/smartyplantsnursery.com\/es\/wp-json\/wp\/v2\/types\/product"}],"replies":[{"embeddable":true,"href":"https:\/\/smartyplantsnursery.com\/es\/wp-json\/wp\/v2\/comments?post=45274"}],"wp:featuredmedia":[{"embeddable":true,"href":"https:\/\/smartyplantsnursery.com\/es\/wp-json\/wp\/v2\/media\/50627"}],"wp:attachment":[{"href":"https:\/\/smartyplantsnursery.com\/es\/wp-json\/wp\/v2\/media?parent=45274"}],"wp:term":[{"taxonomy":"product_brand","embeddable":true,"href":"https:\/\/smartyplantsnursery.com\/es\/wp-json\/wp\/v2\/product_brand?post=45274"},{"taxonomy":"product_cat","embeddable":true,"href":"https:\/\/smartyplantsnursery.com\/es\/wp-json\/wp\/v2\/product_cat?post=45274"},{"taxonomy":"product_tag","embeddable":true,"href":"https:\/\/smartyplantsnursery.com\/es\/wp-json\/wp\/v2\/product_tag?post=45274"}],"curies":[{"name":"wp","href":"https:\/\/api.w.org\/{rel}","templated":true}]}}