{"id":45278,"date":"2023-04-24T21:13:57","date_gmt":"2023-04-24T21:13:57","guid":{"rendered":"https:\/\/smartyplantsnursery.com\/product\/heliconia-rostrata-pinza-de-langosta\/"},"modified":"2026-01-08T17:17:47","modified_gmt":"2026-01-08T17:17:47","slug":"heliconia-rostrata-pinza-de-langosta","status":"publish","type":"product","link":"https:\/\/smartyplantsnursery.com\/es\/product\/heliconia-rostrata-pinza-de-langosta\/","title":{"rendered":"Heliconia rostrata (pinza de langosta)"},"content":{"rendered":"<p class=\"\"><b class=\"\">Usos generales en el paisajismo:<\/b> jardines tropicales y ex\u00f3ticos, jardines de polinizadores, plantaci\u00f3n de pantallas y privacidad, jardines acu\u00e1ticos y zonas ribere\u00f1as, jardiner\u00eda en contenedores<\/p>\n<p class=\"\"><b class=\"\">Notas sobre la restauraci\u00f3n ecol\u00f3gica:<\/b> atracci\u00f3n de polinizadores y apoyo a la biodiversidad, estabilizaci\u00f3n del suelo y control de la erosi\u00f3n, restauraci\u00f3n del h\u00e1bitat y refugio para la vida silvestre, mejora de la regeneraci\u00f3n forestal, secuestro de carbono<\/p>\n<p class=\"\"><b class=\"\">Descripci\u00f3n:<\/b> La Heliconia \u201cPinza de Langosta\u201d es una gran elecci\u00f3n para una zona de sombra. Produce flores ex\u00f3ticas y tropicales con una forma agradable. Florece en primavera y verano, y las flores son de color rojo y amarillo intensos.  <\/p>\n<p class=\"\"><b class=\"\">Dimensiones:<\/b> Altura 5 &#8211; 6 pies.<\/p>\n<p class=\"\"><b class=\"\">Tasa de crecimiento:<\/b> r\u00e1pida<\/p>\n<p class=\"\"><b class=\"\">Distribuci\u00f3n nativa:<\/b> Sudam\u00e9rica<\/p>\n<p class=\"\"><b class=\"\">H\u00e1bitats nativos:<\/b> selvas tropicales, tierras bajas h\u00famedas, riberas de r\u00edos<\/p>\n<p class=\"\"><b class=\"\">Suelos:<\/b> ricos, con buen drenaje, francos, ligeramente \u00e1cidos a neutros (pH 5,5 &#8211; 7)<\/p>\n<p class=\"\"><b class=\"\">Requisitos nutricionales:<\/b> moderados<\/p>\n<p class=\"\"><b class=\"\">Tolerancia al agua salada:<\/b> De baja a moderada<\/p>\n<p class=\"\"><b class=\"\">Tolerancia al viento salado:<\/b> De baja a moderada<\/p>\n<p class=\"\"><b class=\"\">Tolerancia a la sequ\u00eda:<\/b> moderada<\/p>\n<p class=\"\"><b class=\"\">Requisitos de luz:<\/b> Sombra<\/p>\n<p class=\"\"><b class=\"\">Color de la flor:<\/b> rojo y amarillo<\/p>\n<p class=\"\"><b class=\"\">Caracter\u00edsticas de la flor:<\/b> br\u00e1cteas colgantes en forma de colgante que se asemejan a pinzas de langosta<\/p>\n<p class=\"\"><b class=\"\">Temporada de floraci\u00f3n:<\/b> primavera y verano<\/p>\n<p class=\"\"><b class=\"\">Fruto:<\/b> peque\u00f1as bayas azules<\/p>\n<p class=\"\"><b class=\"\">Vida silvestre y ecolog\u00eda:<\/b> las flores atraen a colibr\u00edes y polinizadores<\/p>\n<p class=\"\"><b class=\"\">Notas de horticultura:<\/b> Se propaga por divisi\u00f3n de rizomas, semilla<\/p>\n<p class=\"\"><b class=\"\">Comentarios:<\/b><\/p>\n<p>&nbsp;<\/p>\n","protected":false},"excerpt":{"rendered":"<p><img decoding=\"async\" class=\"alignnone size-medium wp-image-31863\" src=\"https:\/\/smartyplantsnursery.com\/wp-content\/uploads\/2023\/04\/Screen-Shot-2023-04-22-at-11.28.02-PM-300x134.png\" alt=\"\" width=\"300\" height=\"134\"><\/p>\n<div class=\"container\">\n<div class=\"table-container\">\n<table>\n<thead>\n<tr>\n<th>Tama\u00f1o de la maceta<\/th>\n<th>Altura media plantada (desde la tierra hasta la parte superior de la planta)<\/th>\n<\/tr>\n<\/thead>\n<tbody>\n<tr>\n<td>7 galones\/14&#8243;<\/td>\n<td>2 &#8211; 4 pies<\/td>\n<\/tr>\n<tr>\n<td>15 galones\/17&#8243;<\/td>\n<td>4 &#8211; 6 pies<\/td>\n<\/tr>\n<\/tbody>\n<\/table>\n<\/div>\n<\/div>\n","protected":false},"featured_media":44358,"comment_status":"open","ping_status":"closed","template":"","meta":[],"product_brand":[],"product_cat":[343,304,312,311,310,317,331,302,369,309,313,361,360,345,378,358,323,322,330,349,307],"product_tag":[319,350],"class_list":{"0":"post-45278","1":"product","2":"type-product","3":"status-publish","4":"has-post-thumbnail","6":"product_cat-acido","7":"product_cat-arbusto","8":"product_cat-baja-es","9":"product_cat-baja","10":"product_cat-bien-drenado","11":"product_cat-contenedor","12":"product_cat-division-es","13":"product_cat-exotica","14":"product_cat-franco","15":"product_cat-moderada","16":"product_cat-moderada-es","17":"product_cat-moderada-es-4","18":"product_cat-moderada-es-3","19":"product_cat-neutro","20":"product_cat-pantalla","21":"product_cat-plantas-para-mariposas-plantas-para-polinizadores","22":"product_cat-primavera","23":"product_cat-rapido","24":"product_cat-semilla","25":"product_cat-sombra","26":"product_cat-verano","27":"product_tag-amarillo","28":"product_tag-rojo","29":"pa_pot-size-1-galon-6","30":"pa_pot-size-15-galones-17","31":"pa_pot-size-3-galones-10","32":"pa_pot-size-7-galones-14","35":"first","36":"instock","37":"taxable","38":"shipping-taxable","39":"purchasable","40":"product-type-variable"},"aioseo_notices":[],"_links":{"self":[{"href":"https:\/\/smartyplantsnursery.com\/es\/wp-json\/wp\/v2\/product\/45278","targetHints":{"allow":["GET"]}}],"collection":[{"href":"https:\/\/smartyplantsnursery.com\/es\/wp-json\/wp\/v2\/product"}],"about":[{"href":"https:\/\/smartyplantsnursery.com\/es\/wp-json\/wp\/v2\/types\/product"}],"replies":[{"embeddable":true,"href":"https:\/\/smartyplantsnursery.com\/es\/wp-json\/wp\/v2\/comments?post=45278"}],"wp:featuredmedia":[{"embeddable":true,"href":"https:\/\/smartyplantsnursery.com\/es\/wp-json\/wp\/v2\/media\/44358"}],"wp:attachment":[{"href":"https:\/\/smartyplantsnursery.com\/es\/wp-json\/wp\/v2\/media?parent=45278"}],"wp:term":[{"taxonomy":"product_brand","embeddable":true,"href":"https:\/\/smartyplantsnursery.com\/es\/wp-json\/wp\/v2\/product_brand?post=45278"},{"taxonomy":"product_cat","embeddable":true,"href":"https:\/\/smartyplantsnursery.com\/es\/wp-json\/wp\/v2\/product_cat?post=45278"},{"taxonomy":"product_tag","embeddable":true,"href":"https:\/\/smartyplantsnursery.com\/es\/wp-json\/wp\/v2\/product_tag?post=45278"}],"curies":[{"name":"wp","href":"https:\/\/api.w.org\/{rel}","templated":true}]}}