{"id":45283,"date":"2023-04-24T18:46:52","date_gmt":"2023-04-24T18:46:52","guid":{"rendered":"https:\/\/smartyplantsnursery.com\/product\/orquidea-terrestre-purpura-spathoglottis-plicata\/"},"modified":"2026-03-07T14:45:35","modified_gmt":"2026-03-07T14:45:35","slug":"orquidea-terrestre-purpura-spathoglottis-plicata","status":"publish","type":"product","link":"https:\/\/smartyplantsnursery.com\/es\/product\/orquidea-terrestre-purpura-spathoglottis-plicata\/","title":{"rendered":"Orqu\u00eddea terrestre p\u00farpura &#8211; spathoglottis plicata"},"content":{"rendered":"<p class=\"\"><b class=\"\">Usos generales en el paisaje: <\/b>Bordes tropicales y plantaciones masivas, macizos de orqu\u00eddeas, contenedores, jardines de mariposas<\/p>\n<p class=\"\"><b class=\"\">Notas sobre la restauraci\u00f3n ecol\u00f3gica: <\/b>Apoyo a los polinizadores, plantaci\u00f3n de amortiguaci\u00f3n de la biodiversidad<\/p>\n<p class=\"\"><b class=\"\">Descripci\u00f3n: <\/b>Las orqu\u00eddeas terrestres tienen hojas largas y verdes que llenar\u00e1n cualquier espacio de su paisaje. Son una gran elecci\u00f3n si desea flores en un lugar sombr\u00edo. <\/p>\n<p class=\"\"><b class=\"\">Dimensiones: <\/b>Altura 2 pies; Extensi\u00f3n 1 &#8211; 2 pies.<\/p>\n<p class=\"\"><b class=\"\">Tasa de crecimiento:<\/b> De moderada a r\u00e1pida<\/p>\n<p class=\"\"><b class=\"\">Distribuci\u00f3n nativa: <\/b>Asia tropical y el Pac\u00edfico<\/p>\n<p class=\"\"><b class=\"\">H\u00e1bitats nativos: <\/b>Bordes de bosques, bosques abiertos, riberas de arroyos y laderas h\u00famedas, \u00e1reas perturbadas<\/p>\n<p class=\"\"><b class=\"\">Suelos:<\/b> Rico, con buen drenaje<\/p>\n<p class=\"\"><b class=\"\">Requisitos nutricionales:<\/b> De moderados a altos<\/p>\n<p class=\"\"><b class=\"\">Tolerancia al agua salada:<\/b> baja<\/p>\n<p class=\"\"><b class=\"\">Tolerancia al viento salado:<\/b> baja<\/p>\n<p class=\"\"><b class=\"\">Tolerancia a la sequ\u00eda:<\/b> moderada<\/p>\n<p class=\"\"><b class=\"\">Requisitos de luz:<\/b> sol parcial a sombra<\/p>\n<p class=\"\"><b class=\"\">Color de la flor:<\/b> p\u00farpura<\/p>\n<p class=\"\"><b class=\"\">Caracter\u00edsticas de la flor: <\/b>Espigas de flores que se elevan por encima del follaje, forma de orqu\u00eddea<\/p>\n<p class=\"\"><b class=\"\">Temporada de floraci\u00f3n:<\/b> Todo el a\u00f1o<\/p>\n<p class=\"\"><b class=\"\">Fruto: <\/b>Una c\u00e1psula seca, verde cuando es inmadura, que se vuelve marr\u00f3n y seca a medida que madura<\/p>\n<p class=\"\"><b class=\"\">Vida silvestre y ecolog\u00eda:<\/b> Atrae a los polinizadores<\/p>\n<p class=\"\"><b class=\"\">Notas de horticultura:<\/b> Se propaga por divisi\u00f3n, semilla<\/p>\n<p class=\"\"><b class=\"\">Comentarios:<\/b><\/p>\n","protected":false},"excerpt":{"rendered":"<p><img decoding=\"async\" class=\"alignnone size-medium wp-image-31863\" src=\"https:\/\/smartyplantsnursery.com\/wp-content\/uploads\/2023\/04\/Screen-Shot-2023-04-22-at-11.28.02-PM-300x134.png\" alt=\"\" width=\"300\" height=\"134\"><\/p>\n<div class=\"container\">\n<div class=\"table-container\">\n<table>\n<thead>\n<tr>\n<th>Tama\u00f1o de la maceta<\/th>\n<th>Altura media plantada (desde la tierra hasta la parte superior de la planta)<\/th>\n<\/tr>\n<\/thead>\n<tbody>\n<tr>\n<td>1 gal\u00f3n\/6&#8243;<\/td>\n<td>0 &#8211; 1 ft.<\/td>\n<\/tr>\n<tr>\n<td>3 galones\/10&#8243;<\/td>\n<td>1 &#8211; 2 pies<\/td>\n<\/tr>\n<\/tbody>\n<\/table>\n<\/div>\n<\/div>\n","protected":false},"featured_media":48632,"comment_status":"open","ping_status":"closed","template":"","meta":[],"product_brand":[],"product_cat":[348,304,312,311,310,375,317,331,363,302,355,309,313,326,308,358,323,322,330,303,349,307],"product_tag":[338],"class_list":{"0":"post-45283","1":"product","2":"type-product","3":"status-publish","4":"has-post-thumbnail","6":"product_cat-alta-es","7":"product_cat-arbusto","8":"product_cat-baja-es","9":"product_cat-baja","10":"product_cat-bien-drenado","11":"product_cat-borde","12":"product_cat-contenedor","13":"product_cat-division-es","14":"product_cat-espiga","15":"product_cat-exotica","16":"product_cat-invierno","17":"product_cat-moderada","18":"product_cat-moderada-es","19":"product_cat-moderada-es-2","20":"product_cat-otono","21":"product_cat-plantas-para-mariposas-plantas-para-polinizadores","22":"product_cat-primavera","23":"product_cat-rapido","24":"product_cat-semilla","25":"product_cat-sol-parcial","26":"product_cat-sombra","27":"product_cat-verano","28":"product_tag-morado","29":"pa_pot-size-1-galon-6","30":"pa_pot-size-3-galones-10","31":"pa_pot-size-7-galones-14","34":"first","35":"instock","36":"taxable","37":"shipping-taxable","38":"purchasable","39":"product-type-variable"},"aioseo_notices":[],"_links":{"self":[{"href":"https:\/\/smartyplantsnursery.com\/es\/wp-json\/wp\/v2\/product\/45283","targetHints":{"allow":["GET"]}}],"collection":[{"href":"https:\/\/smartyplantsnursery.com\/es\/wp-json\/wp\/v2\/product"}],"about":[{"href":"https:\/\/smartyplantsnursery.com\/es\/wp-json\/wp\/v2\/types\/product"}],"replies":[{"embeddable":true,"href":"https:\/\/smartyplantsnursery.com\/es\/wp-json\/wp\/v2\/comments?post=45283"}],"wp:featuredmedia":[{"embeddable":true,"href":"https:\/\/smartyplantsnursery.com\/es\/wp-json\/wp\/v2\/media\/48632"}],"wp:attachment":[{"href":"https:\/\/smartyplantsnursery.com\/es\/wp-json\/wp\/v2\/media?parent=45283"}],"wp:term":[{"taxonomy":"product_brand","embeddable":true,"href":"https:\/\/smartyplantsnursery.com\/es\/wp-json\/wp\/v2\/product_brand?post=45283"},{"taxonomy":"product_cat","embeddable":true,"href":"https:\/\/smartyplantsnursery.com\/es\/wp-json\/wp\/v2\/product_cat?post=45283"},{"taxonomy":"product_tag","embeddable":true,"href":"https:\/\/smartyplantsnursery.com\/es\/wp-json\/wp\/v2\/product_tag?post=45283"}],"curies":[{"name":"wp","href":"https:\/\/api.w.org\/{rel}","templated":true}]}}