{"id":45290,"date":"2023-04-24T18:11:57","date_gmt":"2023-04-24T18:11:57","guid":{"rendered":"https:\/\/smartyplantsnursery.com\/product\/arbol-paraguas-schefflera-arboricola-gold-capella\/"},"modified":"2026-02-16T15:46:09","modified_gmt":"2026-02-16T15:46:09","slug":"arbol-paraguas-schefflera-arboricola-gold-capella","status":"publish","type":"product","link":"https:\/\/smartyplantsnursery.com\/es\/product\/arbol-paraguas-schefflera-arboricola-gold-capella\/","title":{"rendered":"\u00c1rbol paraguas &#8211; schefflera arboricola \u201cGold Capella\u201d"},"content":{"rendered":"<p class=\"\"><b class=\"\">Usos generales en el paisaje:<\/b> Arbusto de acento, planta de cimentaci\u00f3n, esp\u00e9cimen de contenedor, seto<\/p>\n<p class=\"\"><b class=\"\">Notas sobre la restauraci\u00f3n ecol\u00f3gica:<\/b> No recomendado<\/p>\n<p class=\"\"><b class=\"\">Descripci\u00f3n:<\/b> Gold Capella es un seto denso que se mantiene f\u00e1cilmente. Crece m\u00e1s que el Trinette con un poco m\u00e1s de verde en las hojas. <\/p>\n<p class=\"\"><b class=\"\">Dimensiones:<\/b> Altura 8 &#8211; 10 pies.<\/p>\n<p class=\"\"><b class=\"\">Tasa de crecimiento:<\/b> De moderada a r\u00e1pida<\/p>\n<p class=\"\"><b class=\"\">Distribuci\u00f3n nativa:<\/b> China<\/p>\n<p class=\"\"><b class=\"\">H\u00e1bitats nativos:<\/b> n\/a<\/p>\n<p class=\"\"><b class=\"\">Suelos:<\/b> Bien drenado, franco o arenoso, pH ligeramente \u00e1cido a neutro<\/p>\n<p class=\"\"><b class=\"\">Requisitos nutricionales:<\/b> De bajos a moderados<\/p>\n<p class=\"\"><b class=\"\">Tolerancia al agua salada:<\/b> baja<\/p>\n<p class=\"\"><b class=\"\">Tolerancia al viento salado:<\/b> moderada<\/p>\n<p class=\"\"><b class=\"\">Tolerancia a la sequ\u00eda:<\/b> De alta a moderada<\/p>\n<p class=\"\"><b class=\"\">Requisitos de luz:<\/b> pleno sol a sombra<\/p>\n<p class=\"\"><b class=\"\">Color de la flor:<\/b> Blanco-verde<\/p>\n<p class=\"\"><b class=\"\">Caracter\u00edsticas de la flor:<\/b> peque\u00f1a<\/p>\n<p class=\"\"><b class=\"\">Temporada de floraci\u00f3n:<\/b> Verano<\/p>\n<p class=\"\"><b class=\"\">Fruto:<\/b> Drupas peque\u00f1as, redondas, de color naranja a rojo<\/p>\n<p class=\"\"><b class=\"\">Vida silvestre y ecolog\u00eda:<\/b> Proporciona refugio menor para la vida silvestre o n\u00e9ctar durante la floraci\u00f3n<\/p>\n<p class=\"\"><b class=\"\">Notas de horticultura:<\/b> Se cultiva a partir de esquejes, rara vez de semillas debido a la variabilidad gen\u00e9tica<\/p>\n<p class=\"\"><b class=\"\">Comentarios:<\/b><\/p>\n<p>&nbsp;<\/p>\n<p>&nbsp;<\/p>\n","protected":false},"excerpt":{"rendered":"<p><img decoding=\"async\" class=\"alignnone size-medium wp-image-31863\" src=\"https:\/\/smartyplantsnursery.com\/wp-content\/uploads\/2023\/04\/Screen-Shot-2023-04-22-at-11.28.02-PM-300x134.png\" alt=\"\" width=\"300\" height=\"134\"><\/p>\n<div class=\"container\">\n<div class=\"table-container\">\n<table>\n<thead>\n<tr>\n<th>Tama\u00f1o de la maceta<\/th>\n<th>Altura media plantada (desde la tierra hasta la parte superior de la planta)<\/th>\n<\/tr>\n<\/thead>\n<tbody>\n<tr>\n<td>3 galones\/10&#8243;<\/td>\n<td>1 &#8211; 2 pies<\/td>\n<\/tr>\n<tr>\n<td>7 galones\/14&#8243;<\/td>\n<td>2 &#8211; 4 pies<\/td>\n<\/tr>\n<\/tbody>\n<\/table>\n<\/div>\n<\/div>\n","protected":false},"featured_media":48475,"comment_status":"open","ping_status":"closed","template":"","meta":[],"product_brand":[],"product_cat":[343,340,304,359,311,357,310,317,315,302,369,309,313,361,326,345,316,334,335,322,330,332,303,349,307],"product_tag":[318,327],"class_list":{"0":"post-45290","1":"product","2":"type-product","3":"status-publish","4":"has-post-thumbnail","6":"product_cat-acido","7":"product_cat-alta","8":"product_cat-arbusto","9":"product_cat-arena","10":"product_cat-baja","11":"product_cat-baja-es-3","12":"product_cat-bien-drenado","13":"product_cat-contenedor","14":"product_cat-esquejes","15":"product_cat-exotica","16":"product_cat-franco","17":"product_cat-moderada","18":"product_cat-moderada-es","19":"product_cat-moderada-es-4","20":"product_cat-moderada-es-2","21":"product_cat-neutro","22":"product_cat-pequena","23":"product_cat-planta-de-acento","24":"product_cat-pleno-sol","25":"product_cat-rapido","26":"product_cat-semilla","27":"product_cat-seto","28":"product_cat-sol-parcial","29":"product_cat-sombra","30":"product_cat-verano","31":"product_tag-blanco","32":"product_tag-verde","33":"pa_pot-size-1-galon-6","34":"pa_pot-size-3-galones-10","35":"pa_pot-size-7-galones-14","38":"first","39":"instock","40":"taxable","41":"shipping-taxable","42":"purchasable","43":"product-type-variable"},"aioseo_notices":[],"_links":{"self":[{"href":"https:\/\/smartyplantsnursery.com\/es\/wp-json\/wp\/v2\/product\/45290","targetHints":{"allow":["GET"]}}],"collection":[{"href":"https:\/\/smartyplantsnursery.com\/es\/wp-json\/wp\/v2\/product"}],"about":[{"href":"https:\/\/smartyplantsnursery.com\/es\/wp-json\/wp\/v2\/types\/product"}],"replies":[{"embeddable":true,"href":"https:\/\/smartyplantsnursery.com\/es\/wp-json\/wp\/v2\/comments?post=45290"}],"wp:featuredmedia":[{"embeddable":true,"href":"https:\/\/smartyplantsnursery.com\/es\/wp-json\/wp\/v2\/media\/48475"}],"wp:attachment":[{"href":"https:\/\/smartyplantsnursery.com\/es\/wp-json\/wp\/v2\/media?parent=45290"}],"wp:term":[{"taxonomy":"product_brand","embeddable":true,"href":"https:\/\/smartyplantsnursery.com\/es\/wp-json\/wp\/v2\/product_brand?post=45290"},{"taxonomy":"product_cat","embeddable":true,"href":"https:\/\/smartyplantsnursery.com\/es\/wp-json\/wp\/v2\/product_cat?post=45290"},{"taxonomy":"product_tag","embeddable":true,"href":"https:\/\/smartyplantsnursery.com\/es\/wp-json\/wp\/v2\/product_tag?post=45290"}],"curies":[{"name":"wp","href":"https:\/\/api.w.org\/{rel}","templated":true}]}}