{"id":45298,"date":"2023-04-24T18:03:42","date_gmt":"2023-04-24T18:03:42","guid":{"rendered":"https:\/\/smartyplantsnursery.com\/product\/jengibre-shell-variegado-alpinia-zerumbet-variegata\/"},"modified":"2026-03-07T14:00:38","modified_gmt":"2026-03-07T14:00:38","slug":"jengibre-shell-variegado-alpinia-zerumbet-variegata","status":"publish","type":"product","link":"https:\/\/smartyplantsnursery.com\/es\/product\/jengibre-shell-variegado-alpinia-zerumbet-variegata\/","title":{"rendered":"Jengibre Shell &#8211; variegado &#8211; alpinia zerumbet \u201cvariegata\u201d"},"content":{"rendered":"<p class=\"\"><b class=\"\">Usos generales en el paisaje:<\/b> jardines tropicales, planta de acento, seto, plantaci\u00f3n en contenedores<\/p>\n<p class=\"\"><b class=\"\">Notas sobre la restauraci\u00f3n ecol\u00f3gica:<\/b> No recomendado<\/p>\n<p class=\"\"><b class=\"\">Descripci\u00f3n:<\/b> Hojas de color amarillo brillante y verde que proporcionan una inmensa cantidad de color para el sol o la sombra. El jengibre Shell variegado puede llegar a ser bastante grande y llenar\u00eda cualquier espacio. <\/p>\n<p class=\"\"><b class=\"\">Dimensiones:<\/b> Altura 1,5 m; Extensi\u00f3n 1,2 &#8211; 1,8 m<\/p>\n<p class=\"\"><b class=\"\">Tasa de crecimiento:<\/b> De moderada a r\u00e1pida<\/p>\n<p class=\"\"><b class=\"\">Distribuci\u00f3n nativa:<\/b> Sudeste asi\u00e1tico y este de Asia<\/p>\n<p class=\"\"><b class=\"\">H\u00e1bitats nativos:<\/b> Bosques tropicales y subtropicales, riberas de arroyos y claros sombreados<\/p>\n<p class=\"\"><b class=\"\">Suelos:<\/b> Rico, con buen drenaje<\/p>\n<p class=\"\"><b class=\"\">Requisitos nutricionales:<\/b> De moderados a altos<\/p>\n<p class=\"\"><b class=\"\">Tolerancia al agua salada:<\/b> baja<\/p>\n<p class=\"\"><b class=\"\">Tolerancia al viento salado:<\/b> baja<\/p>\n<p class=\"\"><b class=\"\">Tolerancia a la sequ\u00eda:<\/b> moderada<\/p>\n<p class=\"\"><b class=\"\">Requisitos de luz:<\/b> pleno sol a sombra<\/p>\n<p class=\"\"><b class=\"\">Color de la flor:<\/b> Capullos rosas que se abren a flores blancas con centros amarillos y rojos<\/p>\n<p class=\"\"><b class=\"\">Caracter\u00edsticas de la flor:<\/b> Se asemejan a conchas marinas<\/p>\n<p class=\"\"><b class=\"\">Temporada de floraci\u00f3n:<\/b> Primavera a verano<\/p>\n<p class=\"\"><b class=\"\">Fruto:<\/b> C\u00e1psula peque\u00f1a y redonda que es verde y madura a marr\u00f3n o rojizo<\/p>\n<p class=\"\"><b class=\"\">Vida silvestre y ecolog\u00eda:<\/b> Atracci\u00f3n de polinizadores, el follaje proporciona cobertura para la peque\u00f1a fauna<\/p>\n<p class=\"\"><b class=\"\">Notas de horticultura:<\/b> Se propaga por divisi\u00f3n de rizomas<\/p>\n<p class=\"\"><b class=\"\">Comentarios:<\/b><\/p>\n","protected":false},"excerpt":{"rendered":"<p><img decoding=\"async\" class=\"alignnone size-medium wp-image-31863\" src=\"https:\/\/smartyplantsnursery.com\/wp-content\/uploads\/2023\/04\/Screen-Shot-2023-04-22-at-11.28.02-PM-300x134.png\" alt=\"\" width=\"300\" height=\"134\"><\/p>\n<div class=\"container\">\n<div class=\"table-container\">\n<table>\n<thead>\n<tr>\n<th>Tama\u00f1o de la maceta<\/th>\n<th>Altura media plantada (desde la tierra hasta la parte superior de la planta)<\/th>\n<\/tr>\n<\/thead>\n<tbody>\n<tr>\n<td>1 gal\u00f3n\/6&#8243;<\/td>\n<td>0 &#8211; 1 ft.<\/td>\n<\/tr>\n<tr>\n<td>3 galones\/10&#8243;<\/td>\n<td>1 &#8211; 2 pies<\/td>\n<\/tr>\n<tr>\n<td>7 galones\/14&#8243;<\/td>\n<td>0,6 &#8211; 0,9 m<\/td>\n<\/tr>\n<tr>\n<td>15 galones\/17&#8243;<\/td>\n<td>0,9 &#8211; 1,2 m<\/td>\n<\/tr>\n<\/tbody>\n<\/table>\n<\/div>\n<\/div>\n","protected":false},"featured_media":47941,"comment_status":"open","ping_status":"closed","template":"","meta":[],"product_brand":[],"product_cat":[348,304,311,312,310,317,331,302,326,309,313,334,335,323,322,332,303,349,307],"product_tag":[319,318,350],"class_list":{"0":"post-45298","1":"product","2":"type-product","3":"status-publish","4":"has-post-thumbnail","6":"product_cat-alta-es","7":"product_cat-arbusto","8":"product_cat-baja","9":"product_cat-baja-es","10":"product_cat-bien-drenado","11":"product_cat-contenedor","12":"product_cat-division-es","13":"product_cat-exotica","14":"product_cat-moderada-es-2","15":"product_cat-moderada","16":"product_cat-moderada-es","17":"product_cat-planta-de-acento","18":"product_cat-pleno-sol","19":"product_cat-primavera","20":"product_cat-rapido","21":"product_cat-seto","22":"product_cat-sol-parcial","23":"product_cat-sombra","24":"product_cat-verano","25":"product_tag-amarillo","26":"product_tag-blanco","27":"product_tag-rojo","28":"pa_pot-size-1-galon-6","29":"pa_pot-size-15-galones-17","30":"pa_pot-size-3-galones-10","31":"pa_pot-size-7-galones-14","34":"first","35":"instock","36":"taxable","37":"shipping-taxable","38":"purchasable","39":"product-type-variable"},"aioseo_notices":[],"_links":{"self":[{"href":"https:\/\/smartyplantsnursery.com\/es\/wp-json\/wp\/v2\/product\/45298","targetHints":{"allow":["GET"]}}],"collection":[{"href":"https:\/\/smartyplantsnursery.com\/es\/wp-json\/wp\/v2\/product"}],"about":[{"href":"https:\/\/smartyplantsnursery.com\/es\/wp-json\/wp\/v2\/types\/product"}],"replies":[{"embeddable":true,"href":"https:\/\/smartyplantsnursery.com\/es\/wp-json\/wp\/v2\/comments?post=45298"}],"wp:featuredmedia":[{"embeddable":true,"href":"https:\/\/smartyplantsnursery.com\/es\/wp-json\/wp\/v2\/media\/47941"}],"wp:attachment":[{"href":"https:\/\/smartyplantsnursery.com\/es\/wp-json\/wp\/v2\/media?parent=45298"}],"wp:term":[{"taxonomy":"product_brand","embeddable":true,"href":"https:\/\/smartyplantsnursery.com\/es\/wp-json\/wp\/v2\/product_brand?post=45298"},{"taxonomy":"product_cat","embeddable":true,"href":"https:\/\/smartyplantsnursery.com\/es\/wp-json\/wp\/v2\/product_cat?post=45298"},{"taxonomy":"product_tag","embeddable":true,"href":"https:\/\/smartyplantsnursery.com\/es\/wp-json\/wp\/v2\/product_tag?post=45298"}],"curies":[{"name":"wp","href":"https:\/\/api.w.org\/{rel}","templated":true}]}}