{"id":45315,"date":"2023-04-22T00:59:06","date_gmt":"2023-04-22T00:59:06","guid":{"rendered":"https:\/\/smartyplantsnursery.com\/product\/palmera-rabo-de-zorro-wodyetia-bifurcata\/"},"modified":"2026-04-06T19:08:53","modified_gmt":"2026-04-06T19:08:53","slug":"palmera-rabo-de-zorro-wodyetia-bifurcata","status":"publish","type":"product","link":"https:\/\/smartyplantsnursery.com\/es\/product\/palmera-rabo-de-zorro-wodyetia-bifurcata\/","title":{"rendered":"Palmera rabo de zorro &#8211; wodyetia bifurcata"},"content":{"rendered":"<p class=\"\"><b class=\"\">Usos generales en el paisaje:<\/b> Jardiner\u00eda ornamental, plantaci\u00f3n urbana, crecimiento en contenedores<\/p>\n<p class=\"\"><b class=\"\">Notas sobre la restauraci\u00f3n ecol\u00f3gica:<\/b> Estabilizaci\u00f3n del suelo, apoyo a la biodiversidad, resistencia a la sequ\u00eda<\/p>\n<p class=\"\"><b class=\"\">Descripci\u00f3n:<\/b> Las palmeras rabo de zorro son palmeras muy limpias. Crecen bastante lentamente, como todas las palmeras. Los extremos de las hojas est\u00e1n naturalmente ondulados. Excelente palmera para alrededor de la piscina o cerca de una casa.   <\/p>\n<p class=\"\"><b class=\"\">Dimensiones:<\/b> Altura: 7,6 m.<\/p>\n<p class=\"\"><b class=\"\">Tasa de crecimiento:<\/b> lenta<\/p>\n<p class=\"\"><b class=\"\">Distribuci\u00f3n nativa:<\/b> noreste de Australia<\/p>\n<p class=\"\"><b class=\"\">H\u00e1bitats nativos:<\/b> Bosques tropicales y subtropicales, colinas rocosas de granito y bosques secos<\/p>\n<p class=\"\"><b class=\"\">Suelos:<\/b> Con buen drenaje, arenosos o limosos (prefiere un pH ligeramente \u00e1cido a neutro)<\/p>\n<p class=\"\"><b class=\"\">Requisitos nutricionales:<\/b> De moderados a altos<\/p>\n<p class=\"\"><b class=\"\">Tolerancia al agua salada:<\/b> Moderada a alta<\/p>\n<p class=\"\"><b class=\"\">Tolerancia al viento salado:<\/b> moderada<\/p>\n<p class=\"\"><b class=\"\">Tolerancia a la sequ\u00eda:<\/b> moderada<\/p>\n<p class=\"\"><b class=\"\">Requisitos de luz:<\/b> pleno sol<\/p>\n<p class=\"\"><b class=\"\">Color de la flor:<\/b> Blanco cremoso a verde p\u00e1lido<\/p>\n<p class=\"\"><b class=\"\">Caracter\u00edsticas de la flor:<\/b> Peque\u00f1as, en racimos<\/p>\n<p class=\"\"><b class=\"\">Temporada de floraci\u00f3n:<\/b> Desde finales de primavera hasta principios de verano<\/p>\n<p class=\"\"><b class=\"\">Fruto:<\/b> Bayas redondas de color rojo anaranjado brillante<\/p>\n<p class=\"\"><b class=\"\">Vida silvestre y ecolog\u00eda:<\/b> Fuente de alimento para la vida silvestre, estabilizaci\u00f3n del suelo, adaptaci\u00f3n tolerante a la sequ\u00eda<\/p>\n<p class=\"\"><b class=\"\">Notas de horticultura:<\/b> Cultivada a partir de semillas<\/p>\n<p class=\"\"><b class=\"\">Comentarios:<\/b><\/p>\n","protected":false},"excerpt":{"rendered":"<p><img fetchpriority=\"high\" decoding=\"async\" class=\"alignnone size-medium wp-image-54744\" src=\"https:\/\/smartyplantsnursery.com\/wp-content\/uploads\/2023\/04\/Screenshot-2026-03-03-at-2.22.47-PM-300x185.webp\" alt=\"\" width=\"300\" height=\"185\"><\/p>\n<div class=\"container\">\n<div class=\"table-container\">\n<table>\n<thead>\n<tr>\n<th>Tama\u00f1o de la maceta<\/th>\n<th>Altura media plantada (desde la tierra hasta la parte superior de la planta)<\/th>\n<\/tr>\n<\/thead>\n<tbody>\n<tr>\n<td>3 galones\/10&#8243;<\/td>\n<td>0,6 &#8211; 1,2 m<\/td>\n<\/tr>\n<tr>\n<td>7 galones\/14&#8243;<\/td>\n<td>1,2 &#8211; 1,8 m<\/td>\n<\/tr>\n<tr>\n<td>15 galones\/17&#8243;<\/td>\n<td>6 &#8211; 8 pies<\/td>\n<\/tr>\n<tr>\n<td>25 galones\/21&#8243;<\/td>\n<td>2,4 &#8211; 3,7 m<\/td>\n<\/tr>\n<tr>\n<td>45 galones\/28&#8243;<\/td>\n<td>3,7 &#8211; 4,3 m<\/td>\n<\/tr>\n<\/tbody>\n<\/table>\n<\/div>\n<\/div>\n","protected":false},"featured_media":43968,"comment_status":"open","ping_status":"closed","template":"","meta":[],"product_brand":[],"product_cat":[343,376,348,344,359,310,317,302,369,306,313,309,360,361,345,370,316,335,323,372,330,307],"product_tag":[318,327],"class_list":{"0":"post-45315","1":"product","2":"type-product","3":"status-publish","4":"has-post-thumbnail","6":"product_cat-acido","7":"product_cat-alta-es-3","8":"product_cat-alta-es","9":"product_cat-arbol","10":"product_cat-arena","11":"product_cat-bien-drenado","12":"product_cat-contenedor","13":"product_cat-exotica","14":"product_cat-franco","15":"product_cat-lenta","16":"product_cat-moderada-es","17":"product_cat-moderada","18":"product_cat-moderada-es-3","19":"product_cat-moderada-es-4","20":"product_cat-neutro","21":"product_cat-palma","22":"product_cat-pequena","23":"product_cat-pleno-sol","24":"product_cat-primavera","25":"product_cat-racimo","26":"product_cat-semilla","27":"product_cat-verano","28":"product_tag-blanco","29":"product_tag-verde","30":"pa_pot-size-15-galones-17","31":"pa_pot-size-25-galones-21","32":"pa_pot-size-3-galones-10","33":"pa_pot-size-45-galones-28","34":"pa_pot-size-7-galones-14","37":"first","38":"instock","39":"taxable","40":"shipping-taxable","41":"purchasable","42":"product-type-variable"},"aioseo_notices":[],"_links":{"self":[{"href":"https:\/\/smartyplantsnursery.com\/es\/wp-json\/wp\/v2\/product\/45315","targetHints":{"allow":["GET"]}}],"collection":[{"href":"https:\/\/smartyplantsnursery.com\/es\/wp-json\/wp\/v2\/product"}],"about":[{"href":"https:\/\/smartyplantsnursery.com\/es\/wp-json\/wp\/v2\/types\/product"}],"replies":[{"embeddable":true,"href":"https:\/\/smartyplantsnursery.com\/es\/wp-json\/wp\/v2\/comments?post=45315"}],"wp:featuredmedia":[{"embeddable":true,"href":"https:\/\/smartyplantsnursery.com\/es\/wp-json\/wp\/v2\/media\/43968"}],"wp:attachment":[{"href":"https:\/\/smartyplantsnursery.com\/es\/wp-json\/wp\/v2\/media?parent=45315"}],"wp:term":[{"taxonomy":"product_brand","embeddable":true,"href":"https:\/\/smartyplantsnursery.com\/es\/wp-json\/wp\/v2\/product_brand?post=45315"},{"taxonomy":"product_cat","embeddable":true,"href":"https:\/\/smartyplantsnursery.com\/es\/wp-json\/wp\/v2\/product_cat?post=45315"},{"taxonomy":"product_tag","embeddable":true,"href":"https:\/\/smartyplantsnursery.com\/es\/wp-json\/wp\/v2\/product_tag?post=45315"}],"curies":[{"name":"wp","href":"https:\/\/api.w.org\/{rel}","templated":true}]}}