{"id":45334,"date":"2023-04-21T21:12:59","date_gmt":"2023-04-21T21:12:59","guid":{"rendered":"https:\/\/smartyplantsnursery.com\/product\/croton-codiaeum-variegatum-mrs-iceton\/"},"modified":"2026-04-06T13:59:59","modified_gmt":"2026-04-06T13:59:59","slug":"croton-codiaeum-variegatum-mrs-iceton","status":"publish","type":"product","link":"https:\/\/smartyplantsnursery.com\/es\/product\/croton-codiaeum-variegatum-mrs-iceton\/","title":{"rendered":"Croton &#8211; codiaeum variegatum \u201cmrs iceton\u201d"},"content":{"rendered":"<p class=\"\"><b class=\"\">Usos generales en el paisaje:<\/b> seto y borde, plantaci\u00f3n en contenedores, jardines tropicales<\/p>\n<p class=\"\"><b class=\"\">Notas sobre la restauraci\u00f3n ecol\u00f3gica:<\/b> estabilizaci\u00f3n del suelo y control de la erosi\u00f3n, atracci\u00f3n de polinizadores, purificaci\u00f3n del aire<\/p>\n<p class=\"\"><b class=\"\">Descripci\u00f3n:<\/b> El Croton Mrs. Icetone es una planta vers\u00e1til que crece al sol o a la sombra. Muestra hojas coloridas y no requiere mantenimiento. <\/p>\n<p class=\"\"><b class=\"\">Dimensiones:<\/b> altura 1,5 m<\/p>\n<p class=\"\"><b class=\"\">Tasa de crecimiento:<\/b> Moderada a lenta<\/p>\n<p class=\"\"><b class=\"\">Distribuci\u00f3n nativa:<\/b> Sudeste asi\u00e1tico, islas del Pac\u00edfico, norte de Australia<\/p>\n<p class=\"\"><b class=\"\">H\u00e1bitats nativos:<\/b> Bosques tropicales, regiones costeras y paisajes alterados<\/p>\n<p class=\"\"><b class=\"\">Suelos:<\/b> Con buen drenaje, ricos en nutrientes<\/p>\n<p class=\"\"><b class=\"\">Requisitos nutricionales:<\/b> moderados<\/p>\n<p class=\"\"><b class=\"\">Tolerancia al agua salada:<\/b> De baja a moderada<\/p>\n<p class=\"\"><b class=\"\">Tolerancia al viento salado:<\/b> moderada<\/p>\n<p class=\"\"><b class=\"\">Tolerancia a la sequ\u00eda:<\/b> moderada<\/p>\n<p class=\"\"><b class=\"\">Requisitos de luz:<\/b> pleno sol a sombra<\/p>\n<p class=\"\"><b class=\"\">Color de la flor:<\/b> Amarillo p\u00e1lido a blanco<\/p>\n<p class=\"\"><b class=\"\">Caracter\u00edsticas de la flor:<\/b> peque\u00f1a, discreta<\/p>\n<p class=\"\"><b class=\"\">Temporada de floraci\u00f3n:<\/b> Desde finales de verano hasta principios de oto\u00f1o<\/p>\n<p class=\"\"><b class=\"\">Fruto:<\/b> C\u00e1psula peque\u00f1a e discreta que es verde cuando es joven y puede volverse marr\u00f3n a medida que madura.<\/p>\n<p class=\"\"><b class=\"\">Vida silvestre y ecolog\u00eda:<\/b> Las flores pueden atraer a abejas y peque\u00f1os insectos.<\/p>\n<p class=\"\"><b class=\"\">Notas de horticultura:<\/b> Se cultiva a partir de esquejes<\/p>\n<p class=\"\"><b class=\"\">Comentarios:<\/b><\/p>\n","protected":false},"excerpt":{"rendered":"<p><img fetchpriority=\"high\" decoding=\"async\" class=\"alignnone size-medium wp-image-54744\" src=\"https:\/\/smartyplantsnursery.com\/wp-content\/uploads\/2023\/04\/Screenshot-2026-03-03-at-2.22.47-PM-300x185.webp\" alt=\"\" width=\"300\" height=\"185\"><\/p>\n<div class=\"container\">\n<div class=\"table-container\">\n<table>\n<thead>\n<tr>\n<th>Tama\u00f1o de la maceta<\/th>\n<th>Altura media plantada (desde la tierra hasta la parte superior de la planta)<\/th>\n<\/tr>\n<\/thead>\n<tbody>\n<tr>\n<td>3 galones\/10&#8243;<\/td>\n<td>1 &#8211; 2 pies<\/td>\n<\/tr>\n<tr>\n<td>7 galones\/14&#8243;<\/td>\n<td>0,6 &#8211; 0,9 m<\/td>\n<\/tr>\n<\/tbody>\n<\/table>\n<\/div>\n<\/div>\n","protected":false},"featured_media":43730,"comment_status":"open","ping_status":"closed","template":"","meta":[],"product_brand":[],"product_cat":[304,311,310,375,317,315,302,365,306,360,326,309,361,313,308,316,335,332,303,349,307],"product_tag":[319,318],"class_list":{"0":"post-45334","1":"product","2":"type-product","3":"status-publish","4":"has-post-thumbnail","6":"product_cat-arbusto","7":"product_cat-baja","8":"product_cat-bien-drenado","9":"product_cat-borde","10":"product_cat-contenedor","11":"product_cat-esquejes","12":"product_cat-exotica","13":"product_cat-inconspicuo","14":"product_cat-lenta","15":"product_cat-moderada-es-3","16":"product_cat-moderada-es-2","17":"product_cat-moderada","18":"product_cat-moderada-es-4","19":"product_cat-moderada-es","20":"product_cat-otono","21":"product_cat-pequena","22":"product_cat-pleno-sol","23":"product_cat-seto","24":"product_cat-sol-parcial","25":"product_cat-sombra","26":"product_cat-verano","27":"product_tag-amarillo","28":"product_tag-blanco","29":"pa_pot-size-1-galon-6","30":"pa_pot-size-3-galones-10","31":"pa_pot-size-7-galones-14","34":"first","35":"instock","36":"taxable","37":"shipping-taxable","38":"purchasable","39":"product-type-variable"},"aioseo_notices":[],"_links":{"self":[{"href":"https:\/\/smartyplantsnursery.com\/es\/wp-json\/wp\/v2\/product\/45334","targetHints":{"allow":["GET"]}}],"collection":[{"href":"https:\/\/smartyplantsnursery.com\/es\/wp-json\/wp\/v2\/product"}],"about":[{"href":"https:\/\/smartyplantsnursery.com\/es\/wp-json\/wp\/v2\/types\/product"}],"replies":[{"embeddable":true,"href":"https:\/\/smartyplantsnursery.com\/es\/wp-json\/wp\/v2\/comments?post=45334"}],"wp:featuredmedia":[{"embeddable":true,"href":"https:\/\/smartyplantsnursery.com\/es\/wp-json\/wp\/v2\/media\/43730"}],"wp:attachment":[{"href":"https:\/\/smartyplantsnursery.com\/es\/wp-json\/wp\/v2\/media?parent=45334"}],"wp:term":[{"taxonomy":"product_brand","embeddable":true,"href":"https:\/\/smartyplantsnursery.com\/es\/wp-json\/wp\/v2\/product_brand?post=45334"},{"taxonomy":"product_cat","embeddable":true,"href":"https:\/\/smartyplantsnursery.com\/es\/wp-json\/wp\/v2\/product_cat?post=45334"},{"taxonomy":"product_tag","embeddable":true,"href":"https:\/\/smartyplantsnursery.com\/es\/wp-json\/wp\/v2\/product_tag?post=45334"}],"curies":[{"name":"wp","href":"https:\/\/api.w.org\/{rel}","templated":true}]}}