{"id":45345,"date":"2023-04-21T21:04:28","date_gmt":"2023-04-21T21:04:28","guid":{"rendered":"https:\/\/smartyplantsnursery.com\/product\/croton-codiaeum-variegatum-mammey\/"},"modified":"2026-04-06T13:49:28","modified_gmt":"2026-04-06T13:49:28","slug":"croton-codiaeum-variegatum-mammey","status":"publish","type":"product","link":"https:\/\/smartyplantsnursery.com\/es\/product\/croton-codiaeum-variegatum-mammey\/","title":{"rendered":"Croton &#8211; codiaeum variegatum \u201cmammey\u201d"},"content":{"rendered":"<p class=\"\"><b class=\"\">Usos generales en el paisajismo:<\/b> setos y bordes, plantaci\u00f3n en contenedores, jardines tropicales<\/p>\n<p class=\"\"><b class=\"\">Notas sobre la restauraci\u00f3n ecol\u00f3gica:<\/b> Estabilizaci\u00f3n del suelo y control de la erosi\u00f3n, las flores pueden atraer a abejas y peque\u00f1os insectos<\/p>\n<p class=\"\"><b class=\"\">Descripci\u00f3n:<\/b> Esta variedad de croton es de crecimiento lento y tiene muchos colores. La hoja se retuerce de forma natural, lo que permite que se vea m\u00e1s color de sus hojas, a la vez que resulta muy agradable est\u00e9ticamente. <\/p>\n<p class=\"\"><b class=\"\">Dimensiones:<\/b> altura 1,2 m<\/p>\n<p class=\"\"><b class=\"\">Tasa de crecimiento:<\/b> lenta<\/p>\n<p class=\"\"><b class=\"\">Distribuci\u00f3n nativa:<\/b> Sudeste asi\u00e1tico, islas del Pac\u00edfico, norte de Australia<\/p>\n<p class=\"\"><b class=\"\">H\u00e1bitats nativos:<\/b> Bosques tropicales, regiones costeras y paisajes alterados<\/p>\n<p class=\"\"><b class=\"\">Suelos:<\/b> Con buen drenaje, ricos en nutrientes<\/p>\n<p class=\"\"><b class=\"\">Requisitos nutricionales:<\/b> moderados<\/p>\n<p class=\"\"><b class=\"\">Tolerancia al agua salada:<\/b> De baja a moderada<\/p>\n<p class=\"\"><b class=\"\">Tolerancia al viento salado:<\/b> moderada<\/p>\n<p class=\"\"><b class=\"\">Tolerancia a la sequ\u00eda:<\/b> de alta a moderada<\/p>\n<p class=\"\"><b class=\"\">Requisitos de luz:<\/b> pleno sol a sol parcial<\/p>\n<p class=\"\"><b class=\"\">Color de la flor:<\/b> Amarillo p\u00e1lido a blanco<\/p>\n<p class=\"\"><b class=\"\">Caracter\u00edsticas de la flor:<\/b> peque\u00f1a, discreta<\/p>\n<p class=\"\"><b class=\"\">Temporada de floraci\u00f3n:<\/b> Primavera y verano<\/p>\n<p class=\"\"><b class=\"\">Fruto:<\/b> C\u00e1psulas peque\u00f1as de tres l\u00f3bulos que son verdes cuando est\u00e1n inmaduras y se vuelven marrones a medida que maduran y se secan<\/p>\n<p class=\"\"><b class=\"\">Fauna y ecolog\u00eda:<\/b> Las flores pueden atraer a abejas, mariposas y otros insectos polinizadores<\/p>\n<p class=\"\"><b class=\"\">Notas de horticultura:<\/b> Se cultiva a partir de esquejes<\/p>\n<p class=\"\"><b class=\"\">Comentarios:<\/b><\/p>\n<p>&nbsp;<\/p>\n<p>&nbsp;<\/p>\n","protected":false},"excerpt":{"rendered":"<p><img fetchpriority=\"high\" decoding=\"async\" class=\"alignnone size-medium wp-image-54744\" src=\"https:\/\/smartyplantsnursery.com\/wp-content\/uploads\/2023\/04\/Screenshot-2026-03-03-at-2.22.47-PM-300x185.webp\" alt=\"\" width=\"300\" height=\"185\"><\/p>\n<div class=\"container\">\n<div class=\"table-container\">\n<table>\n<thead>\n<tr>\n<th>Tama\u00f1o de la maceta<\/th>\n<th>Altura media plantada (desde la tierra hasta la parte superior de la planta)<\/th>\n<\/tr>\n<\/thead>\n<tbody>\n<tr>\n<td>1 gal\u00f3n\/6&#8243;<\/td>\n<td>0 &#8211; 1 ft.<\/td>\n<\/tr>\n<tr>\n<td>3 galones\/10&#8243;<\/td>\n<td>1 &#8211; 2 pies<\/td>\n<\/tr>\n<tr>\n<td>7 galones\/14&#8243;<\/td>\n<td>0,6 &#8211; 0,9 m<\/td>\n<\/tr>\n<tr>\n<td>15 galones\/17&#8243;<\/td>\n<td>1,2 &#8211; 1,5 m<\/td>\n<\/tr>\n<tr>\n<td>25 galones\/21&#8243;<\/td>\n<td>1,5 &#8211; 1,8 m<\/td>\n<\/tr>\n<tr>\n<td>45 galones\/28&#8243;<\/td>\n<td>1,8 &#8211; 2,1 m<\/td>\n<\/tr>\n<\/tbody>\n<\/table>\n<\/div>\n<\/div>\n","protected":false},"featured_media":43724,"comment_status":"open","ping_status":"closed","template":"","meta":[],"product_brand":[],"product_cat":[340,304,311,310,375,317,315,302,365,305,306,361,360,313,316,335,323,332,303,307],"product_tag":[319,318],"class_list":{"0":"post-45345","1":"product","2":"type-product","3":"status-publish","4":"has-post-thumbnail","6":"product_cat-alta","7":"product_cat-arbusto","8":"product_cat-baja","9":"product_cat-bien-drenado","10":"product_cat-borde","11":"product_cat-contenedor","12":"product_cat-esquejes","13":"product_cat-exotica","14":"product_cat-inconspicuo","15":"product_cat-interior","16":"product_cat-lenta","17":"product_cat-moderada-es-4","18":"product_cat-moderada-es-3","19":"product_cat-moderada-es","20":"product_cat-pequena","21":"product_cat-pleno-sol","22":"product_cat-primavera","23":"product_cat-seto","24":"product_cat-sol-parcial","25":"product_cat-verano","26":"product_tag-amarillo","27":"product_tag-blanco","28":"pa_pot-size-1-galon-6","29":"pa_pot-size-15-galones-17","30":"pa_pot-size-25-galones-21","31":"pa_pot-size-3-galones-10","32":"pa_pot-size-45-galones-28","33":"pa_pot-size-7-galones-14","36":"first","37":"instock","38":"taxable","39":"shipping-taxable","40":"purchasable","41":"product-type-variable"},"aioseo_notices":[],"_links":{"self":[{"href":"https:\/\/smartyplantsnursery.com\/es\/wp-json\/wp\/v2\/product\/45345","targetHints":{"allow":["GET"]}}],"collection":[{"href":"https:\/\/smartyplantsnursery.com\/es\/wp-json\/wp\/v2\/product"}],"about":[{"href":"https:\/\/smartyplantsnursery.com\/es\/wp-json\/wp\/v2\/types\/product"}],"replies":[{"embeddable":true,"href":"https:\/\/smartyplantsnursery.com\/es\/wp-json\/wp\/v2\/comments?post=45345"}],"wp:featuredmedia":[{"embeddable":true,"href":"https:\/\/smartyplantsnursery.com\/es\/wp-json\/wp\/v2\/media\/43724"}],"wp:attachment":[{"href":"https:\/\/smartyplantsnursery.com\/es\/wp-json\/wp\/v2\/media?parent=45345"}],"wp:term":[{"taxonomy":"product_brand","embeddable":true,"href":"https:\/\/smartyplantsnursery.com\/es\/wp-json\/wp\/v2\/product_brand?post=45345"},{"taxonomy":"product_cat","embeddable":true,"href":"https:\/\/smartyplantsnursery.com\/es\/wp-json\/wp\/v2\/product_cat?post=45345"},{"taxonomy":"product_tag","embeddable":true,"href":"https:\/\/smartyplantsnursery.com\/es\/wp-json\/wp\/v2\/product_tag?post=45345"}],"curies":[{"name":"wp","href":"https:\/\/api.w.org\/{rel}","templated":true}]}}