{"id":45386,"date":"2023-04-21T22:47:27","date_gmt":"2023-04-21T22:47:27","guid":{"rendered":"https:\/\/smartyplantsnursery.com\/product\/palmito-europeo-palmito-enano-chamaerops-humilis\/"},"modified":"2025-11-25T21:54:35","modified_gmt":"2025-11-25T21:54:35","slug":"palmito-europeo-palmito-enano-chamaerops-humilis","status":"publish","type":"product","link":"https:\/\/smartyplantsnursery.com\/es\/product\/palmito-europeo-palmito-enano-chamaerops-humilis\/","title":{"rendered":"Palmito europeo, palmito enano &#8211; chamaerops humilis"},"content":{"rendered":"<p class=\"\"><b class=\"\">Usos generales en el paisajismo:<\/b> Paisajismo costero, planta de acento, setos y pantallas, contenedores y macetas<\/p>\n<p class=\"\"><b class=\"\">Notas sobre la restauraci\u00f3n ecol\u00f3gica:<\/b> Estabilizaci\u00f3n del suelo y control de la erosi\u00f3n, tolerancia a la sequ\u00eda y al calor, h\u00e1bitat para polinizadores<\/p>\n<p class=\"\"><b class=\"\">Descripci\u00f3n:<\/b> El palmito europeo es una palmera peque\u00f1a tolerante a la sequ\u00eda. Es de crecimiento lento y requiere poco o ning\u00fan mantenimiento. Las hojas tienen una forma majestuosa de abanico. Perfecta como pieza central en entradas circulares.   <\/p>\n<p class=\"\"><b class=\"\">Dimensiones:<\/b> Altura: 3 m<\/p>\n<p class=\"\"><b class=\"\">Tasa de crecimiento:<\/b> lenta<\/p>\n<p class=\"\"><b class=\"\">Distribuci\u00f3n nativa:<\/b> Regi\u00f3n mediterr\u00e1nea<\/p>\n<p class=\"\"><b class=\"\">H\u00e1bitats nativos:<\/b> Zonas costeras, laderas de monta\u00f1as y colinas secas<\/p>\n<p class=\"\"><b class=\"\">Suelos:<\/b> Con buen drenaje<\/p>\n<p class=\"\"><b class=\"\">Requisitos nutricionales:<\/b> moderados<\/p>\n<p class=\"\"><b class=\"\">Tolerancia al agua salada:<\/b> alta<\/p>\n<p class=\"\"><b class=\"\">Tolerancia al viento salado:<\/b> alta<\/p>\n<p class=\"\"><b class=\"\">Tolerancia a la sequ\u00eda:<\/b> alta<\/p>\n<p class=\"\"><b class=\"\">Requisitos de luz:<\/b> pleno sol<\/p>\n<p class=\"\"><b class=\"\">Color de la flor:<\/b> amarillo<\/p>\n<p class=\"\"><b class=\"\">Caracter\u00edsticas de la flor:<\/b> Racimos peque\u00f1os y densos<\/p>\n<p class=\"\"><b class=\"\">Temporada de floraci\u00f3n:<\/b> Desde finales de primavera hasta principios de verano<\/p>\n<p class=\"\"><b class=\"\">Fruto:<\/b> Peque\u00f1o, redondo, marr\u00f3n<\/p>\n<p class=\"\"><b class=\"\">Fauna y ecolog\u00eda:<\/b> Las flores atraen a las abejas y a otros polinizadores, mientras que el denso follaje puede ofrecer refugio a peque\u00f1os animales o insectos.<\/p>\n<p class=\"\"><b class=\"\">Notas de horticultura:<\/b> Propagaci\u00f3n por hijuelos, semillas<\/p>\n<p class=\"\"><b class=\"\">Comentarios:<\/b><\/p>\n","protected":false},"excerpt":{"rendered":"<p><img decoding=\"async\" class=\"alignnone size-medium wp-image-31863\" src=\"https:\/\/smartyplantsnursery.com\/wp-content\/uploads\/2023\/04\/Screen-Shot-2023-04-22-at-11.28.02-PM-300x134.png\" alt=\"\" width=\"300\" height=\"134\"><\/p>\n<div class=\"container\">\n<div class=\"table-container\">\n<table>\n<thead>\n<tr>\n<th>Tama\u00f1o de la maceta<\/th>\n<th>Altura media plantada (desde la tierra hasta la parte superior de la planta)<\/th>\n<\/tr>\n<\/thead>\n<tbody>\n<tr>\n<td>3 galones\/10&#8243;<\/td>\n<td>1 &#8211; 2 pies<\/td>\n<\/tr>\n<tr>\n<td>7 galones\/14&#8243;<\/td>\n<td>0,6 &#8211; 0,9 m<\/td>\n<\/tr>\n<tr>\n<td>15 galones\/17&#8243;<\/td>\n<td>0,9 &#8211; 1,2 m<\/td>\n<\/tr>\n<tr>\n<td>25 galones\/21&#8243;<\/td>\n<td>120 &#8211; 150 cm<\/td>\n<\/tr>\n<tr>\n<td>45 galones\/28&#8243;<\/td>\n<td>150 &#8211; 180 cm<\/td>\n<\/tr>\n<tr>\n<td>65 galones\/32&#8243;<\/td>\n<td>180 &#8211; 210 cm<\/td>\n<\/tr>\n<\/tbody>\n<\/table>\n<\/div>\n","protected":false},"featured_media":43851,"comment_status":"open","ping_status":"closed","template":"","meta":[],"product_brand":[],"product_cat":[340,362,376,344,310,317,384,302,306,309,370,378,334,335,323,330,332,347,307],"product_tag":[319],"class_list":{"0":"post-45386","1":"product","2":"type-product","3":"status-publish","4":"has-post-thumbnail","6":"product_cat-alta","7":"product_cat-alta-es-2","8":"product_cat-alta-es-3","9":"product_cat-arbol","10":"product_cat-bien-drenado","11":"product_cat-contenedor","12":"product_cat-costero","13":"product_cat-exotica","14":"product_cat-lenta","15":"product_cat-moderada","16":"product_cat-palma","17":"product_cat-pantalla","18":"product_cat-planta-de-acento","19":"product_cat-pleno-sol","20":"product_cat-primavera","21":"product_cat-semilla","22":"product_cat-seto","23":"product_cat-vastago","24":"product_cat-verano","25":"product_tag-amarillo","26":"pa_pot-size-1-galon-6","27":"pa_pot-size-15-galones-17","28":"pa_pot-size-25-galones-21","29":"pa_pot-size-3-galones-10","30":"pa_pot-size-45-galones-28","31":"pa_pot-size-65-galones-32","32":"pa_pot-size-7-galones-14","35":"first","36":"instock","37":"taxable","38":"shipping-taxable","39":"purchasable","40":"product-type-variable"},"aioseo_notices":[],"_links":{"self":[{"href":"https:\/\/smartyplantsnursery.com\/es\/wp-json\/wp\/v2\/product\/45386","targetHints":{"allow":["GET"]}}],"collection":[{"href":"https:\/\/smartyplantsnursery.com\/es\/wp-json\/wp\/v2\/product"}],"about":[{"href":"https:\/\/smartyplantsnursery.com\/es\/wp-json\/wp\/v2\/types\/product"}],"replies":[{"embeddable":true,"href":"https:\/\/smartyplantsnursery.com\/es\/wp-json\/wp\/v2\/comments?post=45386"}],"wp:featuredmedia":[{"embeddable":true,"href":"https:\/\/smartyplantsnursery.com\/es\/wp-json\/wp\/v2\/media\/43851"}],"wp:attachment":[{"href":"https:\/\/smartyplantsnursery.com\/es\/wp-json\/wp\/v2\/media?parent=45386"}],"wp:term":[{"taxonomy":"product_brand","embeddable":true,"href":"https:\/\/smartyplantsnursery.com\/es\/wp-json\/wp\/v2\/product_brand?post=45386"},{"taxonomy":"product_cat","embeddable":true,"href":"https:\/\/smartyplantsnursery.com\/es\/wp-json\/wp\/v2\/product_cat?post=45386"},{"taxonomy":"product_tag","embeddable":true,"href":"https:\/\/smartyplantsnursery.com\/es\/wp-json\/wp\/v2\/product_tag?post=45386"}],"curies":[{"name":"wp","href":"https:\/\/api.w.org\/{rel}","templated":true}]}}