{"id":45393,"date":"2023-04-21T20:31:40","date_gmt":"2023-04-21T20:31:40","guid":{"rendered":"https:\/\/smartyplantsnursery.com\/product\/croton-codiaeum-variegatum-dreadlocks\/"},"modified":"2026-04-06T13:23:55","modified_gmt":"2026-04-06T13:23:55","slug":"croton-codiaeum-variegatum-dreadlocks","status":"publish","type":"product","link":"https:\/\/smartyplantsnursery.com\/es\/product\/croton-codiaeum-variegatum-dreadlocks\/","title":{"rendered":"Croton &#8211; codiaeum variegatum \u201cdreadlocks\u201d"},"content":{"rendered":"<p class=\"\"><b class=\"\">Usos generales en el paisajismo:<\/b> Planta de acento, jard\u00edn tropical, seto y borde, plantaci\u00f3n en contenedores, macizos de arbustos mixtos, plantaci\u00f3n de cimientos, paisajismo junto a la piscina, jard\u00edn de lluvia<\/p>\n<p class=\"\"><b class=\"\">Notas sobre la restauraci\u00f3n ecol\u00f3gica:<\/b> Control de la erosi\u00f3n, apoyo a los polinizadores, mejora del microclima<\/p>\n<p class=\"\"><b class=\"\">Descripci\u00f3n:<\/b> El crot\u00f3n Dreadlock es una gran planta de bajo mantenimiento. Es de crecimiento lento, con hojas coloridas y puede utilizarse como una pieza ornamental bastante interesante. <\/p>\n<p class=\"\"><b class=\"\">Dimensiones:<\/b> Altura 3-10 pies.<\/p>\n<p class=\"\"><b class=\"\">Tasa de crecimiento:<\/b> Moderada a lenta<\/p>\n<p class=\"\"><b class=\"\">Distribuci\u00f3n nativa:<\/b> Sudeste asi\u00e1tico, islas del Pac\u00edfico y norte de Australia<\/p>\n<p class=\"\"><b class=\"\">Native Habitats: <\/b>Bosques tropicales, zonas costeras y paisajes alterados<\/p>\n<p class=\"\"><b class=\"\">Suelos:<\/b> Con buen drenaje<\/p>\n<p class=\"\"><b class=\"\">Requisitos nutricionales:<\/b> moderados<\/p>\n<p class=\"\"><b class=\"\">Tolerancia al agua salada:<\/b> De baja a moderada<\/p>\n<p class=\"\"><b class=\"\">Tolerancia al viento salado:<\/b> moderada<\/p>\n<p class=\"\"><b class=\"\">Tolerancia a la sequ\u00eda:<\/b> moderada<\/p>\n<p class=\"\"><b class=\"\">Requisitos de luz:<\/b> pleno sol a sol parcial<\/p>\n<p class=\"\"><b class=\"\">Color de la flor:<\/b> Amarillo p\u00e1lido a blanco cremoso<\/p>\n<p class=\"\"><b class=\"\">Caracter\u00edsticas de la flor:<\/b> Peque\u00f1as, en forma de estrella, que crecen en racimos<\/p>\n<p class=\"\"><b class=\"\">Temporada de floraci\u00f3n:<\/b> Desde finales de primavera hasta verano<\/p>\n<p class=\"\"><b class=\"\">Fruto:<\/b> C\u00e1psulas peque\u00f1as de tres l\u00f3bulos que son verdes y maduran a marr\u00f3n<\/p>\n<p class=\"\"><b class=\"\">Vida silvestre y ecolog\u00eda:<\/b> Proporciona refugio, atracci\u00f3n de polinizadores, estabilizaci\u00f3n del suelo, purificaci\u00f3n del aire<\/p>\n<p class=\"\"><b class=\"\">Notas de horticultura: <\/b>Se propaga por esquejes<\/p>\n<p class=\"\"><b class=\"\">Comentarios:<\/b><\/p>\n","protected":false},"excerpt":{"rendered":"<p><img fetchpriority=\"high\" decoding=\"async\" class=\"alignnone size-medium wp-image-54744\" src=\"https:\/\/smartyplantsnursery.com\/wp-content\/uploads\/2023\/04\/Screenshot-2026-03-03-at-2.22.47-PM-300x185.webp\" alt=\"\" width=\"300\" height=\"185\"><\/p>\n<div class=\"container\">\n<div class=\"table-container\">\n<table>\n<thead>\n<tr>\n<th>Tama\u00f1o de la maceta<\/th>\n<th>Altura media plantada (desde la tierra hasta la parte superior de la planta)<\/th>\n<\/tr>\n<\/thead>\n<tbody>\n<tr>\n<td>3 galones\/10&#8243;<\/td>\n<td>1 &#8211; 2 pies<\/td>\n<\/tr>\n<tr>\n<td>7 galones\/14&#8243;<\/td>\n<td>0,6 &#8211; 0,9 m<\/td>\n<\/tr>\n<tr>\n<td>15 galones\/17&#8243;<\/td>\n<td>0,9 &#8211; 1,2 m<\/td>\n<\/tr>\n<tr>\n<td>25 galones\/21&#8243;<\/td>\n<td>120 &#8211; 150 cm<\/td>\n<\/tr>\n<\/tbody>\n<\/table>\n<\/div>\n<\/div>\n","protected":false},"featured_media":43714,"comment_status":"open","ping_status":"closed","template":"","meta":[],"product_brand":[],"product_cat":[304,311,310,375,317,315,302,306,309,313,326,360,361,334,335,323,332,303,307],"product_tag":[319,318],"class_list":{"0":"post-45393","1":"product","2":"type-product","3":"status-publish","4":"has-post-thumbnail","6":"product_cat-arbusto","7":"product_cat-baja","8":"product_cat-bien-drenado","9":"product_cat-borde","10":"product_cat-contenedor","11":"product_cat-esquejes","12":"product_cat-exotica","13":"product_cat-lenta","14":"product_cat-moderada","15":"product_cat-moderada-es","16":"product_cat-moderada-es-2","17":"product_cat-moderada-es-3","18":"product_cat-moderada-es-4","19":"product_cat-planta-de-acento","20":"product_cat-pleno-sol","21":"product_cat-primavera","22":"product_cat-seto","23":"product_cat-sol-parcial","24":"product_cat-verano","25":"product_tag-amarillo","26":"product_tag-blanco","27":"pa_pot-size-1-galon-6","28":"pa_pot-size-15-galones-17","29":"pa_pot-size-25-galones-21","30":"pa_pot-size-3-galones-10","31":"pa_pot-size-7-galones-14","34":"first","35":"instock","36":"taxable","37":"shipping-taxable","38":"purchasable","39":"product-type-variable"},"aioseo_notices":[],"_links":{"self":[{"href":"https:\/\/smartyplantsnursery.com\/es\/wp-json\/wp\/v2\/product\/45393","targetHints":{"allow":["GET"]}}],"collection":[{"href":"https:\/\/smartyplantsnursery.com\/es\/wp-json\/wp\/v2\/product"}],"about":[{"href":"https:\/\/smartyplantsnursery.com\/es\/wp-json\/wp\/v2\/types\/product"}],"replies":[{"embeddable":true,"href":"https:\/\/smartyplantsnursery.com\/es\/wp-json\/wp\/v2\/comments?post=45393"}],"wp:featuredmedia":[{"embeddable":true,"href":"https:\/\/smartyplantsnursery.com\/es\/wp-json\/wp\/v2\/media\/43714"}],"wp:attachment":[{"href":"https:\/\/smartyplantsnursery.com\/es\/wp-json\/wp\/v2\/media?parent=45393"}],"wp:term":[{"taxonomy":"product_brand","embeddable":true,"href":"https:\/\/smartyplantsnursery.com\/es\/wp-json\/wp\/v2\/product_brand?post=45393"},{"taxonomy":"product_cat","embeddable":true,"href":"https:\/\/smartyplantsnursery.com\/es\/wp-json\/wp\/v2\/product_cat?post=45393"},{"taxonomy":"product_tag","embeddable":true,"href":"https:\/\/smartyplantsnursery.com\/es\/wp-json\/wp\/v2\/product_tag?post=45393"}],"curies":[{"name":"wp","href":"https:\/\/api.w.org\/{rel}","templated":true}]}}