{"id":45423,"date":"2023-04-21T19:02:21","date_gmt":"2023-04-21T19:02:21","guid":{"rendered":"https:\/\/smartyplantsnursery.com\/product\/palmera-de-navidad-adonidia-merrillii\/"},"modified":"2026-04-01T13:34:59","modified_gmt":"2026-04-01T13:34:59","slug":"palmera-de-navidad-adonidia-merrillii","status":"publish","type":"product","link":"https:\/\/smartyplantsnursery.com\/es\/product\/palmera-de-navidad-adonidia-merrillii\/","title":{"rendered":"Palmera de Navidad &#8211; adonidia merrillii"},"content":{"rendered":"<p class=\"\"><b class=\"\">Usos generales en el paisaje: <\/b>\u00c1rbol ornamental, paisajismo costero<\/p>\n<p class=\"\"><b class=\"\">Notas sobre la restauraci\u00f3n ecol\u00f3gica: <\/b>Estabilizaci\u00f3n del suelo y control de la erosi\u00f3n, creaci\u00f3n de microh\u00e1bitats<\/p>\n<p class=\"\"><b class=\"\">Descripci\u00f3n: <\/b>Una de las palmeras favoritas del sur de Florida. La palmera de Navidad ofrece un aspecto muy tropical sin necesidad de mantenimiento. Recibe su nombre de las semillas rojas que produce, pero se eliminan f\u00e1cilmente. Excelente para alrededor de piscinas, ya que son muy limpias y no ensucian, adem\u00e1s de crecer muy lentamente.   <\/p>\n<p class=\"\"><b class=\"\">Dimensiones: <\/b>Altura 3,5 &#8211; 4,5 m; Extensi\u00f3n 1,2 &#8211; 1,8 m.<\/p>\n<p class=\"\"><b class=\"\">Tasa de crecimiento:<\/b> lenta<\/p>\n<p class=\"\"><b class=\"\">Distribuci\u00f3n nativa: <\/b>Filipinas<\/p>\n<p class=\"\"><b class=\"\">H\u00e1bitats nativos: <\/b>Regiones costeras, bosques de tierras bajas y a lo largo de las riberas de los r\u00edos<\/p>\n<p class=\"\"><b class=\"\">Suelos: <\/b>Suelos bien drenados, arenosos o limosos, con un pH ligeramente \u00e1cido a neutro.<\/p>\n<p class=\"\"><b class=\"\">Requisitos nutricionales:<\/b> moderados<\/p>\n<p class=\"\"><b class=\"\">Tolerancia al agua salada:<\/b> moderada<\/p>\n<p class=\"\"><b class=\"\">Tolerancia al viento salado:<\/b> moderada<\/p>\n<p class=\"\"><b class=\"\">Tolerancia a la sequ\u00eda:<\/b> alta<\/p>\n<p class=\"\"><b class=\"\">Requisitos de luz:<\/b> pleno sol a sol parcial<\/p>\n<p class=\"\"><b class=\"\">Color de la flor:<\/b> Blanco<\/p>\n<p class=\"\"><b class=\"\">Caracter\u00edsticas de la flor: <\/b>Peque\u00f1as flores fragantes agrupadas en inflorescencias<\/p>\n<p class=\"\"><b class=\"\">Temporada de floraci\u00f3n: <\/b>Finales de verano u oto\u00f1o<\/p>\n<p class=\"\"><b class=\"\">Fruto: <\/b>Rojo brillante (drupas) que maduran alrededor de la temporada navide\u00f1a, lo que le da nombre al \u00e1rbol.<\/p>\n<p class=\"\"><b class=\"\">Vida silvestre y ecolog\u00eda: <\/b>H\u00e1bitat de vida silvestre, polinizaci\u00f3n y reproducci\u00f3n, salud del suelo y regulaci\u00f3n del agua<\/p>\n<p class=\"\"><b class=\"\">Notas de horticultura: <\/b>Propagaci\u00f3n por semilla o por esquejes.<\/p>\n<p class=\"\"><b class=\"\">Comentarios:<\/b><\/p>\n","protected":false},"excerpt":{"rendered":"<p><img fetchpriority=\"high\" decoding=\"async\" class=\"alignnone size-medium wp-image-54744\" src=\"https:\/\/smartyplantsnursery.com\/wp-content\/uploads\/2023\/04\/Screenshot-2026-03-03-at-2.22.47-PM-300x185.webp\" alt=\"\" width=\"300\" height=\"185\"><\/p>\n<div class=\"container\">\n<div class=\"table-container\">\n<table>\n<thead>\n<tr>\n<th>Tama\u00f1o de la maceta<\/th>\n<th>Altura media plantada (desde la tierra hasta la parte superior de la planta)<\/th>\n<\/tr>\n<\/thead>\n<tbody>\n<tr>\n<td>3 galones\/10&#8243;<\/td>\n<td>2 &#8211; 3 pies<\/td>\n<\/tr>\n<tr>\n<td>7 galones\/14&#8243;<\/td>\n<td>0,9 &#8211; 1,5 m<\/td>\n<\/tr>\n<tr>\n<td>15 galones\/17&#8243;<\/td>\n<td>1,5 &#8211; 2 m<\/td>\n<\/tr>\n<tr>\n<td>25 galones\/21&#8243;<\/td>\n<td>2 &#8211; 3 m<\/td>\n<\/tr>\n<tr>\n<td>45 galones\/28&#8243;<\/td>\n<td>10 &#8211; 12 pies<\/td>\n<\/tr>\n<\/tbody>\n<\/table>\n<\/div>\n<\/div>\n","protected":false},"featured_media":43610,"comment_status":"open","ping_status":"closed","template":"","meta":[],"product_brand":[],"product_cat":[343,340,344,359,310,384,302,374,369,306,309,360,361,345,308,370,316,335,372,330,303,347,307],"product_tag":[318],"class_list":{"0":"post-45423","1":"product","2":"type-product","3":"status-publish","4":"has-post-thumbnail","6":"product_cat-acido","7":"product_cat-alta","8":"product_cat-arbol","9":"product_cat-arena","10":"product_cat-bien-drenado","11":"product_cat-costero","12":"product_cat-exotica","13":"product_cat-fragante-2","14":"product_cat-franco","15":"product_cat-lenta","16":"product_cat-moderada","17":"product_cat-moderada-es-3","18":"product_cat-moderada-es-4","19":"product_cat-neutro","20":"product_cat-otono","21":"product_cat-palma","22":"product_cat-pequena","23":"product_cat-pleno-sol","24":"product_cat-racimo","25":"product_cat-semilla","26":"product_cat-sol-parcial","27":"product_cat-vastago","28":"product_cat-verano","29":"product_tag-blanco","30":"pa_pot-size-1-galon-6","31":"pa_pot-size-15-galones-17","32":"pa_pot-size-25-galones-21","33":"pa_pot-size-3-galones-10","34":"pa_pot-size-45-galones-28","35":"pa_pot-size-7-galones-14","38":"first","39":"instock","40":"taxable","41":"shipping-taxable","42":"purchasable","43":"product-type-variable"},"aioseo_notices":[],"_links":{"self":[{"href":"https:\/\/smartyplantsnursery.com\/es\/wp-json\/wp\/v2\/product\/45423","targetHints":{"allow":["GET"]}}],"collection":[{"href":"https:\/\/smartyplantsnursery.com\/es\/wp-json\/wp\/v2\/product"}],"about":[{"href":"https:\/\/smartyplantsnursery.com\/es\/wp-json\/wp\/v2\/types\/product"}],"replies":[{"embeddable":true,"href":"https:\/\/smartyplantsnursery.com\/es\/wp-json\/wp\/v2\/comments?post=45423"}],"wp:featuredmedia":[{"embeddable":true,"href":"https:\/\/smartyplantsnursery.com\/es\/wp-json\/wp\/v2\/media\/43610"}],"wp:attachment":[{"href":"https:\/\/smartyplantsnursery.com\/es\/wp-json\/wp\/v2\/media?parent=45423"}],"wp:term":[{"taxonomy":"product_brand","embeddable":true,"href":"https:\/\/smartyplantsnursery.com\/es\/wp-json\/wp\/v2\/product_brand?post=45423"},{"taxonomy":"product_cat","embeddable":true,"href":"https:\/\/smartyplantsnursery.com\/es\/wp-json\/wp\/v2\/product_cat?post=45423"},{"taxonomy":"product_tag","embeddable":true,"href":"https:\/\/smartyplantsnursery.com\/es\/wp-json\/wp\/v2\/product_tag?post=45423"}],"curies":[{"name":"wp","href":"https:\/\/api.w.org\/{rel}","templated":true}]}}