{"id":45426,"date":"2023-04-21T19:42:18","date_gmt":"2023-04-21T19:42:18","guid":{"rendered":"https:\/\/smartyplantsnursery.com\/product\/cafe-arabico-coffea-arabica\/"},"modified":"2026-03-04T18:07:22","modified_gmt":"2026-03-04T18:07:22","slug":"cafe-arabico-coffea-arabica","status":"publish","type":"product","link":"https:\/\/smartyplantsnursery.com\/es\/product\/cafe-arabico-coffea-arabica\/","title":{"rendered":"Caf\u00e9 ar\u00e1bico &#8211; coffea arabica"},"content":{"rendered":"<p><b>Usos generales del paisaje:<\/b> Agrosilvicultura y fincas de caf\u00e9 de sombra, arbusto ornamental en jardines tropicales, setos favorables a los polinizadores<\/p>\n<p><b>Notas sobre restauraci\u00f3n ecol\u00f3gica:<\/b> Su capacidad para prosperar en sistemas de agrosilvicultura de sombra lo convierte en un cultivo sostenible que apoya la biodiversidad, el secuestro de carbono y la salud del suelo.<\/p>\n<p><b>Descripci\u00f3n:<\/b> \u00a1Las plantas de caf\u00e9 son una gran adici\u00f3n al jard\u00edn comestible! Es de esta planta de donde provienen los granos de caf\u00e9, utilizados para crear una de nuestras bebidas favoritas. Puede cosechar sus propios granos recolectando las semillas y tost\u00e1ndolas. Las plantas en s\u00ed son bastante f\u00e1ciles de cultivar.   <\/p>\n<p><b>Dimensiones:<\/b> Altura: 1,80 m<\/p>\n<p><b>Tasa de crecimiento:<\/b> moderada<\/p>\n<p><b>Distribuci\u00f3n nativa:<\/b> Etiop\u00eda y Yemen<\/p>\n<p><b>H\u00e1bitats nativos:<\/b> bosques montanos tropicales<\/p>\n<p><b>Suelos:<\/b> bien drenados, francos, ligeramente \u00e1cidos<\/p>\n<p><b>Requisitos nutricionales:<\/b> Requiere humedad constante para la absorci\u00f3n de nutrientes.<\/p>\n<p><b>Tolerancia al agua salada:<\/b> baja<\/p>\n<p><b>Tolerancia al viento salado:<\/b> baja<\/p>\n<p><b>Tolerancia a la sequ\u00eda:<\/b> moderada<\/p>\n<p><b>Requisitos de luz:<\/b> pleno sol a sombra<\/p>\n<p><b>Color de la flor:<\/b> Blanco<\/p>\n<p><b>Caracter\u00edsticas de la flor:<\/b> en forma de estrella<\/p>\n<p><b>Temporada de floraci\u00f3n:<\/b> despu\u00e9s de los per\u00edodos de lluvia<\/p>\n<p><b>Fruta:<\/b> Comienza verde, se vuelve roja, amarilla o p\u00farpura cuando est\u00e1 madura. Cada fruto contiene dos semillas (granos de caf\u00e9). <\/p>\n<p><b>Vida silvestre y ecolog\u00eda:<\/b> Prospera bajo el dosel forestal, apoyando los sistemas agroforestales; atracci\u00f3n de polinizadores; secuestro de carbono<\/p>\n<p><b>Notas de horticultura:<\/b> Cultivado a partir de semillas o esquejes.<\/p>\n<p><b>Comentarios:<\/b><\/p>\n<p>&nbsp;<\/p>\n<p>&nbsp;<\/p>\n","protected":false},"excerpt":{"rendered":"<p><img fetchpriority=\"high\" decoding=\"async\" class=\"alignnone size-medium wp-image-54744\" src=\"https:\/\/smartyplantsnursery.com\/wp-content\/uploads\/2023\/04\/Screenshot-2026-03-03-at-2.22.47-PM-300x185.png\" alt=\"\" width=\"300\" height=\"185\"><\/p>\n<div class=\"container\">\n<div class=\"table-container\">\n<table>\n<thead>\n<tr>\n<th>Tama\u00f1o de la maceta<\/th>\n<th>Altura media plantada (desde la tierra hasta la parte superior de la planta)<\/th>\n<\/tr>\n<\/thead>\n<tbody>\n<tr>\n<td>1 gal\u00f3n\/6&#8243;<\/td>\n<td>15 cm &#8211; 30 cm<\/td>\n<\/tr>\n<tr>\n<td>3 galones\/10&#8243;<\/td>\n<td>1 &#8211; 2 pies<\/td>\n<\/tr>\n<\/tbody>\n<\/table>\n<\/div>\n<\/div>\n","protected":false},"featured_media":52776,"comment_status":"open","ping_status":"closed","template":"","meta":[],"product_brand":[],"product_cat":[304,353,302,305,358,335,303,349],"product_tag":[],"class_list":{"0":"post-45426","1":"product","2":"type-product","3":"status-publish","4":"has-post-thumbnail","6":"product_cat-arbusto","7":"product_cat-comestible","8":"product_cat-exotica","9":"product_cat-interior","10":"product_cat-plantas-para-mariposas-plantas-para-polinizadores","11":"product_cat-pleno-sol","12":"product_cat-sol-parcial","13":"product_cat-sombra","14":"pa_pot-size-1-galon-6","15":"pa_pot-size-3-galones-10","16":"pa_pot-size-7-galones-14","19":"first","20":"instock","21":"taxable","22":"shipping-taxable","23":"purchasable","24":"product-type-variable"},"aioseo_notices":[],"_links":{"self":[{"href":"https:\/\/smartyplantsnursery.com\/es\/wp-json\/wp\/v2\/product\/45426","targetHints":{"allow":["GET"]}}],"collection":[{"href":"https:\/\/smartyplantsnursery.com\/es\/wp-json\/wp\/v2\/product"}],"about":[{"href":"https:\/\/smartyplantsnursery.com\/es\/wp-json\/wp\/v2\/types\/product"}],"replies":[{"embeddable":true,"href":"https:\/\/smartyplantsnursery.com\/es\/wp-json\/wp\/v2\/comments?post=45426"}],"wp:featuredmedia":[{"embeddable":true,"href":"https:\/\/smartyplantsnursery.com\/es\/wp-json\/wp\/v2\/media\/52776"}],"wp:attachment":[{"href":"https:\/\/smartyplantsnursery.com\/es\/wp-json\/wp\/v2\/media?parent=45426"}],"wp:term":[{"taxonomy":"product_brand","embeddable":true,"href":"https:\/\/smartyplantsnursery.com\/es\/wp-json\/wp\/v2\/product_brand?post=45426"},{"taxonomy":"product_cat","embeddable":true,"href":"https:\/\/smartyplantsnursery.com\/es\/wp-json\/wp\/v2\/product_cat?post=45426"},{"taxonomy":"product_tag","embeddable":true,"href":"https:\/\/smartyplantsnursery.com\/es\/wp-json\/wp\/v2\/product_tag?post=45426"}],"curies":[{"name":"wp","href":"https:\/\/api.w.org\/{rel}","templated":true}]}}