{"id":45440,"date":"2023-04-20T23:55:24","date_gmt":"2023-04-20T23:55:24","guid":{"rendered":"https:\/\/smartyplantsnursery.com\/product\/arbol-del-perfume-chino-aglaia-odorata\/"},"modified":"2026-04-01T13:29:01","modified_gmt":"2026-04-01T13:29:01","slug":"arbol-del-perfume-chino-aglaia-odorata","status":"publish","type":"product","link":"https:\/\/smartyplantsnursery.com\/es\/product\/arbol-del-perfume-chino-aglaia-odorata\/","title":{"rendered":"\u00c1rbol del perfume chino &#8211; aglaia odorata"},"content":{"rendered":"<p class=\"\"><b class=\"\">Usos generales en el paisaje:<\/b> Plantaci\u00f3n ornamental, perfume y aromaterapia, medicina tradicional, jardines de polinizadores<\/p>\n<p class=\"\"><b class=\"\">Notas sobre la restauraci\u00f3n ecol\u00f3gica:<\/b> Estabilizaci\u00f3n del suelo y control de la erosi\u00f3n, mejora de la biodiversidad, creaci\u00f3n de microh\u00e1bitats<\/p>\n<p class=\"\"><b class=\"\">Descripci\u00f3n:<\/b> El \u00e1rbol del perfume chino es un hermoso \u00e1rbol peque\u00f1o con una fragancia incre\u00edble. Las flores amarillas son delicadas y redondas y florecen durante todo el a\u00f1o. Las hojas son de color verde oscuro y brillantes, y el \u00e1rbol se presta bien a la poda si desea darle forma.  <\/p>\n<p class=\"\"><b class=\"\">Dimensiones:<\/b> altura 6-10 pies.<\/p>\n<p class=\"\"><b class=\"\">Tasa de crecimiento:<\/b> moderada<\/p>\n<p class=\"\"><b class=\"\">Distribuci\u00f3n nativa:<\/b> Sudeste de Asia<\/p>\n<p class=\"\"><b class=\"\">H\u00e1bitats nativos:<\/b> Bosques tropicales y subtropicales<\/p>\n<p class=\"\"><b class=\"\">Suelos:<\/b> Suelo bien drenado, f\u00e9rtil y ligeramente \u00e1cido a neutro (pH 6 &#8211; 7,5)<\/p>\n<p class=\"\"><b class=\"\">Requisitos nutricionales:<\/b> moderados<\/p>\n<p class=\"\"><b class=\"\">Tolerancia al agua salada:<\/b> De baja a moderada<\/p>\n<p class=\"\"><b class=\"\">Tolerancia al viento salado:<\/b> moderada<\/p>\n<p class=\"\"><b class=\"\">Tolerancia a la sequ\u00eda:<\/b> moderada<\/p>\n<p class=\"\"><b class=\"\">Requisitos de luz:<\/b> pleno sol a sol parcial<\/p>\n<p class=\"\"><b class=\"\">Color de la flor:<\/b> amarillo<\/p>\n<p class=\"\"><b class=\"\">Caracter\u00edsticas de la flor:<\/b> Fragantes, peque\u00f1as, agrupadas en pan\u00edculas<\/p>\n<p class=\"\"><b class=\"\">Temporada de floraci\u00f3n:<\/b> Todo el a\u00f1o<\/p>\n<p class=\"\"><b class=\"\">Fruto:<\/b> Frutos peque\u00f1os y globosos que se vuelven de color p\u00farpura oscuro o negro cuando est\u00e1n maduros.<\/p>\n<p class=\"\"><b class=\"\">Vida silvestre y ecolog\u00eda:<\/b> Polinizaci\u00f3n, apoyo a la biodiversidad, h\u00e1bitat y refugio, salud del suelo y regulaci\u00f3n de la humedad<\/p>\n<p class=\"\"><b class=\"\">Notas de horticultura:<\/b> Cultivado a partir de esquejes, semillas o acodo a\u00e9reo<\/p>\n<p class=\"\"><b class=\"\">Comentarios:<\/b><\/p>\n","protected":false},"excerpt":{"rendered":"<p><img fetchpriority=\"high\" decoding=\"async\" class=\"alignnone size-medium wp-image-54744\" src=\"https:\/\/smartyplantsnursery.com\/wp-content\/uploads\/2023\/04\/Screenshot-2026-03-03-at-2.22.47-PM-300x185.webp\" alt=\"\" width=\"300\" height=\"185\"><\/p>\n<div class=\"container\">\n<div class=\"table-container\">\n<table>\n<thead>\n<tr>\n<th>Tama\u00f1o de la maceta<\/th>\n<th>Altura media plantada (desde la tierra hasta la parte superior de la planta)<\/th>\n<\/tr>\n<\/thead>\n<tbody>\n<tr>\n<td>3 galones\/10&#8243;<\/td>\n<td>1 &#8211; 2 pies<\/td>\n<\/tr>\n<tr>\n<td>95 litros\/53 cm<\/td>\n<td>1,5 &#8211; 1,7 m<\/td>\n<\/tr>\n<\/tbody>\n<\/table>\n<\/div>\n<\/div>\n","protected":false},"featured_media":53473,"comment_status":"open","ping_status":"closed","template":"","meta":[],"product_brand":[],"product_cat":[343,336,304,311,310,315,302,374,355,326,360,309,361,345,308,316,358,335,323,372,330,303,307],"product_tag":[319],"class_list":{"0":"post-45440","1":"product","2":"type-product","3":"status-publish","4":"has-post-thumbnail","6":"product_cat-acido","7":"product_cat-acodo-aereo","8":"product_cat-arbusto","9":"product_cat-baja","10":"product_cat-bien-drenado","11":"product_cat-esquejes","12":"product_cat-exotica","13":"product_cat-fragante-2","14":"product_cat-invierno","15":"product_cat-moderada-es-2","16":"product_cat-moderada-es-3","17":"product_cat-moderada","18":"product_cat-moderada-es-4","19":"product_cat-neutro","20":"product_cat-otono","21":"product_cat-pequena","22":"product_cat-plantas-para-mariposas-plantas-para-polinizadores","23":"product_cat-pleno-sol","24":"product_cat-primavera","25":"product_cat-racimo","26":"product_cat-semilla","27":"product_cat-sol-parcial","28":"product_cat-verano","29":"product_tag-amarillo","30":"pa_pot-size-1-galon-6","31":"pa_pot-size-25-galones-21","32":"pa_pot-size-3-galones-10","33":"pa_pot-size-7-galones-14","36":"first","37":"instock","38":"taxable","39":"shipping-taxable","40":"purchasable","41":"product-type-variable"},"aioseo_notices":[],"_links":{"self":[{"href":"https:\/\/smartyplantsnursery.com\/es\/wp-json\/wp\/v2\/product\/45440","targetHints":{"allow":["GET"]}}],"collection":[{"href":"https:\/\/smartyplantsnursery.com\/es\/wp-json\/wp\/v2\/product"}],"about":[{"href":"https:\/\/smartyplantsnursery.com\/es\/wp-json\/wp\/v2\/types\/product"}],"replies":[{"embeddable":true,"href":"https:\/\/smartyplantsnursery.com\/es\/wp-json\/wp\/v2\/comments?post=45440"}],"wp:featuredmedia":[{"embeddable":true,"href":"https:\/\/smartyplantsnursery.com\/es\/wp-json\/wp\/v2\/media\/53473"}],"wp:attachment":[{"href":"https:\/\/smartyplantsnursery.com\/es\/wp-json\/wp\/v2\/media?parent=45440"}],"wp:term":[{"taxonomy":"product_brand","embeddable":true,"href":"https:\/\/smartyplantsnursery.com\/es\/wp-json\/wp\/v2\/product_brand?post=45440"},{"taxonomy":"product_cat","embeddable":true,"href":"https:\/\/smartyplantsnursery.com\/es\/wp-json\/wp\/v2\/product_cat?post=45440"},{"taxonomy":"product_tag","embeddable":true,"href":"https:\/\/smartyplantsnursery.com\/es\/wp-json\/wp\/v2\/product_tag?post=45440"}],"curies":[{"name":"wp","href":"https:\/\/api.w.org\/{rel}","templated":true}]}}