{"id":45473,"date":"2023-04-20T23:39:03","date_gmt":"2023-04-20T23:39:03","guid":{"rendered":"https:\/\/smartyplantsnursery.com\/product\/palma-de-gato-chamaedorea-cataractarum\/"},"modified":"2026-03-31T18:13:29","modified_gmt":"2026-03-31T18:13:29","slug":"palma-de-gato-chamaedorea-cataractarum","status":"publish","type":"product","link":"https:\/\/smartyplantsnursery.com\/es\/product\/palma-de-gato-chamaedorea-cataractarum\/","title":{"rendered":"Palma de gato &#8211; chamaedorea cataractarum"},"content":{"rendered":"<p class=\"\"><b class=\"\">Usos generales en el paisaje:<\/b> Jardines tropicales y selv\u00e1ticos, bordes y pantallas, paisajismo ribere\u00f1o y de humedales, control de la erosi\u00f3n<\/p>\n<p class=\"\"><b class=\"\">Notas sobre restauraci\u00f3n ecol\u00f3gica:<\/b> Restauraci\u00f3n ribere\u00f1a y de humedales, reforestaci\u00f3n de sotobosque y restauraci\u00f3n de h\u00e1bitats, reforestaci\u00f3n urbana, secuestro de carbono<\/p>\n<p class=\"\"><b class=\"\">Descripci\u00f3n:<\/b> La palma de gato es una excelente palma peque\u00f1a. Es una palma agrupada que solo alcanza unos 1,8 metros y es vers\u00e1til, ya que vive al sol o a la sombra. Las palmas de gato se pueden usar en el exterior como un acento o agrupadas para dar privacidad. Incluso se pueden cultivar en interiores. \u00a1De bajo mantenimiento, exuberante, tropical, perfecta!    <\/p>\n<p class=\"\"><b class=\"\">Dimensiones:<\/b> Altura 1,2 &#8211; 1,8 m; Extensi\u00f3n 1,2 &#8211; 1,5 m<\/p>\n<p class=\"\"><b class=\"\">Tasa de crecimiento:<\/b> moderada<\/p>\n<p class=\"\"><b class=\"\">Distribuci\u00f3n<\/b> <strong>nativa<\/strong><b class=\"\">:<\/b> sur de M\u00e9xico y Am\u00e9rica Central<\/p>\n<p class=\"\"><b class=\"\">H\u00e1bitats nativos:<\/b> Bosques h\u00famedos y tropicales, a menudo cerca de riberas de r\u00edos, arroyos y cascadas<\/p>\n<p class=\"\"><b class=\"\">Suelos:<\/b> Ricos, bien drenados, francos, pH 6 &#8211; 7<\/p>\n<p class=\"\"><b class=\"\">Requisitos nutricionales:<\/b> moderados<\/p>\n<p class=\"\"><b class=\"\">Tolerancia al agua salada:<\/b> baja a moderada<\/p>\n<p class=\"\"><b class=\"\">Tolerancia al viento salado:<\/b> De baja a moderada<\/p>\n<p class=\"\"><b class=\"\">Tolerancia a la sequ\u00eda:<\/b> alta<\/p>\n<p class=\"\"><b class=\"\">Requisitos de luz:<\/b> pleno sol a sombra<\/p>\n<p class=\"\"><b class=\"\">Color de la flor: <\/b>Verde amarillento<\/p>\n<p class=\"\"><b class=\"\">Caracter\u00edsticas de la flor:<\/b> Peque\u00f1as, que emergen de inflorescencias ramificadas<\/p>\n<p class=\"\"><b class=\"\">Temporada de floraci\u00f3n:<\/b> Desde finales de primavera hasta verano<\/p>\n<p class=\"\"><b class=\"\">Fruto:<\/b> Peque\u00f1o, redondo, negro cuando est\u00e1 maduro<\/p>\n<p class=\"\"><b class=\"\">Vida silvestre y ecolog\u00eda:<\/b> Estabilizaci\u00f3n del suelo, creaci\u00f3n de h\u00e1bitats, biodiversidad<\/p>\n<p class=\"\"><b class=\"\">Notas de horticultura:<\/b> Cultivada a partir de semillas o divisi\u00f3n<\/p>\n<p class=\"\"><b class=\"\">Comentarios:<\/b><\/p>\n<p>&nbsp;<\/p>\n","protected":false},"excerpt":{"rendered":"<p><img fetchpriority=\"high\" decoding=\"async\" class=\"alignnone size-medium wp-image-54744\" src=\"https:\/\/smartyplantsnursery.com\/wp-content\/uploads\/2023\/04\/Screenshot-2026-03-03-at-2.22.47-PM-300x185.webp\" alt=\"\" width=\"300\" height=\"185\"><\/p>\n<div class=\"container\">\n<div class=\"table-container\">\n<table>\n<thead>\n<tr>\n<th>Tama\u00f1o de la maceta<\/th>\n<th>Altura media plantada (desde la tierra hasta la parte superior de la planta)<\/th>\n<\/tr>\n<\/thead>\n<tbody>\n<tr>\n<td>3 galones\/10&#8243;<\/td>\n<td>1 &#8211; 2 pies<\/td>\n<\/tr>\n<tr>\n<td>7 galones\/14&#8243;<\/td>\n<td>2 &#8211; 4 pies<\/td>\n<\/tr>\n<tr>\n<td>15 galones\/17&#8243;<\/td>\n<td>4 &#8211; 6 pies<\/td>\n<\/tr>\n<tr>\n<td>25 galones\/21&#8243;<\/td>\n<td>1,8 &#8211; 2,1 m<\/td>\n<\/tr>\n<\/tbody>\n<\/table>\n<\/div>\n<\/div>\n","protected":false},"featured_media":51968,"comment_status":"open","ping_status":"closed","template":"","meta":[],"product_brand":[],"product_cat":[343,340,304,312,311,310,375,331,302,369,305,309,360,361,326,345,370,378,316,335,323,330,332,303,349,307],"product_tag":[319,327],"class_list":{"0":"post-45473","1":"product","2":"type-product","3":"status-publish","4":"has-post-thumbnail","6":"product_cat-acido","7":"product_cat-alta","8":"product_cat-arbusto","9":"product_cat-baja-es","10":"product_cat-baja","11":"product_cat-bien-drenado","12":"product_cat-borde","13":"product_cat-division-es","14":"product_cat-exotica","15":"product_cat-franco","16":"product_cat-interior","17":"product_cat-moderada","18":"product_cat-moderada-es-3","19":"product_cat-moderada-es-4","20":"product_cat-moderada-es-2","21":"product_cat-neutro","22":"product_cat-palma","23":"product_cat-pantalla","24":"product_cat-pequena","25":"product_cat-pleno-sol","26":"product_cat-primavera","27":"product_cat-semilla","28":"product_cat-seto","29":"product_cat-sol-parcial","30":"product_cat-sombra","31":"product_cat-verano","32":"product_tag-amarillo","33":"product_tag-verde","34":"pa_pot-size-1-galon-6","35":"pa_pot-size-15-galones-17","36":"pa_pot-size-25-galones-21","37":"pa_pot-size-3-galones-10","38":"pa_pot-size-7-galones-14","41":"first","42":"instock","43":"taxable","44":"shipping-taxable","45":"purchasable","46":"product-type-variable"},"aioseo_notices":[],"_links":{"self":[{"href":"https:\/\/smartyplantsnursery.com\/es\/wp-json\/wp\/v2\/product\/45473","targetHints":{"allow":["GET"]}}],"collection":[{"href":"https:\/\/smartyplantsnursery.com\/es\/wp-json\/wp\/v2\/product"}],"about":[{"href":"https:\/\/smartyplantsnursery.com\/es\/wp-json\/wp\/v2\/types\/product"}],"replies":[{"embeddable":true,"href":"https:\/\/smartyplantsnursery.com\/es\/wp-json\/wp\/v2\/comments?post=45473"}],"wp:featuredmedia":[{"embeddable":true,"href":"https:\/\/smartyplantsnursery.com\/es\/wp-json\/wp\/v2\/media\/51968"}],"wp:attachment":[{"href":"https:\/\/smartyplantsnursery.com\/es\/wp-json\/wp\/v2\/media?parent=45473"}],"wp:term":[{"taxonomy":"product_brand","embeddable":true,"href":"https:\/\/smartyplantsnursery.com\/es\/wp-json\/wp\/v2\/product_brand?post=45473"},{"taxonomy":"product_cat","embeddable":true,"href":"https:\/\/smartyplantsnursery.com\/es\/wp-json\/wp\/v2\/product_cat?post=45473"},{"taxonomy":"product_tag","embeddable":true,"href":"https:\/\/smartyplantsnursery.com\/es\/wp-json\/wp\/v2\/product_tag?post=45473"}],"curies":[{"name":"wp","href":"https:\/\/api.w.org\/{rel}","templated":true}]}}