{"id":45482,"date":"2023-04-20T21:40:29","date_gmt":"2023-04-20T21:40:29","guid":{"rendered":"https:\/\/smartyplantsnursery.com\/product\/verawood-bulnesia-arborea\/"},"modified":"2025-12-12T19:34:38","modified_gmt":"2025-12-12T19:34:38","slug":"verawood-bulnesia-arborea","status":"publish","type":"product","link":"https:\/\/smartyplantsnursery.com\/es\/product\/verawood-bulnesia-arborea\/","title":{"rendered":"Verawood &#8211; bulnesia arborea"},"content":{"rendered":"<p class=\"\"><b class=\"\">Usos generales en el paisaje:<\/b> \u00c1rbol de sombra, esp\u00e9cimen ornamental o \u00e1rbol urbano en regiones tropicales y subtropicales.<\/p>\n<p class=\"\"><b class=\"\">Notas sobre la restauraci\u00f3n ecol\u00f3gica:<\/b> Reforestaci\u00f3n de tierras secas<\/p>\n<p class=\"\"><b class=\"\">Descripci\u00f3n:<\/b> Bulnesia o Verawood es un \u00e1rbol de sombra y esp\u00e9cimen fant\u00e1stico. Produce ex\u00f3ticas flores de color amarillo mantecoso en primavera, verano y oto\u00f1o. Bulnesia tambi\u00e9n tiene hojas parecidas a helechos que forman un dosel exuberante y atractivo.  <\/p>\n<p class=\"\"><b class=\"\">Dimensiones:<\/b> Altura 20 pies.<\/p>\n<p class=\"\"><b class=\"\">Tasa de crecimiento:<\/b> Lento a moderado<\/p>\n<p class=\"\"><b class=\"\">Distribuci\u00f3n nativa:<\/b> norte de Sudam\u00e9rica<\/p>\n<p class=\"\"><b class=\"\">H\u00e1bitats nativos:<\/b> Bosques tropicales secos, laderas y bordes de sabanas.<\/p>\n<p class=\"\"><b class=\"\">Suelos:<\/b> Bien drenados, arenosos o limosos<\/p>\n<p class=\"\"><b class=\"\">Requisitos nutricionales:<\/b> bajos<\/p>\n<p class=\"\"><b class=\"\">Tolerancia al agua salada:<\/b> Baja; no apto para suelos salinos o riego con agua salobre.<\/p>\n<p class=\"\"><b class=\"\">Tolerancia al viento salado:<\/b> Baja a moderada; evite la exposici\u00f3n costera directa.<\/p>\n<p class=\"\"><b class=\"\">Tolerancia a la sequ\u00eda:<\/b> alta<\/p>\n<p class=\"\"><b class=\"\">Requisitos de luz:<\/b> pleno sol<\/p>\n<p class=\"\"><b class=\"\">Color de la flor: <\/b>amarillo<\/p>\n<p class=\"\"><b class=\"\">Caracter\u00edsticas de la flor:<\/b> llamativas<\/p>\n<p class=\"\"><b class=\"\">Temporada de floraci\u00f3n:<\/b> de primavera a verano<\/p>\n<p class=\"\"><b class=\"\">Fruto:<\/b> S\u00e1maras peque\u00f1as y aladas (fruto seco dispersado por el viento).<\/p>\n<p class=\"\"><b class=\"\">Vida silvestre y ecolog\u00eda:<\/b> Las flores atraen a los polinizadores, las aves consumen las semillas<\/p>\n<p class=\"\"><b class=\"\">Notas de horticultura:<\/b> Se propaga por semilla, esquejes<\/p>\n<p class=\"\"><b class=\"\">Comentarios:<\/b><\/p>\n","protected":false},"excerpt":{"rendered":"<p><img decoding=\"async\" class=\"alignnone size-medium wp-image-31863\" src=\"https:\/\/smartyplantsnursery.com\/wp-content\/uploads\/2023\/04\/Screen-Shot-2023-04-22-at-11.28.02-PM-300x134.png\" alt=\"\" width=\"300\" height=\"134\"><\/p>\n<div class=\"container\">\n<div class=\"table-container\">\n<table>\n<thead>\n<tr>\n<th>Tama\u00f1o de la maceta<\/th>\n<th>Altura media plantada (desde la tierra hasta la parte superior de la planta)<\/th>\n<th>Calibre<\/th>\n<\/tr>\n<\/thead>\n<tbody>\n<tr>\n<td>3 galones\/10&#8243;<\/td>\n<td>2 &#8211; 3 pies<\/td>\n<td><\/td>\n<\/tr>\n<tr>\n<td>7 galones\/14&#8243;<\/td>\n<td>3 &#8211; 6 pies<\/td>\n<td><\/td>\n<\/tr>\n<tr>\n<td>Maceta de 57 l\/43 cm<\/td>\n<td>1,8 &#8211; 3 m<\/td>\n<td><\/td>\n<\/tr>\n<tr>\n<td>25 galones\/21&#8243;<\/td>\n<td>3 &#8211; 3,6 m<\/td>\n<td>3,8 &#8211; 5 cm<\/td>\n<\/tr>\n<tr>\n<td>45 galones\/28&#8243;<\/td>\n<td>3,6 &#8211; 4,2 m<\/td>\n<td>5 &#8211; 6,3 cm<\/td>\n<\/tr>\n<tr>\n<td>65 galones\/32&#8243;<\/td>\n<td>14 &#8211; 16 pies<\/td>\n<td>2.5 &#8211; 3 pulg.<\/td>\n<\/tr>\n<tr>\n<td>Maceta de 378 l\/91 cm<\/td>\n<td>4,8 &#8211; 5,5 m<\/td>\n<td>7,6 &#8211; 10 cm<\/td>\n<\/tr>\n<\/tbody>\n<\/table>\n<\/div>\n<\/div>\n","protected":false},"featured_media":48564,"comment_status":"open","ping_status":"closed","template":"","meta":[],"product_brand":[],"product_cat":[340,344,371,359,311,312,357,310,315,302,369,306,324,326,314,335,323,330,307],"product_tag":[319],"class_list":{"0":"post-45482","1":"product","2":"type-product","3":"status-publish","4":"has-post-thumbnail","6":"product_cat-alta","7":"product_cat-arbol","8":"product_cat-arbol-de-sombra","9":"product_cat-arena","10":"product_cat-baja","11":"product_cat-baja-es","12":"product_cat-baja-es-3","13":"product_cat-bien-drenado","14":"product_cat-esquejes","15":"product_cat-exotica","16":"product_cat-franco","17":"product_cat-lenta","18":"product_cat-llamativo","19":"product_cat-moderada-es-2","20":"product_cat-planta-de-especimen","21":"product_cat-pleno-sol","22":"product_cat-primavera","23":"product_cat-semilla","24":"product_cat-verano","25":"product_tag-amarillo","26":"pa_pot-size-1-galon-6","27":"pa_pot-size-100-galones-36","28":"pa_pot-size-15-galones-17","29":"pa_pot-size-25-galones-21","30":"pa_pot-size-3-galones-10","31":"pa_pot-size-45-galones-28","32":"pa_pot-size-65-galones-32","33":"pa_pot-size-7-galones-14","36":"first","37":"instock","38":"taxable","39":"shipping-taxable","40":"purchasable","41":"product-type-variable"},"aioseo_notices":[],"_links":{"self":[{"href":"https:\/\/smartyplantsnursery.com\/es\/wp-json\/wp\/v2\/product\/45482","targetHints":{"allow":["GET"]}}],"collection":[{"href":"https:\/\/smartyplantsnursery.com\/es\/wp-json\/wp\/v2\/product"}],"about":[{"href":"https:\/\/smartyplantsnursery.com\/es\/wp-json\/wp\/v2\/types\/product"}],"replies":[{"embeddable":true,"href":"https:\/\/smartyplantsnursery.com\/es\/wp-json\/wp\/v2\/comments?post=45482"}],"wp:featuredmedia":[{"embeddable":true,"href":"https:\/\/smartyplantsnursery.com\/es\/wp-json\/wp\/v2\/media\/48564"}],"wp:attachment":[{"href":"https:\/\/smartyplantsnursery.com\/es\/wp-json\/wp\/v2\/media?parent=45482"}],"wp:term":[{"taxonomy":"product_brand","embeddable":true,"href":"https:\/\/smartyplantsnursery.com\/es\/wp-json\/wp\/v2\/product_brand?post=45482"},{"taxonomy":"product_cat","embeddable":true,"href":"https:\/\/smartyplantsnursery.com\/es\/wp-json\/wp\/v2\/product_cat?post=45482"},{"taxonomy":"product_tag","embeddable":true,"href":"https:\/\/smartyplantsnursery.com\/es\/wp-json\/wp\/v2\/product_tag?post=45482"}],"curies":[{"name":"wp","href":"https:\/\/api.w.org\/{rel}","templated":true}]}}