{"id":45492,"date":"2023-04-20T16:59:07","date_gmt":"2023-04-20T16:59:07","guid":{"rendered":"https:\/\/smartyplantsnursery.com\/product\/bulbine-bulbine-frutescens\/"},"modified":"2026-03-13T15:51:16","modified_gmt":"2026-03-13T15:51:16","slug":"bulbine-bulbine-frutescens","status":"publish","type":"product","link":"https:\/\/smartyplantsnursery.com\/es\/product\/bulbine-bulbine-frutescens\/","title":{"rendered":"Bulbine &#8211; bulbine frutescens"},"content":{"rendered":"<div>\n<p class=\"\"><b class=\"\">Usos generales en el paisajismo:<\/b> Paisajismo tolerante a la sequ\u00eda, cobertura del suelo, control de la erosi\u00f3n, jardines de polinizadores, jardiner\u00eda en contenedores<\/p>\n<p class=\"\"><b class=\"\">Notas sobre la restauraci\u00f3n ecol\u00f3gica:<\/b> Estabilizaci\u00f3n del suelo y control de la erosi\u00f3n, resistencia a la sequ\u00eda y crecimiento de bajo mantenimiento, biodiversidad y apoyo a los polinizadores, potencial de restauraci\u00f3n salina y costera,<\/p>\n<p class=\"\"><b class=\"\">Descripci\u00f3n:<\/b> Bulbine es una colorida cobertura del suelo que produce una flor amarilla que se eleva 15 cm por encima de las hojas. Con floraci\u00f3n principalmente en verano, Bulbine es una planta sin mantenimiento y f\u00e1cil de cuidar. Queda genial cuando se combina con el ajo de la sociedad para darle a tu jard\u00edn ese toque extra.  <\/p>\n<p class=\"\"><b class=\"\">Dimensiones:<\/b> Altura 0,3 &#8211; 0,6 m.<\/p>\n<p class=\"\"><b class=\"\">Tasa de crecimiento:<\/b> de moderada a r\u00e1pida<\/p>\n<p class=\"\"><b class=\"\">\u00c1rea de distribuci\u00f3n nativa:<\/b> Sud\u00e1frica<\/p>\n<p class=\"\"><b class=\"\">H\u00e1bitats nativos:<\/b> Pastizales, laderas rocosas y suelos arenosos<\/p>\n<p class=\"\"><b class=\"\">Suelos:<\/b> Suelo arenoso o limoso con buen drenaje<\/p>\n<p class=\"\"><b class=\"\">Requisitos nutricionales:<\/b> bajos<\/p>\n<p class=\"\"><b class=\"\">Tolerancia al agua salada:<\/b> moderada<\/p>\n<p class=\"\"><b class=\"\">Tolerancia al viento salado:<\/b> moderada<\/p>\n<p class=\"\"><b class=\"\">Tolerancia a la sequ\u00eda:<\/b> alta<\/p>\n<p class=\"\"><b class=\"\">Requisitos de luz:<\/b> pleno sol a sol parcial<\/p>\n<p class=\"\"><b class=\"\">Color de la flor:<\/b> amarillo<\/p>\n<p class=\"\"><b class=\"\">Caracter\u00edsticas de la flor:<\/b> Peque\u00f1a, en forma de estrella<\/p>\n<p class=\"\"><b class=\"\">Temporada de floraci\u00f3n:<\/b> Verano<\/p>\n<p class=\"\"><b class=\"\">Fruto:<\/b> C\u00e1psula peque\u00f1a y seca que comienza verde y madura a un color marr\u00f3n claro<\/p>\n<p class=\"\"><b class=\"\">Vida silvestre y ecolog\u00eda:<\/b> Estabilizaci\u00f3n del suelo y control de la erosi\u00f3n, apoyo a los polinizadores y la vida silvestre, resistencia a la sequ\u00eda y conservaci\u00f3n del agua, h\u00e1bitat nativo y adaptabilidad, papel en la restauraci\u00f3n ecol\u00f3gica, tolerancia a la sal y a la costa<\/p>\n<p class=\"\"><b class=\"\">Notas de horticultura:<\/b> Se cultiva a partir de divisi\u00f3n y semillas.<\/p>\n<p class=\"\"><b class=\"\">Comentarios:<\/b><\/p>\n<\/div>\n<div><\/div>\n<div><\/div>\n<div class=\"chkout-product-info-lbl\"><\/div>\n","protected":false},"excerpt":{"rendered":"<p><img fetchpriority=\"high\" decoding=\"async\" class=\"alignnone size-medium wp-image-54744\" src=\"https:\/\/smartyplantsnursery.com\/wp-content\/uploads\/2023\/04\/Screenshot-2026-03-03-at-2.22.47-PM-300x185.webp\" alt=\"\" width=\"300\" height=\"185\"><\/p>\n<div class=\"container\">\n<div class=\"table-container\">\n<table>\n<thead>\n<tr>\n<th>Tama\u00f1o de la maceta<\/th>\n<th>Altura media plantada (desde la tierra hasta la parte superior de la planta)<\/th>\n<\/tr>\n<\/thead>\n<tbody>\n<tr>\n<td>1 gal\u00f3n\/6&#8243;<\/td>\n<td>15 cm &#8211; 30 cm<\/td>\n<\/tr>\n<\/tbody>\n<\/table>\n<\/div>\n<\/div>\n","protected":false},"featured_media":43546,"comment_status":"open","ping_status":"closed","template":"","meta":[],"product_brand":[],"product_cat":[340,359,357,310,321,317,331,302,369,326,360,361,316,358,335,322,330,303,307],"product_tag":[319],"class_list":{"0":"post-45492","1":"product","2":"type-product","3":"status-publish","4":"has-post-thumbnail","6":"product_cat-alta","7":"product_cat-arena","8":"product_cat-baja-es-3","9":"product_cat-bien-drenado","10":"product_cat-cobertura-del-suelo","11":"product_cat-contenedor","12":"product_cat-division-es","13":"product_cat-exotica","14":"product_cat-franco","15":"product_cat-moderada-es-2","16":"product_cat-moderada-es-3","17":"product_cat-moderada-es-4","18":"product_cat-pequena","19":"product_cat-plantas-para-mariposas-plantas-para-polinizadores","20":"product_cat-pleno-sol","21":"product_cat-rapido","22":"product_cat-semilla","23":"product_cat-sol-parcial","24":"product_cat-verano","25":"product_tag-amarillo","26":"pa_pot-size-1-galon-6","27":"pa_pot-size-3-galones-10","28":"pa_pot-size-7-galones-14","31":"first","32":"instock","33":"taxable","34":"shipping-taxable","35":"purchasable","36":"product-type-variable"},"aioseo_notices":[],"_links":{"self":[{"href":"https:\/\/smartyplantsnursery.com\/es\/wp-json\/wp\/v2\/product\/45492","targetHints":{"allow":["GET"]}}],"collection":[{"href":"https:\/\/smartyplantsnursery.com\/es\/wp-json\/wp\/v2\/product"}],"about":[{"href":"https:\/\/smartyplantsnursery.com\/es\/wp-json\/wp\/v2\/types\/product"}],"replies":[{"embeddable":true,"href":"https:\/\/smartyplantsnursery.com\/es\/wp-json\/wp\/v2\/comments?post=45492"}],"wp:featuredmedia":[{"embeddable":true,"href":"https:\/\/smartyplantsnursery.com\/es\/wp-json\/wp\/v2\/media\/43546"}],"wp:attachment":[{"href":"https:\/\/smartyplantsnursery.com\/es\/wp-json\/wp\/v2\/media?parent=45492"}],"wp:term":[{"taxonomy":"product_brand","embeddable":true,"href":"https:\/\/smartyplantsnursery.com\/es\/wp-json\/wp\/v2\/product_brand?post=45492"},{"taxonomy":"product_cat","embeddable":true,"href":"https:\/\/smartyplantsnursery.com\/es\/wp-json\/wp\/v2\/product_cat?post=45492"},{"taxonomy":"product_tag","embeddable":true,"href":"https:\/\/smartyplantsnursery.com\/es\/wp-json\/wp\/v2\/product_tag?post=45492"}],"curies":[{"name":"wp","href":"https:\/\/api.w.org\/{rel}","templated":true}]}}