{"id":45500,"date":"2023-04-20T16:51:24","date_gmt":"2023-04-20T16:51:24","guid":{"rendered":"https:\/\/smartyplantsnursery.com\/product\/bromelia-odorata-alcantarea-odorata\/"},"modified":"2026-01-28T15:11:46","modified_gmt":"2026-01-28T15:11:46","slug":"bromelia-odorata-alcantarea-odorata","status":"publish","type":"product","link":"https:\/\/smartyplantsnursery.com\/es\/product\/bromelia-odorata-alcantarea-odorata\/","title":{"rendered":"Bromelia odorata &#8211; alcantarea odorata"},"content":{"rendered":"<p class=\"\"><b class=\"\">Usos generales en el paisajismo:<\/b> Planta ornamental, xerojardiner\u00eda, acento en patios, plantaciones masivas, impacto vertical<\/p>\n<p class=\"\"><b class=\"\">Notas sobre restauraci\u00f3n ecol\u00f3gica:<\/b> Estabilizaci\u00f3n del suelo, creaci\u00f3n de microh\u00e1bitats, tolerancia a la sequ\u00eda, apoyo a los polinizadores<\/p>\n<p class=\"\"><b class=\"\">Descripci\u00f3n:<\/b> La bromelia odorata tiene hermosas hojas plateadas y es una pieza central o un acento elegante. Las bromelias son f\u00e1ciles de cultivar, necesitan poca agua y casi ning\u00fan mantenimiento. <\/p>\n<p class=\"\"><b class=\"\">Dimensiones:<\/b> Altura 3 pies.<\/p>\n<p class=\"\"><b class=\"\">Tasa de crecimiento:<\/b> Lento a moderado<\/p>\n<p class=\"\"><b class=\"\">Distribuci\u00f3n nativa:<\/b> Brasil<\/p>\n<p class=\"\"><b class=\"\">H\u00e1bitats nativos:<\/b> Monta\u00f1as, inselbergs, acantilados rocosos y afloramientos<\/p>\n<p class=\"\"><b class=\"\">Suelos:<\/b> Con buen drenaje<\/p>\n<p class=\"\"><b class=\"\">Requisitos nutricionales:<\/b> moderados<\/p>\n<p class=\"\"><b class=\"\">Tolerancia al agua salada:<\/b> De baja a moderada<\/p>\n<p class=\"\"><b class=\"\">Tolerancia al viento salado:<\/b> moderada<\/p>\n<p class=\"\"><b class=\"\">Tolerancia a la sequ\u00eda:<\/b> moderada<\/p>\n<p class=\"\"><b class=\"\">Requisitos de luz:<\/b> desde sombra total hasta pleno sol<\/p>\n<p class=\"\"><b class=\"\">Color de la flor:<\/b> Blanco cremoso a amarillo p\u00e1lido<\/p>\n<p class=\"\"><b class=\"\">Caracter\u00edsticas de la flor:<\/b> Alta, fragante<\/p>\n<p class=\"\"><b class=\"\">Temporada de floraci\u00f3n:<\/b> Una vez en plena madurez<\/p>\n<p class=\"\"><b class=\"\">Fruto:<\/b> Una c\u00e1psula seca<\/p>\n<p class=\"\"><b class=\"\">Vida silvestre y ecolog\u00eda:<\/b> Dep\u00f3sito de agua, atracci\u00f3n de polinizadores, estabilizaci\u00f3n del h\u00e1bitat, apoyo a la biodiversidad<\/p>\n<p class=\"\"><b class=\"\">Notas de horticultura:<\/b> Cultivado a partir de hijuelos (brotes laterales), semillas<\/p>\n<p class=\"\"><b class=\"\">Comentarios:<\/b><\/p>\n","protected":false},"excerpt":{"rendered":"<p><img decoding=\"async\" class=\"alignnone size-medium wp-image-31863\" src=\"https:\/\/smartyplantsnursery.com\/wp-content\/uploads\/2023\/04\/Screen-Shot-2023-04-22-at-11.28.02-PM-300x134.png\" alt=\"\" width=\"300\" height=\"134\"><\/p>\n<div class=\"container\">\n<div class=\"table-container\">\n<table>\n<thead>\n<tr>\n<th>Tama\u00f1o de la maceta<\/th>\n<th>Altura media plantada (desde la tierra hasta la parte superior de la planta)<\/th>\n<\/tr>\n<\/thead>\n<tbody>\n<tr>\n<td>3 galones\/10&#8243;<\/td>\n<td>1 &#8211; 2 pies<\/td>\n<\/tr>\n<tr>\n<td>7 galones\/14&#8243;<\/td>\n<td>0,6 &#8211; 0,9 m<\/td>\n<\/tr>\n<tr>\n<td>15 galones\/17&#8243;<\/td>\n<td>0,9 &#8211; 1,2 m<\/td>\n<\/tr>\n<\/tbody>\n<\/table>\n<\/div>\n<\/div>\n","protected":false},"featured_media":44517,"comment_status":"open","ping_status":"closed","template":"","meta":[],"product_brand":[],"product_cat":[311,310,394,374,306,309,313,360,361,326,334,314,335,330,303,349,347,342],"product_tag":[319,318],"class_list":{"0":"post-45500","1":"product","2":"type-product","3":"status-publish","4":"has-post-thumbnail","6":"product_cat-baja","7":"product_cat-bien-drenado","8":"product_cat-epifita","9":"product_cat-fragante-2","10":"product_cat-lenta","11":"product_cat-moderada","12":"product_cat-moderada-es","13":"product_cat-moderada-es-3","14":"product_cat-moderada-es-4","15":"product_cat-moderada-es-2","16":"product_cat-planta-de-acento","17":"product_cat-planta-de-especimen","18":"product_cat-pleno-sol","19":"product_cat-semilla","20":"product_cat-sol-parcial","21":"product_cat-sombra","22":"product_cat-vastago","23":"product_cat-xerojardin","24":"product_tag-amarillo","25":"product_tag-blanco","26":"pa_pot-size-1-galon-6","27":"pa_pot-size-15-galones-17","28":"pa_pot-size-3-galones-10","29":"pa_pot-size-7-galones-14","32":"first","33":"instock","34":"taxable","35":"shipping-taxable","36":"purchasable","37":"product-type-variable"},"aioseo_notices":[],"_links":{"self":[{"href":"https:\/\/smartyplantsnursery.com\/es\/wp-json\/wp\/v2\/product\/45500","targetHints":{"allow":["GET"]}}],"collection":[{"href":"https:\/\/smartyplantsnursery.com\/es\/wp-json\/wp\/v2\/product"}],"about":[{"href":"https:\/\/smartyplantsnursery.com\/es\/wp-json\/wp\/v2\/types\/product"}],"replies":[{"embeddable":true,"href":"https:\/\/smartyplantsnursery.com\/es\/wp-json\/wp\/v2\/comments?post=45500"}],"wp:featuredmedia":[{"embeddable":true,"href":"https:\/\/smartyplantsnursery.com\/es\/wp-json\/wp\/v2\/media\/44517"}],"wp:attachment":[{"href":"https:\/\/smartyplantsnursery.com\/es\/wp-json\/wp\/v2\/media?parent=45500"}],"wp:term":[{"taxonomy":"product_brand","embeddable":true,"href":"https:\/\/smartyplantsnursery.com\/es\/wp-json\/wp\/v2\/product_brand?post=45500"},{"taxonomy":"product_cat","embeddable":true,"href":"https:\/\/smartyplantsnursery.com\/es\/wp-json\/wp\/v2\/product_cat?post=45500"},{"taxonomy":"product_tag","embeddable":true,"href":"https:\/\/smartyplantsnursery.com\/es\/wp-json\/wp\/v2\/product_tag?post=45500"}],"curies":[{"name":"wp","href":"https:\/\/api.w.org\/{rel}","templated":true}]}}