{"id":45506,"date":"2023-04-20T23:13:36","date_gmt":"2023-04-20T23:13:36","guid":{"rendered":"https:\/\/smartyplantsnursery.com\/product\/carambola-fruta-estrella-averrhoa-carambola\/"},"modified":"2026-03-31T17:52:51","modified_gmt":"2026-03-31T17:52:51","slug":"carambola-fruta-estrella-averrhoa-carambola","status":"publish","type":"product","link":"https:\/\/smartyplantsnursery.com\/es\/product\/carambola-fruta-estrella-averrhoa-carambola\/","title":{"rendered":"Carambola, fruta estrella &#8211; averrhoa carambola"},"content":{"rendered":"<p class=\"\"><b class=\"\">Usos generales en el paisaje: <\/b>Paisajismo comestible, \u00e1rbol de sombra, jard\u00edn para polinizadores y vida silvestre<\/p>\n<p class=\"\"><b class=\"\">Notas sobre la restauraci\u00f3n ecol\u00f3gica: <\/b>Estabilizaci\u00f3n del suelo y control de la erosi\u00f3n, apoyo al h\u00e1bitat de polinizadores y vida silvestre, secuestro de carbono, resiliencia y adaptaci\u00f3n clim\u00e1tica,<\/p>\n<p class=\"\"><b class=\"\">Descripci\u00f3n: <\/b>La carambola es una fruta de forma extra\u00f1a con un sabor dulce. La temporada de producci\u00f3n de fruta es de agosto a marzo, con una abundancia de fruta durante ese per\u00edodo. <\/p>\n<p class=\"\"><b class=\"\">Dimensiones: <\/b>Altura 12 pies.<\/p>\n<p class=\"\"><b class=\"\">Tasa de crecimiento:<\/b> De moderada a r\u00e1pida<\/p>\n<p class=\"\"><b class=\"\">Distribuci\u00f3n nativa:<\/b> Sudeste de Asia<\/p>\n<p class=\"\"><b class=\"\">H\u00e1bitats nativos: <\/b>Selvas tropicales y tierras bajas h\u00famedas, zonas ribere\u00f1as<\/p>\n<p class=\"\"><b class=\"\">Suelos: <\/b>Suelo bien drenado, limoso o arenoso con buen contenido org\u00e1nico, pH 5.5 &#8211; 6.5<\/p>\n<p class=\"\"><b class=\"\">Requisitos nutricionales:<\/b> moderados<\/p>\n<p class=\"\"><b class=\"\">Tolerancia al agua salada:<\/b> baja<\/p>\n<p class=\"\"><b class=\"\">Tolerancia al viento salado:<\/b> baja<\/p>\n<p class=\"\"><b class=\"\">Tolerancia a la sequ\u00eda:<\/b> moderada<\/p>\n<p class=\"\"><b class=\"\">Requisitos de luz:<\/b> pleno sol<\/p>\n<p class=\"\"><b class=\"\">Color de la flor: <\/b>De rosa a lavanda<\/p>\n<p class=\"\"><b class=\"\">Caracter\u00edsticas de la flor: <\/b>Peque\u00f1as, en forma de estrella que crecen en racimos en las ramas y el tronco<\/p>\n<p class=\"\"><b class=\"\">Temporada de floraci\u00f3n:<\/b> Todo el a\u00f1o<\/p>\n<p class=\"\"><b class=\"\">Fruta: <\/b>En forma de estrella, verde cuando est\u00e1 inmadura, volvi\u00e9ndose de color amarillo brillante a naranja dorado cuando est\u00e1 madura<\/p>\n<p class=\"\"><b class=\"\">Vida silvestre y ecolog\u00eda: <\/b>Apoya a los polinizadores, alimento para aves y peque\u00f1os mam\u00edferos, \u00e1rbol de sombra en los bosques tropicales<\/p>\n<p class=\"\"><b class=\"\">Notas de horticultura: <\/b>Propagaci\u00f3n por semilla, injerto o acodo a\u00e9reo<\/p>\n<p class=\"\"><b class=\"\">Comentarios:<\/b><\/p>\n<p>&nbsp;<\/p>\n<div class=\"chkout-product-info-lbl\"><\/div>\n","protected":false},"excerpt":{"rendered":"<p><img fetchpriority=\"high\" decoding=\"async\" class=\"alignnone size-medium wp-image-54744\" src=\"https:\/\/smartyplantsnursery.com\/wp-content\/uploads\/2023\/04\/Screenshot-2026-03-03-at-2.22.47-PM-300x185.webp\" alt=\"\" width=\"300\" height=\"185\"><\/p>\n<div class=\"container\">\n<div class=\"table-container\">\n<table>\n<thead>\n<tr>\n<th>Tama\u00f1o de la maceta<\/th>\n<th>Altura media plantada (desde la tierra hasta la parte superior de la planta)<\/th>\n<\/tr>\n<\/thead>\n<tbody>\n<tr>\n<td>7 galones\/14&#8243;<\/td>\n<td>2 &#8211; 4 pies<\/td>\n<\/tr>\n<tr>\n<td>15 galones\/17&#8243;<\/td>\n<td>4 &#8211; 6 pies<\/td>\n<\/tr>\n<\/tbody>\n<\/table>\n<\/div>\n<\/div>\n","protected":false},"featured_media":43564,"comment_status":"open","ping_status":"closed","template":"","meta":[],"product_brand":[],"product_cat":[343,336,344,371,359,311,312,310,353,369,379,355,309,313,326,308,316,358,335,323,372,322,330,307],"product_tag":[337,352],"class_list":{"0":"post-45506","1":"product","2":"type-product","3":"status-publish","4":"has-post-thumbnail","6":"product_cat-acido","7":"product_cat-acodo-aereo","8":"product_cat-arbol","9":"product_cat-arbol-de-sombra","10":"product_cat-arena","11":"product_cat-baja","12":"product_cat-baja-es","13":"product_cat-bien-drenado","14":"product_cat-comestible","15":"product_cat-franco","16":"product_cat-injerto","17":"product_cat-invierno","18":"product_cat-moderada","19":"product_cat-moderada-es","20":"product_cat-moderada-es-2","21":"product_cat-otono","22":"product_cat-pequena","23":"product_cat-plantas-para-mariposas-plantas-para-polinizadores","24":"product_cat-pleno-sol","25":"product_cat-primavera","26":"product_cat-racimo","27":"product_cat-rapido","28":"product_cat-semilla","29":"product_cat-verano","30":"product_tag-lavanda","31":"product_tag-rosa","32":"pa_pot-size-1-galon-6","33":"pa_pot-size-15-galones-17","34":"pa_pot-size-3-galones-10","35":"pa_pot-size-7-galones-14","38":"first","39":"instock","40":"taxable","41":"shipping-taxable","42":"purchasable","43":"product-type-variable"},"aioseo_notices":[],"_links":{"self":[{"href":"https:\/\/smartyplantsnursery.com\/es\/wp-json\/wp\/v2\/product\/45506","targetHints":{"allow":["GET"]}}],"collection":[{"href":"https:\/\/smartyplantsnursery.com\/es\/wp-json\/wp\/v2\/product"}],"about":[{"href":"https:\/\/smartyplantsnursery.com\/es\/wp-json\/wp\/v2\/types\/product"}],"replies":[{"embeddable":true,"href":"https:\/\/smartyplantsnursery.com\/es\/wp-json\/wp\/v2\/comments?post=45506"}],"wp:featuredmedia":[{"embeddable":true,"href":"https:\/\/smartyplantsnursery.com\/es\/wp-json\/wp\/v2\/media\/43564"}],"wp:attachment":[{"href":"https:\/\/smartyplantsnursery.com\/es\/wp-json\/wp\/v2\/media?parent=45506"}],"wp:term":[{"taxonomy":"product_brand","embeddable":true,"href":"https:\/\/smartyplantsnursery.com\/es\/wp-json\/wp\/v2\/product_brand?post=45506"},{"taxonomy":"product_cat","embeddable":true,"href":"https:\/\/smartyplantsnursery.com\/es\/wp-json\/wp\/v2\/product_cat?post=45506"},{"taxonomy":"product_tag","embeddable":true,"href":"https:\/\/smartyplantsnursery.com\/es\/wp-json\/wp\/v2\/product_tag?post=45506"}],"curies":[{"name":"wp","href":"https:\/\/api.w.org\/{rel}","templated":true}]}}