{"id":45518,"date":"2023-04-20T22:00:10","date_gmt":"2023-04-20T22:00:10","guid":{"rendered":"https:\/\/smartyplantsnursery.com\/product\/cephalanthus-occidentalis-mata-comun-de-botones\/"},"modified":"2026-04-02T13:33:32","modified_gmt":"2026-04-02T13:33:32","slug":"cephalanthus-occidentalis-mata-comun-de-botones","status":"publish","type":"product","link":"https:\/\/smartyplantsnursery.com\/es\/product\/cephalanthus-occidentalis-mata-comun-de-botones\/","title":{"rendered":"Cephalanthus occidentalis &#8211; mata com\u00fan de botones"},"content":{"rendered":"<p><b>Usos generales en el paisajismo:<\/b> Arbusto de acento o ejemplar en suelos h\u00famedos o fangosos.<\/p>\n<p><b>Notas sobre restauraci\u00f3n ecol\u00f3gica:<\/b> Un elemento com\u00fan de pantanos y matorrales h\u00famedos.<\/p>\n<p><b>Descripci\u00f3n:<\/b> Arbusto grande o \u00e1rbol peque\u00f1o con una copa extendida o irregularmente redondeada, con ramas pesadas en su mayor\u00eda verticales. Troncos de 3 a 6 pulgadas de di\u00e1metro, rara vez m\u00e1s grandes en el sur de Florida, rectos o torcidos, generalmente ramificados cerca del suelo. Corteza gruesa, de color marr\u00f3n rojizo a marr\u00f3n oscuro, \u00e1spera. Hojas lisas y delgadas, de 2 a 7 pulgadas de largo. Una especie templada semi-caducifolia en el sur de Florida, que pierde la mayor\u00eda o todas sus hojas durante los per\u00edodos fr\u00edos.    <\/p>\n<p><b>Dimensiones:<\/b> Por lo general, de 10 a 20 pies de altura en el sur de Florida; hasta 27 pies en Florida. A menudo m\u00e1s ancho que alto. <\/p>\n<p><b>Tasa de crecimiento:<\/b> R\u00e1pida a moderada.<\/p>\n<p><b>Distribuci\u00f3n:<\/b> Extendido en el este y sur de Am\u00e9rica del Norte al oeste de Texas y California y al sur del condado de Miami-Dade y el continente del condado de Monroe; Cuba, M\u00e9xico y Am\u00e9rica Central.<\/p>\n<p><b>H\u00e1bitats:<\/b> Pantanos y matorrales h\u00famedos.<\/p>\n<p><b>Suelos:<\/b> H\u00famedos a mojados, mal drenados a bien drenados, generalmente suelos org\u00e1nicos.<\/p>\n<p><b>Requisitos nutricionales:<\/b> Altos; requiere suelos org\u00e1nicos ricos para un crecimiento \u00f3ptimo.<\/p>\n<p><b>Tolerancia al agua salada:<\/b> Baja; no tolera las inundaciones de agua salada o salobre.<\/p>\n<p><b>Tolerancia al viento salado:<\/b> Baja; el viento salado puede quemar las hojas.<\/p>\n<p><b>Tolerancia a la sequ\u00eda:<\/b> Baja; requiere suelos h\u00famedos a mojados y es intolerante a largos per\u00edodos de sequ\u00eda.<\/p>\n<p><b>Requisitos de luz:<\/b> Pleno sol a sombra ligera.<\/p>\n<p><b>Color de la flor:<\/b> Blanco cremoso o amarillo.<\/p>\n<p><b>Caracter\u00edsticas de la flor:<\/b> Peque\u00f1as flores tubulares en vistosas cabezas globulares densas, de 1 a 1 1\/2&#8243; de di\u00e1metro, que emergen de los extremos del nuevo crecimiento. Fragante y con n\u00e9ctar. <\/p>\n<p><b>Temporada de floraci\u00f3n:<\/b> Primavera-verano.<\/p>\n<p><b>Fruto:<\/b> Nuez peque\u00f1a, de verde a marr\u00f3n oscuro, 3\/4&#8243; de di\u00e1metro.<\/p>\n<p><b>Vida silvestre y ecolog\u00eda:<\/b> Proporciona alimento y cobertura significativos para la vida silvestre. <b>Planta de n\u00e9ctar<\/b> para clouded skipper (<i>Lerema accius<\/i>), Deleware skipper (<i>Anatrytone logan<\/i>), Horace&#8217;s duskywing (<i>Erynnis horatius<\/i>), ocola skipper (<i>Panoquina ocola<\/i>) y sachem (<i>Atalopedes campestris<\/i>) mariposas. Atrae a abejas, escarabajos y moscas polinizadoras. Los ciervos hojean las hojas y las ramitas j\u00f3venes. Los patos se alimentan de las semillas. Proporciona una excelente cobertura y anidaci\u00f3n para las aves.    <\/p>\n<p><b>Notas de horticultura:<\/b> Se puede cultivar a partir de semillas y esquejes. Siembre las semillas tan pronto como est\u00e9n maduras. <\/p>\n<p><b>Comentarios:<\/b> Un excelente arbusto para lugares h\u00famedos en el jard\u00edn.<\/p>\n","protected":false},"excerpt":{"rendered":"<p><img fetchpriority=\"high\" decoding=\"async\" class=\"alignnone size-medium wp-image-54744\" src=\"https:\/\/smartyplantsnursery.com\/wp-content\/uploads\/2023\/04\/Screenshot-2026-03-03-at-2.22.47-PM-300x185.webp\" alt=\"\" width=\"300\" height=\"185\"><\/p>\n<div class=\"container\">\n<div class=\"table-container\">\n<table>\n<thead>\n<tr>\n<th>Tama\u00f1o de la maceta<\/th>\n<th>Altura media plantada (desde la tierra hasta la parte superior de la planta)<\/th>\n<\/tr>\n<\/thead>\n<tbody>\n<tr>\n<td>7 galones\/14&#8243;<\/td>\n<td>2 &#8211; 4 pies<\/td>\n<\/tr>\n<\/tbody>\n<\/table>\n<\/div>\n<\/div>\n","protected":false},"featured_media":43629,"comment_status":"open","ping_status":"closed","template":"","meta":[],"product_brand":[],"product_cat":[348,304,329,312,311,346,310,315,374,324,354,326,341,334,314,358,335,323,322,330,303,333,307],"product_tag":[319,318],"class_list":{"0":"post-45518","1":"product","2":"type-product","3":"status-publish","4":"has-post-thumbnail","6":"product_cat-alta-es","7":"product_cat-arbusto","8":"product_cat-baja-es-2","9":"product_cat-baja-es","10":"product_cat-baja","11":"product_cat-bajo-mantenimiento","12":"product_cat-bien-drenado","13":"product_cat-esquejes","14":"product_cat-fragante-2","15":"product_cat-llamativo","16":"product_cat-mal-drenado","17":"product_cat-moderada-es-2","18":"product_cat-nativo","19":"product_cat-planta-de-acento","20":"product_cat-planta-de-especimen","21":"product_cat-plantas-para-mariposas-plantas-para-polinizadores","22":"product_cat-pleno-sol","23":"product_cat-primavera","24":"product_cat-rapido","25":"product_cat-semilla","26":"product_cat-sol-parcial","27":"product_cat-tubular-es","28":"product_cat-verano","29":"product_tag-amarillo","30":"product_tag-blanco","31":"pa_pot-size-1-galon-6","32":"pa_pot-size-3-galones-10","33":"pa_pot-size-7-galones-14","36":"first","37":"instock","38":"taxable","39":"shipping-taxable","40":"purchasable","41":"product-type-variable"},"aioseo_notices":[],"_links":{"self":[{"href":"https:\/\/smartyplantsnursery.com\/es\/wp-json\/wp\/v2\/product\/45518","targetHints":{"allow":["GET"]}}],"collection":[{"href":"https:\/\/smartyplantsnursery.com\/es\/wp-json\/wp\/v2\/product"}],"about":[{"href":"https:\/\/smartyplantsnursery.com\/es\/wp-json\/wp\/v2\/types\/product"}],"replies":[{"embeddable":true,"href":"https:\/\/smartyplantsnursery.com\/es\/wp-json\/wp\/v2\/comments?post=45518"}],"wp:featuredmedia":[{"embeddable":true,"href":"https:\/\/smartyplantsnursery.com\/es\/wp-json\/wp\/v2\/media\/43629"}],"wp:attachment":[{"href":"https:\/\/smartyplantsnursery.com\/es\/wp-json\/wp\/v2\/media?parent=45518"}],"wp:term":[{"taxonomy":"product_brand","embeddable":true,"href":"https:\/\/smartyplantsnursery.com\/es\/wp-json\/wp\/v2\/product_brand?post=45518"},{"taxonomy":"product_cat","embeddable":true,"href":"https:\/\/smartyplantsnursery.com\/es\/wp-json\/wp\/v2\/product_cat?post=45518"},{"taxonomy":"product_tag","embeddable":true,"href":"https:\/\/smartyplantsnursery.com\/es\/wp-json\/wp\/v2\/product_tag?post=45518"}],"curies":[{"name":"wp","href":"https:\/\/api.w.org\/{rel}","templated":true}]}}