{"id":45525,"date":"2023-04-20T16:33:24","date_gmt":"2023-04-20T16:33:24","guid":{"rendered":"https:\/\/smartyplantsnursery.com\/product\/capa-roja-brasilena-megaskepasma-erythrochlamys\/"},"modified":"2026-03-13T15:12:15","modified_gmt":"2026-03-13T15:12:15","slug":"capa-roja-brasilena-megaskepasma-erythrochlamys","status":"publish","type":"product","link":"https:\/\/smartyplantsnursery.com\/es\/product\/capa-roja-brasilena-megaskepasma-erythrochlamys\/","title":{"rendered":"Capa roja brasile\u00f1a &#8211; megaskepasma erythrochlamys"},"content":{"rendered":"<p class=\"\"><b class=\"\">Usos generales en el paisaje: <\/b>Arbusto ornamental, seto y borde, jard\u00edn de polinizadores<\/p>\n<p class=\"\"><b class=\"\">Notas sobre la restauraci\u00f3n ecol\u00f3gica: <\/b>Apoyo a los polinizadores, estabilizaci\u00f3n del suelo y control de la erosi\u00f3n, plantaci\u00f3n de sotobosque<\/p>\n<p class=\"\"><b class=\"\">Descripci\u00f3n: <\/b>\u00a1La capa roja brasile\u00f1a es el ep\u00edtome de lo tropical! Es un arbusto grande con hojas enormes e impresionantes espigas de flores rojas. Florece durante todo el a\u00f1o e incluso florecer\u00e1 a la sombra. Las flores tambi\u00e9n atraen a los colibr\u00edes. La capa roja brasile\u00f1a se puede recortar f\u00e1cilmente y, en general, es una planta muy f\u00e1cil de cultivar.    <\/p>\n<p class=\"\"><b class=\"\">Dimensiones: <\/b>Altura 2,4 m; Extensi\u00f3n 1,8 &#8211; 3 m.<\/p>\n<p class=\"\"><b class=\"\">Tasa de crecimiento:<\/b> De moderada a r\u00e1pida<\/p>\n<p class=\"\"><b class=\"\">Distribuci\u00f3n nativa: <\/b>Venezuela y partes del norte de Sudam\u00e9rica<\/p>\n<p class=\"\"><b class=\"\">H\u00e1bitats nativos: <\/b>Bosques tropicales de tierras bajas, zonas ribere\u00f1as, bosques secundarios y \u00e1reas perturbadas, bosques montanos h\u00famedos<\/p>\n<p class=\"\"><b class=\"\">Suelos:<\/b> Rico, con buen drenaje<\/p>\n<p class=\"\"><b class=\"\">Requisitos nutricionales:<\/b> moderados<\/p>\n<p class=\"\"><b class=\"\">Tolerancia al agua salada:<\/b> baja<\/p>\n<p class=\"\"><b class=\"\">Tolerancia al viento salado:<\/b> moderada<\/p>\n<p class=\"\"><b class=\"\">Tolerancia a la sequ\u00eda:<\/b> moderada<\/p>\n<p class=\"\"><b class=\"\">Requisitos de luz:<\/b> pleno sol a sombra<\/p>\n<p class=\"\"><b class=\"\">Color de la flor: <\/b>Br\u00e1cteas rojas que rodean la flor blanca<\/p>\n<p class=\"\"><b class=\"\">Caracter\u00edsticas de la flor:<\/b> Peque\u00f1a, tubular<\/p>\n<p class=\"\"><b class=\"\">Temporada de floraci\u00f3n:<\/b> Todo el a\u00f1o<\/p>\n<p class=\"\"><b class=\"\">Fruto: <\/b>Peque\u00f1o, seco, verde cuando es joven, que se vuelve marr\u00f3n a medida que madura<\/p>\n<p class=\"\"><b class=\"\">Fauna y ecolog\u00eda: <\/b>Atracci\u00f3n de polinizadores, h\u00e1bitat y refugio, control de la erosi\u00f3n, contribuci\u00f3n al ciclo del agua, sucesi\u00f3n natural y regeneraci\u00f3n<\/p>\n<p class=\"\"><b class=\"\">Notas de horticultura: <\/b>Cultivado a partir de esquejes y semillas<\/p>\n<p class=\"\"><b class=\"\">Comentarios:<\/b><\/p>\n<div class=\"chkout-product-info-lbl\"><\/div>\n","protected":false},"excerpt":{"rendered":"<p><img fetchpriority=\"high\" decoding=\"async\" class=\"alignnone size-medium wp-image-54744\" src=\"https:\/\/smartyplantsnursery.com\/wp-content\/uploads\/2023\/04\/Screenshot-2026-03-03-at-2.22.47-PM-300x185.webp\" alt=\"\" width=\"300\" height=\"185\"><\/p>\n<div class=\"container\">\n<div class=\"table-container\">\n<table>\n<thead>\n<tr>\n<th>Tama\u00f1o de la maceta<\/th>\n<th>Altura media plantada (desde la tierra hasta la parte superior de la planta)<\/th>\n<\/tr>\n<\/thead>\n<tbody>\n<tr>\n<td>3 galones\/10&#8243;<\/td>\n<td>1 &#8211; 2 pies<\/td>\n<\/tr>\n<tr>\n<td>7 galones\/14&#8243;<\/td>\n<td>0,6 &#8211; 0,9 m<\/td>\n<\/tr>\n<tr>\n<td>15 galones\/17&#8243;<\/td>\n<td>0,9 &#8211; 1,2 m<\/td>\n<\/tr>\n<tr>\n<td>25 galones\/21&#8243;<\/td>\n<td>4 &#8211; 6 pies<\/td>\n<\/tr>\n<\/tbody>\n<\/table>\n<\/div>\n<\/div>\n","protected":false},"featured_media":43531,"comment_status":"open","ping_status":"closed","template":"","meta":[],"product_brand":[],"product_cat":[304,311,310,375,315,302,355,326,309,361,313,308,316,358,335,323,322,330,332,303,349,333,307],"product_tag":[318,350],"class_list":{"0":"post-45525","1":"product","2":"type-product","3":"status-publish","4":"has-post-thumbnail","6":"product_cat-arbusto","7":"product_cat-baja","8":"product_cat-bien-drenado","9":"product_cat-borde","10":"product_cat-esquejes","11":"product_cat-exotica","12":"product_cat-invierno","13":"product_cat-moderada-es-2","14":"product_cat-moderada","15":"product_cat-moderada-es-4","16":"product_cat-moderada-es","17":"product_cat-otono","18":"product_cat-pequena","19":"product_cat-plantas-para-mariposas-plantas-para-polinizadores","20":"product_cat-pleno-sol","21":"product_cat-primavera","22":"product_cat-rapido","23":"product_cat-semilla","24":"product_cat-seto","25":"product_cat-sol-parcial","26":"product_cat-sombra","27":"product_cat-tubular-es","28":"product_cat-verano","29":"product_tag-blanco","30":"product_tag-rojo","31":"pa_pot-size-1-galon-6","32":"pa_pot-size-15-galones-17","33":"pa_pot-size-25-galones-21","34":"pa_pot-size-3-galones-10","35":"pa_pot-size-7-galones-14","38":"first","39":"instock","40":"taxable","41":"shipping-taxable","42":"purchasable","43":"product-type-variable"},"aioseo_notices":[],"_links":{"self":[{"href":"https:\/\/smartyplantsnursery.com\/es\/wp-json\/wp\/v2\/product\/45525","targetHints":{"allow":["GET"]}}],"collection":[{"href":"https:\/\/smartyplantsnursery.com\/es\/wp-json\/wp\/v2\/product"}],"about":[{"href":"https:\/\/smartyplantsnursery.com\/es\/wp-json\/wp\/v2\/types\/product"}],"replies":[{"embeddable":true,"href":"https:\/\/smartyplantsnursery.com\/es\/wp-json\/wp\/v2\/comments?post=45525"}],"wp:featuredmedia":[{"embeddable":true,"href":"https:\/\/smartyplantsnursery.com\/es\/wp-json\/wp\/v2\/media\/43531"}],"wp:attachment":[{"href":"https:\/\/smartyplantsnursery.com\/es\/wp-json\/wp\/v2\/media?parent=45525"}],"wp:term":[{"taxonomy":"product_brand","embeddable":true,"href":"https:\/\/smartyplantsnursery.com\/es\/wp-json\/wp\/v2\/product_brand?post=45525"},{"taxonomy":"product_cat","embeddable":true,"href":"https:\/\/smartyplantsnursery.com\/es\/wp-json\/wp\/v2\/product_cat?post=45525"},{"taxonomy":"product_tag","embeddable":true,"href":"https:\/\/smartyplantsnursery.com\/es\/wp-json\/wp\/v2\/product_tag?post=45525"}],"curies":[{"name":"wp","href":"https:\/\/api.w.org\/{rel}","templated":true}]}}