{"id":45534,"date":"2023-04-20T16:25:08","date_gmt":"2023-04-20T16:25:08","guid":{"rendered":"https:\/\/smartyplantsnursery.com\/product\/buganvilla-menor-flor-de-papel-bougainvillea-glabra-helen-johnson\/"},"modified":"2026-01-08T15:46:16","modified_gmt":"2026-01-08T15:46:16","slug":"buganvilla-menor-flor-de-papel-bougainvillea-glabra-helen-johnson","status":"publish","type":"product","link":"https:\/\/smartyplantsnursery.com\/es\/product\/buganvilla-menor-flor-de-papel-bougainvillea-glabra-helen-johnson\/","title":{"rendered":"Buganvilla menor, flor de papel &#8211; bougainvillea glabra \u201cHelen Johnson\u201d"},"content":{"rendered":"<p class=\"\"><b class=\"\">Usos generales en el paisaje:<\/b> jardiner\u00eda en macetas, seto bajo o plantaci\u00f3n de bordes, cobertura del suelo o planta de acento extendida, entrelazada en espalderas, jardines costeros<\/p>\n<p class=\"\"><b class=\"\">Notas sobre la restauraci\u00f3n ecol\u00f3gica:<\/b> control de la erosi\u00f3n y estabilizaci\u00f3n del suelo, atracci\u00f3n de polinizadores, reducci\u00f3n del calor, jardiner\u00eda de bajo mantenimiento y resistente a la sequ\u00eda, h\u00e1bitat para la peque\u00f1a fauna<\/p>\n<p class=\"\"><b class=\"\">Descripci\u00f3n:<\/b> La buganvilla es una planta perenne resistente que viene en muchos colores, florece durante todo el a\u00f1o y es ideal para \u00e1reas secas y soleadas. Se puede mantener como un arbusto o entrenar a lo largo de una espaldera para usarla como una enredadera. <\/p>\n<p class=\"\"><b class=\"\">Dimensiones:<\/b> Altura 2,4 m; Extensi\u00f3n 0,9 &#8211; 1,5 m.<\/p>\n<p class=\"\"><b class=\"\">Tasa de crecimiento:<\/b> r\u00e1pida<\/p>\n<p class=\"\"><b class=\"\">Distribuci\u00f3n nativa:<\/b> Brasil<\/p>\n<p class=\"\"><b class=\"\">H\u00e1bitats nativos:<\/b> bosques secos, sabanas, \u00e1reas perturbadas, regiones costeras, laderas y pendientes rocosas<\/p>\n<p class=\"\"><b class=\"\">Suelos:<\/b> Bien drenados, arenosos o limosos con un pH de 5.5 &#8211; 6.5<\/p>\n<p class=\"\"><b class=\"\">Requisitos nutricionales:<\/b> moderados<\/p>\n<p class=\"\"><b class=\"\">Tolerancia al agua salada:<\/b> moderada<\/p>\n<p class=\"\"><b class=\"\">Tolerancia al viento salado:<\/b> moderada<\/p>\n<p class=\"\"><b class=\"\">Tolerancia a la sequ\u00eda:<\/b> alta<\/p>\n<p class=\"\"><b class=\"\">Requisitos de luz:<\/b> pleno sol<\/p>\n<p class=\"\"><b class=\"\">Color de la flor:<\/b> br\u00e1cteas de color magenta-rosa<\/p>\n<p class=\"\"><b class=\"\">Caracter\u00edsticas de la flor:<\/b> Peque\u00f1as, tubulares, ubicadas dentro de las br\u00e1cteas<\/p>\n<p class=\"\"><b class=\"\">Temporada de floraci\u00f3n:<\/b> Todo el a\u00f1o<\/p>\n<p class=\"\"><b class=\"\">Fruto:<\/b> C\u00e1psulas de semillas peque\u00f1as y secas<\/p>\n<p class=\"\"><b class=\"\">Vida silvestre y ecolog\u00eda:<\/b> Atracci\u00f3n de polinizadores<\/p>\n<p class=\"\"><b class=\"\">Notas de horticultura:<\/b> Cultivado a partir de esquejes, acodo<\/p>\n<p class=\"\"><b class=\"\">Comentarios:<\/b><\/p>\n<p>&nbsp;<\/p>\n<div class=\"chkout-product-info-lbl\"><\/div>\n<div class=\"chkout-product-info-lbl\"><\/div>\n","protected":false},"excerpt":{"rendered":"<p><img decoding=\"async\" class=\"alignnone size-medium wp-image-31863\" src=\"https:\/\/smartyplantsnursery.com\/wp-content\/uploads\/2023\/04\/Screen-Shot-2023-04-22-at-11.28.02-PM-300x134.png\" alt=\"\" width=\"300\" height=\"134\"><\/p>\n<div class=\"container\">\n<div class=\"table-container\">\n<table>\n<thead>\n<tr>\n<th>Tama\u00f1o de la maceta<\/th>\n<th>Altura media plantada (desde la tierra hasta la parte superior de la planta)<\/th>\n<\/tr>\n<\/thead>\n<tbody>\n<tr>\n<td>3 galones\/10&#8243;<\/td>\n<td>0 &#8211; 1 pie<\/td>\n<\/tr>\n<tr>\n<td>7 galones\/35 cm<\/td>\n<td>30 &#8211; 60 cm<\/td>\n<\/tr>\n<tr>\n<td>15 galones\/17&#8243;<\/td>\n<td>2 &#8211; 3 pies<\/td>\n<\/tr>\n<\/tbody>\n<\/table>\n<\/div>\n<\/div>\n","protected":false},"featured_media":50952,"comment_status":"open","ping_status":"closed","template":"","meta":[],"product_brand":[],"product_cat":[343,336,340,304,359,310,375,321,317,384,320,315,302,369,355,309,361,360,308,316,334,335,323,322,332,333,307],"product_tag":[386,352],"class_list":{"0":"post-45534","1":"product","2":"type-product","3":"status-publish","4":"has-post-thumbnail","6":"product_cat-acido","7":"product_cat-acodo-aereo","8":"product_cat-alta","9":"product_cat-arbusto","10":"product_cat-arena","11":"product_cat-bien-drenado","12":"product_cat-borde","13":"product_cat-cobertura-del-suelo","14":"product_cat-contenedor","15":"product_cat-costero","16":"product_cat-enredadera","17":"product_cat-esquejes","18":"product_cat-exotica","19":"product_cat-franco","20":"product_cat-invierno","21":"product_cat-moderada","22":"product_cat-moderada-es-4","23":"product_cat-moderada-es-3","24":"product_cat-otono","25":"product_cat-pequena","26":"product_cat-planta-de-acento","27":"product_cat-pleno-sol","28":"product_cat-primavera","29":"product_cat-rapido","30":"product_cat-seto","31":"product_cat-tubular-es","32":"product_cat-verano","33":"product_tag-magenta-es","34":"product_tag-rosa","35":"pa_pot-size-15-galones-17","36":"pa_pot-size-3-galones-10","37":"pa_pot-size-7-galones-14","40":"first","41":"instock","42":"taxable","43":"shipping-taxable","44":"purchasable","45":"product-type-variable"},"aioseo_notices":[],"_links":{"self":[{"href":"https:\/\/smartyplantsnursery.com\/es\/wp-json\/wp\/v2\/product\/45534","targetHints":{"allow":["GET"]}}],"collection":[{"href":"https:\/\/smartyplantsnursery.com\/es\/wp-json\/wp\/v2\/product"}],"about":[{"href":"https:\/\/smartyplantsnursery.com\/es\/wp-json\/wp\/v2\/types\/product"}],"replies":[{"embeddable":true,"href":"https:\/\/smartyplantsnursery.com\/es\/wp-json\/wp\/v2\/comments?post=45534"}],"wp:featuredmedia":[{"embeddable":true,"href":"https:\/\/smartyplantsnursery.com\/es\/wp-json\/wp\/v2\/media\/50952"}],"wp:attachment":[{"href":"https:\/\/smartyplantsnursery.com\/es\/wp-json\/wp\/v2\/media?parent=45534"}],"wp:term":[{"taxonomy":"product_brand","embeddable":true,"href":"https:\/\/smartyplantsnursery.com\/es\/wp-json\/wp\/v2\/product_brand?post=45534"},{"taxonomy":"product_cat","embeddable":true,"href":"https:\/\/smartyplantsnursery.com\/es\/wp-json\/wp\/v2\/product_cat?post=45534"},{"taxonomy":"product_tag","embeddable":true,"href":"https:\/\/smartyplantsnursery.com\/es\/wp-json\/wp\/v2\/product_tag?post=45534"}],"curies":[{"name":"wp","href":"https:\/\/api.w.org\/{rel}","templated":true}]}}