{"id":45535,"date":"2023-04-19T17:09:23","date_gmt":"2023-04-19T17:09:23","guid":{"rendered":"https:\/\/smartyplantsnursery.com\/product\/ave-del-paraiso-naranja-flor-de-grulla-strelitzia-reginae\/"},"modified":"2026-03-07T14:32:27","modified_gmt":"2026-03-07T14:32:27","slug":"ave-del-paraiso-naranja-flor-de-grulla-strelitzia-reginae","status":"publish","type":"product","link":"https:\/\/smartyplantsnursery.com\/es\/product\/ave-del-paraiso-naranja-flor-de-grulla-strelitzia-reginae\/","title":{"rendered":"Ave del para\u00edso naranja, flor de grulla &#8211; strelitzia reginae"},"content":{"rendered":"<p><b>Usos generales en el paisaje:<\/b> Planta ornamental de acento, plantaci\u00f3n en contenedores, plantaci\u00f3n en masa, jard\u00edn de polinizadores<\/p>\n<p><b>Notas sobre la restauraci\u00f3n ecol\u00f3gica:<\/b> Estabilizaci\u00f3n del suelo y control de la erosi\u00f3n, resistencia a la sequ\u00eda y al clima, apoyo a los polinizadores, dispersi\u00f3n de semillas y h\u00e1bitat de la vida silvestre<\/p>\n<p><b>Descripci\u00f3n:<\/b> Espectaculares flores de color naranja brillante y azul noche que se asemejan a la cara de una grulla colorida rodeada de hojas esmeralda en forma de paleta. Seguro que a\u00f1adir\u00e1n ese aspecto exuberante y tropical a su jard\u00edn. <\/p>\n<p><b>Dimensiones:<\/b> altura 1,5 m<\/p>\n<p><b>Tasa de crecimiento:<\/b> moderada<\/p>\n<p><b>\u00c1rea de distribuci\u00f3n nativa:<\/b> Sud\u00e1frica<\/p>\n<p><b>H\u00e1bitats nativos:<\/b> Matorrales costeros, pastizales y laderas rocosas<\/p>\n<p><b>Suelos:<\/b> Bien drenados; tolera una variedad de tipos de suelo, pero prefiere un suelo f\u00e9rtil y limoso<\/p>\n<p><b>Requisitos nutricionales:<\/b> altos<\/p>\n<p><b>Tolerancia al agua salada:<\/b> moderada<\/p>\n<p><b>Tolerancia al viento salado:<\/b> moderada<\/p>\n<p><b>Tolerancia a la sequ\u00eda:<\/b> de alta a moderada<\/p>\n<p><b>Requisitos de luz:<\/b> pleno sol a sombra<\/p>\n<p><b>Color de la flor:<\/b> Naranja<\/p>\n<p><b>Caracter\u00edsticas de la flor:<\/b> Con forma de p\u00e1jaro<\/p>\n<p><b>Temporada de floraci\u00f3n:<\/b> Desde finales de oto\u00f1o hasta principios de primavera.<\/p>\n<p><b>Fruto:<\/b> Le\u00f1oso, parecido a una c\u00e1psula<\/p>\n<p><b>Vida silvestre y ecolog\u00eda:<\/b> Polinizada por aves solares en su h\u00e1bitat nativo.<\/p>\n<p><b>Notas de horticultura:<\/b> Se cultiva a partir de divisi\u00f3n y semillas.<\/p>\n<p><b>Comentarios:<\/b><\/p>\n","protected":false},"excerpt":{"rendered":"<p><img fetchpriority=\"high\" decoding=\"async\" class=\"alignnone size-medium wp-image-54744\" src=\"https:\/\/smartyplantsnursery.com\/wp-content\/uploads\/2023\/04\/Screenshot-2026-03-03-at-2.22.47-PM-300x185.png\" alt=\"\" width=\"300\" height=\"185\"><\/p>\n<div class=\"container\">\n<div class=\"table-container\">\n<table>\n<thead>\n<tr>\n<th>Tama\u00f1o de la maceta<\/th>\n<th>Altura media plantada (desde la tierra hasta la parte superior de la planta)<\/th>\n<\/tr>\n<\/thead>\n<tbody>\n<tr>\n<td>3 galones\/10&#8243;<\/td>\n<td>1 &#8211; 2 pies<\/td>\n<\/tr>\n<tr>\n<td>7 galones\/14&#8243;<\/td>\n<td>0,6 &#8211; 0,9 m<\/td>\n<\/tr>\n<tr>\n<td>15 galones\/17&#8243;<\/td>\n<td>0,9 &#8211; 1,2 m<\/td>\n<\/tr>\n<tr>\n<td>25 galones\/21&#8243;<\/td>\n<td>120 &#8211; 150 cm<\/td>\n<\/tr>\n<\/tbody>\n<\/table>\n<\/div>\n<\/div>\n","protected":false},"featured_media":53311,"comment_status":"open","ping_status":"closed","template":"","meta":[],"product_brand":[],"product_cat":[348,340,304,310,317,331,302,369,305,313,361,326,360,308,334,358,335,323,330,303,349],"product_tag":[351],"class_list":{"0":"post-45535","1":"product","2":"type-product","3":"status-publish","4":"has-post-thumbnail","6":"product_cat-alta-es","7":"product_cat-alta","8":"product_cat-arbusto","9":"product_cat-bien-drenado","10":"product_cat-contenedor","11":"product_cat-division-es","12":"product_cat-exotica","13":"product_cat-franco","14":"product_cat-interior","15":"product_cat-moderada-es","16":"product_cat-moderada-es-4","17":"product_cat-moderada-es-2","18":"product_cat-moderada-es-3","19":"product_cat-otono","20":"product_cat-planta-de-acento","21":"product_cat-plantas-para-mariposas-plantas-para-polinizadores","22":"product_cat-pleno-sol","23":"product_cat-primavera","24":"product_cat-semilla","25":"product_cat-sol-parcial","26":"product_cat-sombra","27":"product_tag-naranja","28":"pa_pot-size-1-galon-6","29":"pa_pot-size-15-galones-17","30":"pa_pot-size-25-galones-21","31":"pa_pot-size-3-galones-10","32":"pa_pot-size-7-galones-14","35":"first","36":"instock","37":"taxable","38":"shipping-taxable","39":"purchasable","40":"product-type-variable"},"aioseo_notices":[],"_links":{"self":[{"href":"https:\/\/smartyplantsnursery.com\/es\/wp-json\/wp\/v2\/product\/45535","targetHints":{"allow":["GET"]}}],"collection":[{"href":"https:\/\/smartyplantsnursery.com\/es\/wp-json\/wp\/v2\/product"}],"about":[{"href":"https:\/\/smartyplantsnursery.com\/es\/wp-json\/wp\/v2\/types\/product"}],"replies":[{"embeddable":true,"href":"https:\/\/smartyplantsnursery.com\/es\/wp-json\/wp\/v2\/comments?post=45535"}],"wp:featuredmedia":[{"embeddable":true,"href":"https:\/\/smartyplantsnursery.com\/es\/wp-json\/wp\/v2\/media\/53311"}],"wp:attachment":[{"href":"https:\/\/smartyplantsnursery.com\/es\/wp-json\/wp\/v2\/media?parent=45535"}],"wp:term":[{"taxonomy":"product_brand","embeddable":true,"href":"https:\/\/smartyplantsnursery.com\/es\/wp-json\/wp\/v2\/product_brand?post=45535"},{"taxonomy":"product_cat","embeddable":true,"href":"https:\/\/smartyplantsnursery.com\/es\/wp-json\/wp\/v2\/product_cat?post=45535"},{"taxonomy":"product_tag","embeddable":true,"href":"https:\/\/smartyplantsnursery.com\/es\/wp-json\/wp\/v2\/product_tag?post=45535"}],"curies":[{"name":"wp","href":"https:\/\/api.w.org\/{rel}","templated":true}]}}