{"id":45540,"date":"2023-04-20T16:18:17","date_gmt":"2023-04-20T16:18:17","guid":{"rendered":"https:\/\/smartyplantsnursery.com\/product\/palmera-botella-hyophorbe-lagenicaulis\/"},"modified":"2026-03-13T14:04:32","modified_gmt":"2026-03-13T14:04:32","slug":"palmera-botella-hyophorbe-lagenicaulis","status":"publish","type":"product","link":"https:\/\/smartyplantsnursery.com\/es\/product\/palmera-botella-hyophorbe-lagenicaulis\/","title":{"rendered":"Palmera botella &#8211; hyophorbe lagenicaulis"},"content":{"rendered":"<p class=\"\"><b class=\"\">Usos generales en el paisajismo: <\/b>Acento ornamental, planta de contenedor, jard\u00edn costero<\/p>\n<p class=\"\"><b class=\"\">Notas sobre la restauraci\u00f3n ecol\u00f3gica: <\/b>Preservaci\u00f3n de especies, estabilizaci\u00f3n del suelo y control de la erosi\u00f3n, creaci\u00f3n de h\u00e1bitat, tolerancia a la sequ\u00eda y la sal, secuestro de carbono<\/p>\n<p class=\"\"><b class=\"\">Descripci\u00f3n: <\/b>La palmera botella es una palmera limpia, de crecimiento lento. Perfecta para \u00e1reas alrededor de piscinas porque no \u201ctira\u201d sus hojas ni deja caer bayas. <\/p>\n<p class=\"\"><b class=\"\">Dimensiones: <\/b>Altura 2,4 m<\/p>\n<p class=\"\"><b class=\"\">Tasa de crecimiento:<\/b> lenta<\/p>\n<p class=\"\"><b class=\"\">Distribuci\u00f3n nativa: <\/b>Isla Redonda, una peque\u00f1a isla cerca de Mauricio en el Oc\u00e9ano \u00cdndico<\/p>\n<p class=\"\"><b class=\"\">H\u00e1bitats nativos: <\/b>Tropical, costero<\/p>\n<p class=\"\"><b class=\"\">Suelos:<\/b> Bien drenados, arenosos o limosos<\/p>\n<p class=\"\"><b class=\"\">Requisitos nutricionales:<\/b> moderados<\/p>\n<p class=\"\"><b class=\"\">Tolerancia al agua salada:<\/b> moderada<\/p>\n<p class=\"\"><b class=\"\">Tolerancia al viento salado:<\/b> moderada<\/p>\n<p class=\"\"><b class=\"\">Tolerancia a la sequ\u00eda:<\/b> moderada<\/p>\n<p class=\"\"><b class=\"\">Requisitos de luz:<\/b> pleno sol a sol parcial<\/p>\n<p class=\"\"><b class=\"\">Color de la flor: <\/b>amarillento<\/p>\n<p class=\"\"><b class=\"\">Caracter\u00edsticas de la flor: <\/b>Peque\u00f1as, se forman en inflorescencias ramificadas debajo de la corona<\/p>\n<p class=\"\"><b class=\"\">Temporada de floraci\u00f3n:<\/b> Todo el a\u00f1o<\/p>\n<p class=\"\"><b class=\"\">Fruto: <\/b>De forma ovalada, negro cuando est\u00e1 maduro<\/p>\n<p class=\"\"><b class=\"\">Vida silvestre y ecolog\u00eda: <\/b>Fruta comida por p\u00e1jaros.<\/p>\n<p class=\"\"><b class=\"\">Notas de horticultura: <\/b>Se propaga por semilla o trasplante<\/p>\n<p class=\"\"><b class=\"\">Comentarios:<\/b><\/p>\n<p>&nbsp;<\/p>\n<div class=\"chkout-product-info-lbl\"><\/div>\n<div><\/div>\n<div class=\"chkout-product-info-lbl\"><\/div>\n","protected":false},"excerpt":{"rendered":"<p><img fetchpriority=\"high\" decoding=\"async\" class=\"alignnone size-medium wp-image-54744\" src=\"https:\/\/smartyplantsnursery.com\/wp-content\/uploads\/2023\/04\/Screenshot-2026-03-03-at-2.22.47-PM-300x185.webp\" alt=\"\" width=\"300\" height=\"185\"><\/p>\n<div class=\"container\">\n<div class=\"table-container\">\n<table>\n<thead>\n<tr>\n<th>Tama\u00f1o de la maceta<\/th>\n<th>Altura media plantada (desde la tierra hasta la parte superior de la planta)<\/th>\n<\/tr>\n<\/thead>\n<tbody>\n<tr>\n<td>1 gal\u00f3n\/6&#8243;<\/td>\n<td>0 &#8211; 1 ft.<\/td>\n<\/tr>\n<tr>\n<td>3 galones\/10&#8243;<\/td>\n<td>1 &#8211; 2 pies<\/td>\n<\/tr>\n<tr>\n<td>7 galones\/14&#8243;<\/td>\n<td>0,6 &#8211; 0,9 m<\/td>\n<\/tr>\n<tr>\n<td>15 galones\/17&#8243;<\/td>\n<td>0,9 &#8211; 1,5 m<\/td>\n<\/tr>\n<tr>\n<td>25 galones\/21&#8243;<\/td>\n<td>1,5 &#8211; 1,8 m<\/td>\n<\/tr>\n<tr>\n<td>45 galones\/28&#8243;<\/td>\n<td>1,8 &#8211; 2,4 m<\/td>\n<\/tr>\n<\/tbody>\n<\/table>\n<\/div>\n<\/div>\n","protected":false},"featured_media":51476,"comment_status":"open","ping_status":"closed","template":"","meta":[],"product_brand":[],"product_cat":[344,359,310,317,384,302,369,355,306,313,309,360,361,308,370,316,334,335,323,330,303,307],"product_tag":[319],"class_list":{"0":"post-45540","1":"product","2":"type-product","3":"status-publish","4":"has-post-thumbnail","6":"product_cat-arbol","7":"product_cat-arena","8":"product_cat-bien-drenado","9":"product_cat-contenedor","10":"product_cat-costero","11":"product_cat-exotica","12":"product_cat-franco","13":"product_cat-invierno","14":"product_cat-lenta","15":"product_cat-moderada-es","16":"product_cat-moderada","17":"product_cat-moderada-es-3","18":"product_cat-moderada-es-4","19":"product_cat-otono","20":"product_cat-palma","21":"product_cat-pequena","22":"product_cat-planta-de-acento","23":"product_cat-pleno-sol","24":"product_cat-primavera","25":"product_cat-semilla","26":"product_cat-sol-parcial","27":"product_cat-verano","28":"product_tag-amarillo","29":"pa_pot-size-1-galon-6","30":"pa_pot-size-15-galones-17","31":"pa_pot-size-25-galones-21","32":"pa_pot-size-3-galones-10","33":"pa_pot-size-45-galones-28","34":"pa_pot-size-7-galones-14","37":"first","38":"instock","39":"taxable","40":"shipping-taxable","41":"purchasable","42":"product-type-variable"},"aioseo_notices":[],"_links":{"self":[{"href":"https:\/\/smartyplantsnursery.com\/es\/wp-json\/wp\/v2\/product\/45540","targetHints":{"allow":["GET"]}}],"collection":[{"href":"https:\/\/smartyplantsnursery.com\/es\/wp-json\/wp\/v2\/product"}],"about":[{"href":"https:\/\/smartyplantsnursery.com\/es\/wp-json\/wp\/v2\/types\/product"}],"replies":[{"embeddable":true,"href":"https:\/\/smartyplantsnursery.com\/es\/wp-json\/wp\/v2\/comments?post=45540"}],"wp:featuredmedia":[{"embeddable":true,"href":"https:\/\/smartyplantsnursery.com\/es\/wp-json\/wp\/v2\/media\/51476"}],"wp:attachment":[{"href":"https:\/\/smartyplantsnursery.com\/es\/wp-json\/wp\/v2\/media?parent=45540"}],"wp:term":[{"taxonomy":"product_brand","embeddable":true,"href":"https:\/\/smartyplantsnursery.com\/es\/wp-json\/wp\/v2\/product_brand?post=45540"},{"taxonomy":"product_cat","embeddable":true,"href":"https:\/\/smartyplantsnursery.com\/es\/wp-json\/wp\/v2\/product_cat?post=45540"},{"taxonomy":"product_tag","embeddable":true,"href":"https:\/\/smartyplantsnursery.com\/es\/wp-json\/wp\/v2\/product_tag?post=45540"}],"curies":[{"name":"wp","href":"https:\/\/api.w.org\/{rel}","templated":true}]}}