{"id":45558,"date":"2023-04-20T00:19:10","date_gmt":"2023-04-20T00:19:10","guid":{"rendered":"https:\/\/smartyplantsnursery.com\/product\/diseno-de-jardines\/"},"modified":"2023-04-20T00:19:10","modified_gmt":"2023-04-20T00:19:10","slug":"diseno-de-jardines","status":"publish","type":"product","link":"https:\/\/smartyplantsnursery.com\/es\/product\/diseno-de-jardines\/","title":{"rendered":"Dise\u00f1o de jardines"},"content":{"rendered":"<p>El servicio de dise\u00f1o de jardines de Smarty Plants Nursery incluye:<\/p>\n<ol>\n<li>Un dise\u00f1o personalizado seg\u00fan el aspecto deseado para su jard\u00edn<\/li>\n<li>Un dibujo computarizado que muestra el producto final del dise\u00f1o utilizando IA para que vea exactamente c\u00f3mo se ver\u00e1 despu\u00e9s de la instalaci\u00f3n de las plantas. Obtiene revisiones ilimitadas del dise\u00f1o hasta que est\u00e9 completamente satisfecho con \u00e9l. Env\u00ede a Smarty Plants Nursery fotos del \u00e1rea que desea dise\u00f1ar y Smarty Plants Nursery le enviar\u00e1 una muestra gratuita antes de que pague por el dise\u00f1o.  <\/li>\n<li>Despu\u00e9s de que las plantas para el proyecto se compren en <a href=\"https:\/\/smartyplantsnursery.com\/es\/\">SmartyPlantsNursery.com<\/a>, Smarty Plants Nursery instalar\u00e1 las plantas en el sitio del proyecto de acuerdo con el dise\u00f1o.<\/li>\n<\/ol>\n","protected":false},"excerpt":{"rendered":"<p>El servicio de dise\u00f1o de jardines de Smarty Plants Nursery incluye: Un dise\u00f1o personalizado seg\u00fan el aspecto deseado para su jard\u00edn Un dibujo computarizado que muestra el producto final del dise\u00f1o utilizando IA para que vea exactamente c\u00f3mo se ver\u00e1 despu\u00e9s de la instalaci\u00f3n de las plantas. Obtiene revisiones ilimitadas del dise\u00f1o hasta que est\u00e9 [&hellip;]<\/p>\n","protected":false},"featured_media":42189,"comment_status":"open","ping_status":"closed","template":"","meta":[],"product_brand":[],"product_cat":[291],"product_tag":[],"class_list":{"0":"post-45558","1":"product","2":"type-product","3":"status-publish","4":"has-post-thumbnail","6":"product_cat-sin-categoria","7":"pa_project-size-grande","8":"pa_project-size-mediano","9":"pa_project-size-pequena","12":"first","13":"instock","14":"taxable","15":"shipping-taxable","16":"purchasable","17":"product-type-variable"},"aioseo_notices":[],"_links":{"self":[{"href":"https:\/\/smartyplantsnursery.com\/es\/wp-json\/wp\/v2\/product\/45558","targetHints":{"allow":["GET"]}}],"collection":[{"href":"https:\/\/smartyplantsnursery.com\/es\/wp-json\/wp\/v2\/product"}],"about":[{"href":"https:\/\/smartyplantsnursery.com\/es\/wp-json\/wp\/v2\/types\/product"}],"replies":[{"embeddable":true,"href":"https:\/\/smartyplantsnursery.com\/es\/wp-json\/wp\/v2\/comments?post=45558"}],"wp:featuredmedia":[{"embeddable":true,"href":"https:\/\/smartyplantsnursery.com\/es\/wp-json\/wp\/v2\/media\/42189"}],"wp:attachment":[{"href":"https:\/\/smartyplantsnursery.com\/es\/wp-json\/wp\/v2\/media?parent=45558"}],"wp:term":[{"taxonomy":"product_brand","embeddable":true,"href":"https:\/\/smartyplantsnursery.com\/es\/wp-json\/wp\/v2\/product_brand?post=45558"},{"taxonomy":"product_cat","embeddable":true,"href":"https:\/\/smartyplantsnursery.com\/es\/wp-json\/wp\/v2\/product_cat?post=45558"},{"taxonomy":"product_tag","embeddable":true,"href":"https:\/\/smartyplantsnursery.com\/es\/wp-json\/wp\/v2\/product_tag?post=45558"}],"curies":[{"name":"wp","href":"https:\/\/api.w.org\/{rel}","templated":true}]}}