{"id":45571,"date":"2023-04-19T16:42:42","date_gmt":"2023-04-19T16:42:42","guid":{"rendered":"https:\/\/smartyplantsnursery.com\/product\/platano-blue-java-musa-acuminata-helado\/"},"modified":"2026-03-06T16:03:10","modified_gmt":"2026-03-06T16:03:10","slug":"platano-blue-java-musa-acuminata-helado","status":"publish","type":"product","link":"https:\/\/smartyplantsnursery.com\/es\/product\/platano-blue-java-musa-acuminata-helado\/","title":{"rendered":"Pl\u00e1tano \u201cblue java\u201d &#8211; Musa acuminata \u201chelado\u201d"},"content":{"rendered":"<p><b>Usos generales en el paisaje:<\/b> Punto focal ornamental, pantalla de privacidad o cortavientos, paisaje comestible, proveedor de sombra, control de la erosi\u00f3n y estabilizaci\u00f3n del suelo, h\u00e1bitat y atracci\u00f3n de vida silvestre<\/p>\n<p><b>Notas sobre la restauraci\u00f3n ecol\u00f3gica:<\/b> Restauraci\u00f3n del suelo y control de la erosi\u00f3n, agrosilvicultura y uso sostenible de la tierra, regulaci\u00f3n del microclima, h\u00e1bitat de la vida silvestre y fuente de alimento<\/p>\n<p><b>Descripci\u00f3n:<\/b> Los pl\u00e1tanos son una de las frutas m\u00e1s cultivadas en el mundo. Crecen en grupo. La planta del pl\u00e1tano produce frutos solo una vez, por lo que puede recortar las plantas m\u00e1s viejas para dar paso a las nuevas.  <\/p>\n<p><b>Dimensiones:<\/b> Altura 12 &#8211; 18 pies.<\/p>\n<p><b>Tasa de crecimiento:<\/b> r\u00e1pida<\/p>\n<p><b>Distribuci\u00f3n nativa:<\/b> Sudeste de Asia<\/p>\n<p><b>H\u00e1bitats nativos:<\/b> Bordes de bosques, riberas de r\u00edos y \u00e1reas perturbadas<\/p>\n<p><b>Suelos:<\/b> Suelo rico y con buen drenaje con un pH de 6 &#8211; 7.5<\/p>\n<p><b>Requisitos nutricionales:<\/b> altos<\/p>\n<p><b>Tolerancia al agua salada:<\/b> baja<\/p>\n<p><b>Tolerancia al viento salado:<\/b> baja<\/p>\n<p><b>Tolerancia a la sequ\u00eda:<\/b> de moderada a baja<\/p>\n<p><b>Requisitos de luz:<\/b> pleno sol<\/p>\n<p><b>Color de la flor:<\/b> Blanco<\/p>\n<p><b>Caracter\u00edsticas de la flor:<\/b> Flores debajo de br\u00e1cteas p\u00farpuras<\/p>\n<p><b>Temporada de floraci\u00f3n:<\/b> Todo el a\u00f1o<\/p>\n<p><b>Fruta:<\/b> Verde azulado cuando est\u00e1 verde, volvi\u00e9ndose amarillo p\u00e1lido cuando est\u00e1 maduro.<\/p>\n<p><b>Vida silvestre y ecolog\u00eda:<\/b> Atrae a los polinizadores, y la fruta madura sirve como alimento para aves y peque\u00f1os mam\u00edferos<\/p>\n<p><b>Notas de horticultura:<\/b> Cultivado a partir de reto\u00f1os (cachorros) o cultivo de tejidos<\/p>\n<p><b>Comentarios:<\/b><\/p>\n<p>&nbsp;<\/p>\n<p>&nbsp;<\/p>\n<p>&nbsp;<\/p>\n","protected":false},"excerpt":{"rendered":"<p><img fetchpriority=\"high\" decoding=\"async\" class=\"alignnone size-medium wp-image-54744\" src=\"https:\/\/smartyplantsnursery.com\/wp-content\/uploads\/2023\/04\/Screenshot-2026-03-03-at-2.22.47-PM-300x185.png\" alt=\"\" width=\"300\" height=\"185\"><\/p>\n<div class=\"container\">\n<div class=\"table-container\">\n<table>\n<thead>\n<tr>\n<th>Tama\u00f1o de la maceta<\/th>\n<th>Altura media plantada (desde la tierra hasta la parte superior de la planta)<\/th>\n<\/tr>\n<\/thead>\n<tbody>\n<tr>\n<td>7 galones\/14&#8243;<\/td>\n<td>1,2 &#8211; 1,8 m<\/td>\n<\/tr>\n<\/tbody>\n<\/table>\n<\/div>\n<\/div>\n","protected":false},"featured_media":43433,"comment_status":"open","ping_status":"closed","template":"","meta":[],"product_brand":[],"product_cat":[343,348,344,311,329,312,310,353,399,355,313,345,308,378,314,335,323,322,398,347,307],"product_tag":[318,338],"class_list":{"0":"post-45571","1":"product","2":"type-product","3":"status-publish","4":"has-post-thumbnail","6":"product_cat-acido","7":"product_cat-alta-es","8":"product_cat-arbol","9":"product_cat-baja","10":"product_cat-baja-es-2","11":"product_cat-baja-es","12":"product_cat-bien-drenado","13":"product_cat-comestible","14":"product_cat-cultivo-de-tejidos","15":"product_cat-invierno","16":"product_cat-moderada-es","17":"product_cat-neutro","18":"product_cat-otono","19":"product_cat-pantalla","20":"product_cat-planta-de-especimen","21":"product_cat-pleno-sol","22":"product_cat-primavera","23":"product_cat-rapido","24":"product_cat-retono","25":"product_cat-vastago","26":"product_cat-verano","27":"product_tag-blanco","28":"product_tag-morado","29":"pa_pot-size-1-galon-6","30":"pa_pot-size-3-galones-10","31":"pa_pot-size-7-galones-14","34":"first","35":"instock","36":"taxable","37":"shipping-taxable","38":"purchasable","39":"product-type-variable"},"aioseo_notices":[],"_links":{"self":[{"href":"https:\/\/smartyplantsnursery.com\/es\/wp-json\/wp\/v2\/product\/45571","targetHints":{"allow":["GET"]}}],"collection":[{"href":"https:\/\/smartyplantsnursery.com\/es\/wp-json\/wp\/v2\/product"}],"about":[{"href":"https:\/\/smartyplantsnursery.com\/es\/wp-json\/wp\/v2\/types\/product"}],"replies":[{"embeddable":true,"href":"https:\/\/smartyplantsnursery.com\/es\/wp-json\/wp\/v2\/comments?post=45571"}],"wp:featuredmedia":[{"embeddable":true,"href":"https:\/\/smartyplantsnursery.com\/es\/wp-json\/wp\/v2\/media\/43433"}],"wp:attachment":[{"href":"https:\/\/smartyplantsnursery.com\/es\/wp-json\/wp\/v2\/media?parent=45571"}],"wp:term":[{"taxonomy":"product_brand","embeddable":true,"href":"https:\/\/smartyplantsnursery.com\/es\/wp-json\/wp\/v2\/product_brand?post=45571"},{"taxonomy":"product_cat","embeddable":true,"href":"https:\/\/smartyplantsnursery.com\/es\/wp-json\/wp\/v2\/product_cat?post=45571"},{"taxonomy":"product_tag","embeddable":true,"href":"https:\/\/smartyplantsnursery.com\/es\/wp-json\/wp\/v2\/product_tag?post=45571"}],"curies":[{"name":"wp","href":"https:\/\/api.w.org\/{rel}","templated":true}]}}