{"id":45578,"date":"2023-04-19T21:29:58","date_gmt":"2023-04-19T21:29:58","guid":{"rendered":"https:\/\/smartyplantsnursery.com\/product\/black-magic-ti-cordyline-fruticosa-black-magic\/"},"modified":"2026-03-11T14:59:30","modified_gmt":"2026-03-11T14:59:30","slug":"black-magic-ti-cordyline-fruticosa-black-magic","status":"publish","type":"product","link":"https:\/\/smartyplantsnursery.com\/es\/product\/black-magic-ti-cordyline-fruticosa-black-magic\/","title":{"rendered":"Black Magic ti &#8211; cordyline fruticosa \u201cblack Magic\u201d"},"content":{"rendered":"<p><b>Usos generales en el paisaje:<\/b> planta de acento, plantaci\u00f3n masiva, planta de contenedor, bordes mixtos<\/p>\n<p><b>Notas sobre la restauraci\u00f3n ecol\u00f3gica:<\/b> estabilizaci\u00f3n del suelo, creaci\u00f3n de h\u00e1bitat, resistencia clim\u00e1tica<\/p>\n<p><b>Descripci\u00f3n:<\/b> La Black Magic Ti es una planta de crecimiento vertical con hojas largas y oscuras. Su coloraci\u00f3n \u00fanica destaca en un paisaje y a\u00f1ade dimensi\u00f3n. <\/p>\n<p><b>Dimensiones:<\/b> altura 1,8 m; extensi\u00f3n 0,6 &#8211; 1,2 m<\/p>\n<p><b>Tasa de crecimiento:<\/b> R\u00e1pido a moderado<\/p>\n<p><b>Distribuci\u00f3n nativa:<\/b> Sudeste Asi\u00e1tico, Pap\u00faa Nueva Guinea, Norte de Australia y partes de las Islas del Pac\u00edfico<\/p>\n<p><b>H\u00e1bitats nativos:<\/b> Selvas tropicales y subtropicales y zonas costeras<\/p>\n<p><b>Suelos:<\/b> Suelo f\u00e9rtil y con buen drenaje, rico en materia org\u00e1nica<\/p>\n<p><b>Requisitos nutricionales:<\/b> altos<\/p>\n<p><b>Tolerancia al agua salada:<\/b> moderada<\/p>\n<p><b>Tolerancia al viento salado:<\/b> moderada<\/p>\n<p><b>Tolerancia a la sequ\u00eda:<\/b> moderada<\/p>\n<p><b>Requisitos de luz:<\/b> sol parcial a sombra<\/p>\n<p><b>Color de la flor:<\/b> P\u00farpura p\u00e1lido o rosa<\/p>\n<p><b>Caracter\u00edsticas de la flor:<\/b> peque\u00f1as, en racimos<\/p>\n<p><b>Temporada de floraci\u00f3n:<\/b> Primavera y verano<\/p>\n<p><b>Fruto:<\/b> Bayas rojas<\/p>\n<p><b>Vida silvestre y ecolog\u00eda:<\/b> H\u00e1bitat y refugio, apoyo a los polinizadores, dispersi\u00f3n de semillas por aves, estabilizaci\u00f3n del suelo, adaptaci\u00f3n clim\u00e1tica<\/p>\n<p><b>Notas de horticultura:<\/b> Propagaci\u00f3n por esquejes, divisi\u00f3n y semillas.<\/p>\n<p><b>Comentarios:<\/b><\/p>\n<p>&nbsp;<\/p>\n<div class=\"chkout-product-info-lbl\"><\/div>\n","protected":false},"excerpt":{"rendered":"<p><img fetchpriority=\"high\" decoding=\"async\" class=\"alignnone size-medium wp-image-54744\" src=\"https:\/\/smartyplantsnursery.com\/wp-content\/uploads\/2023\/04\/Screenshot-2026-03-03-at-2.22.47-PM-300x185.webp\" alt=\"\" width=\"300\" height=\"185\"><\/p>\n<div class=\"container\">\n<div class=\"table-container\">\n<table>\n<thead>\n<tr>\n<th>Tama\u00f1o de la maceta<\/th>\n<th>Altura media plantada (desde la tierra hasta la parte superior de la planta)<\/th>\n<\/tr>\n<\/thead>\n<tbody>\n<tr>\n<td>3 galones\/10&#8243;<\/td>\n<td>1 &#8211; 2 pies<\/td>\n<\/tr>\n<tr>\n<td>7 galones\/14&#8243;<\/td>\n<td>2 &#8211; 4 pies<\/td>\n<\/tr>\n<tr>\n<td>15 galones\/17&#8243;<\/td>\n<td>1,2 &#8211; 1,5 m<\/td>\n<\/tr>\n<\/tbody>\n<\/table>\n<\/div>\n<\/div>\n","protected":false},"featured_media":53782,"comment_status":"open","ping_status":"closed","template":"","meta":[],"product_brand":[],"product_cat":[348,304,310,375,317,331,315,302,305,360,361,313,326,316,334,323,372,322,330,303,349,307],"product_tag":[338,352],"class_list":{"0":"post-45578","1":"product","2":"type-product","3":"status-publish","4":"has-post-thumbnail","6":"product_cat-alta-es","7":"product_cat-arbusto","8":"product_cat-bien-drenado","9":"product_cat-borde","10":"product_cat-contenedor","11":"product_cat-division-es","12":"product_cat-esquejes","13":"product_cat-exotica","14":"product_cat-interior","15":"product_cat-moderada-es-3","16":"product_cat-moderada-es-4","17":"product_cat-moderada-es","18":"product_cat-moderada-es-2","19":"product_cat-pequena","20":"product_cat-planta-de-acento","21":"product_cat-primavera","22":"product_cat-racimo","23":"product_cat-rapido","24":"product_cat-semilla","25":"product_cat-sol-parcial","26":"product_cat-sombra","27":"product_cat-verano","28":"product_tag-morado","29":"product_tag-rosa","30":"pa_pot-size-1-galon-6","31":"pa_pot-size-15-galones-17","32":"pa_pot-size-3-galones-10","33":"pa_pot-size-7-galones-14","36":"first","37":"instock","38":"taxable","39":"shipping-taxable","40":"purchasable","41":"product-type-variable"},"aioseo_notices":[],"_links":{"self":[{"href":"https:\/\/smartyplantsnursery.com\/es\/wp-json\/wp\/v2\/product\/45578","targetHints":{"allow":["GET"]}}],"collection":[{"href":"https:\/\/smartyplantsnursery.com\/es\/wp-json\/wp\/v2\/product"}],"about":[{"href":"https:\/\/smartyplantsnursery.com\/es\/wp-json\/wp\/v2\/types\/product"}],"replies":[{"embeddable":true,"href":"https:\/\/smartyplantsnursery.com\/es\/wp-json\/wp\/v2\/comments?post=45578"}],"wp:featuredmedia":[{"embeddable":true,"href":"https:\/\/smartyplantsnursery.com\/es\/wp-json\/wp\/v2\/media\/53782"}],"wp:attachment":[{"href":"https:\/\/smartyplantsnursery.com\/es\/wp-json\/wp\/v2\/media?parent=45578"}],"wp:term":[{"taxonomy":"product_brand","embeddable":true,"href":"https:\/\/smartyplantsnursery.com\/es\/wp-json\/wp\/v2\/product_brand?post=45578"},{"taxonomy":"product_cat","embeddable":true,"href":"https:\/\/smartyplantsnursery.com\/es\/wp-json\/wp\/v2\/product_cat?post=45578"},{"taxonomy":"product_tag","embeddable":true,"href":"https:\/\/smartyplantsnursery.com\/es\/wp-json\/wp\/v2\/product_tag?post=45578"}],"curies":[{"name":"wp","href":"https:\/\/api.w.org\/{rel}","templated":true}]}}