{"id":45587,"date":"2023-04-19T16:35:51","date_gmt":"2023-04-19T16:35:51","guid":{"rendered":"https:\/\/smartyplantsnursery.com\/product\/platano-musa-acuminata-cavendish\/"},"modified":"2026-03-06T16:00:29","modified_gmt":"2026-03-06T16:00:29","slug":"platano-musa-acuminata-cavendish","status":"publish","type":"product","link":"https:\/\/smartyplantsnursery.com\/es\/product\/platano-musa-acuminata-cavendish\/","title":{"rendered":"Pl\u00e1tano &#8211; Musa acuminata \u201ccavendish\u201d"},"content":{"rendered":"<p><b>Usos generales en el paisaje:<\/b> Producci\u00f3n de alimentos, ornamental, control de la erosi\u00f3n, apoyo a la vida silvestre<\/p>\n<p><b>Notas sobre la restauraci\u00f3n ecol\u00f3gica:<\/b> Restauraci\u00f3n del suelo y control de la erosi\u00f3n, agrosilvicultura y uso sostenible de la tierra, regulaci\u00f3n del microclima, h\u00e1bitat de la vida silvestre y fuente de alimento<\/p>\n<p><b>Descripci\u00f3n:<\/b> Los pl\u00e1tanos son una de las frutas m\u00e1s cultivadas en el mundo. Crecen en grupo. La planta del pl\u00e1tano produce frutos solo una vez, por lo que puede recortar las plantas m\u00e1s viejas para dar paso a las nuevas.  <\/p>\n<p><b>Dimensiones:<\/b> Altura 6 &#8211; 8 pies.<\/p>\n<p><b>Tasa de crecimiento:<\/b> r\u00e1pida<\/p>\n<p><b>Distribuci\u00f3n nativa:<\/b> Sudeste de Asia<\/p>\n<p><b>H\u00e1bitats nativos:<\/b> Bosques tropicales y subtropicales de tierras bajas, que prosperan en climas c\u00e1lidos y h\u00famedos.<\/p>\n<p><b>Suelos:<\/b> Rico, con buen drenaje y un pH ligeramente \u00e1cido a neutro (6 &#8211; 7)<\/p>\n<p><b>Requisitos nutricionales:<\/b> altos<\/p>\n<p><b>Tolerancia al agua salada:<\/b> baja<\/p>\n<p><b>Tolerancia al viento salado:<\/b> baja<\/p>\n<p><b>Tolerancia a la sequ\u00eda:<\/b> de moderada a baja<\/p>\n<p><b>Requisitos de luz:<\/b> pleno sol<\/p>\n<p><b>Color de la flor:<\/b> Blanco amarillento<\/p>\n<p><b>Caracter\u00edsticas de la flor:<\/b> Br\u00e1cteas grandes y moradas con flores tubulares debajo.<\/p>\n<p><b>Temporada de floraci\u00f3n:<\/b> Todo el a\u00f1o<\/p>\n<p><b>Fruta:<\/b> Curvada, cil\u00edndrica y t\u00edpicamente de 6 a 8 pulgadas de largo; verde cuando est\u00e1 verde, volvi\u00e9ndose de color amarillo brillante cuando est\u00e1 madura<\/p>\n<p><b>Vida silvestre y ecolog\u00eda:<\/b> Proporciona h\u00e1bitat y alimento para algunos insectos y aves.<\/p>\n<p><b>Notas de horticultura:<\/b> Cultivado a partir de reto\u00f1os (hijuelos) y cultivo de tejidos<\/p>\n<p><b>Comentarios:<\/b><\/p>\n<p>&nbsp;<\/p>\n","protected":false},"excerpt":{"rendered":"<p><img fetchpriority=\"high\" decoding=\"async\" class=\"alignnone size-medium wp-image-54744\" src=\"https:\/\/smartyplantsnursery.com\/wp-content\/uploads\/2023\/04\/Screenshot-2026-03-03-at-2.22.47-PM-300x185.png\" alt=\"\" width=\"300\" height=\"185\"><\/p>\n<div class=\"container\">\n<div class=\"table-container\">\n<table>\n<thead>\n<tr>\n<th>Tama\u00f1o de la maceta<\/th>\n<th>Altura media plantada (desde la tierra hasta la parte superior de la planta)<\/th>\n<\/tr>\n<\/thead>\n<tbody>\n<tr>\n<td>7 galones\/14&#8243;<\/td>\n<td>1,5 &#8211; 1,8 m<\/td>\n<\/tr>\n<\/tbody>\n<\/table>\n<\/div>\n<\/div>\n","protected":false},"featured_media":43430,"comment_status":"open","ping_status":"closed","template":"","meta":[],"product_brand":[],"product_cat":[343,348,344,311,312,329,310,353,399,302,355,324,313,345,308,335,323,322,398,333,307],"product_tag":[319,318,338],"class_list":{"0":"post-45587","1":"product","2":"type-product","3":"status-publish","4":"has-post-thumbnail","6":"product_cat-acido","7":"product_cat-alta-es","8":"product_cat-arbol","9":"product_cat-baja","10":"product_cat-baja-es","11":"product_cat-baja-es-2","12":"product_cat-bien-drenado","13":"product_cat-comestible","14":"product_cat-cultivo-de-tejidos","15":"product_cat-exotica","16":"product_cat-invierno","17":"product_cat-llamativo","18":"product_cat-moderada-es","19":"product_cat-neutro","20":"product_cat-otono","21":"product_cat-pleno-sol","22":"product_cat-primavera","23":"product_cat-rapido","24":"product_cat-retono","25":"product_cat-tubular-es","26":"product_cat-verano","27":"product_tag-amarillo","28":"product_tag-blanco","29":"product_tag-morado","30":"pa_pot-size-1-galon-6","31":"pa_pot-size-3-galones-10","32":"pa_pot-size-7-galones-14","35":"first","36":"instock","37":"taxable","38":"shipping-taxable","39":"purchasable","40":"product-type-variable"},"aioseo_notices":[],"_links":{"self":[{"href":"https:\/\/smartyplantsnursery.com\/es\/wp-json\/wp\/v2\/product\/45587","targetHints":{"allow":["GET"]}}],"collection":[{"href":"https:\/\/smartyplantsnursery.com\/es\/wp-json\/wp\/v2\/product"}],"about":[{"href":"https:\/\/smartyplantsnursery.com\/es\/wp-json\/wp\/v2\/types\/product"}],"replies":[{"embeddable":true,"href":"https:\/\/smartyplantsnursery.com\/es\/wp-json\/wp\/v2\/comments?post=45587"}],"wp:featuredmedia":[{"embeddable":true,"href":"https:\/\/smartyplantsnursery.com\/es\/wp-json\/wp\/v2\/media\/43430"}],"wp:attachment":[{"href":"https:\/\/smartyplantsnursery.com\/es\/wp-json\/wp\/v2\/media?parent=45587"}],"wp:term":[{"taxonomy":"product_brand","embeddable":true,"href":"https:\/\/smartyplantsnursery.com\/es\/wp-json\/wp\/v2\/product_brand?post=45587"},{"taxonomy":"product_cat","embeddable":true,"href":"https:\/\/smartyplantsnursery.com\/es\/wp-json\/wp\/v2\/product_cat?post=45587"},{"taxonomy":"product_tag","embeddable":true,"href":"https:\/\/smartyplantsnursery.com\/es\/wp-json\/wp\/v2\/product_tag?post=45587"}],"curies":[{"name":"wp","href":"https:\/\/api.w.org\/{rel}","templated":true}]}}