{"id":45590,"date":"2023-04-19T01:41:47","date_gmt":"2023-04-19T01:41:47","guid":{"rendered":"https:\/\/smartyplantsnursery.com\/product\/palmera-bambu-chamaedorea-seifrizii\/"},"modified":"2025-11-21T23:22:06","modified_gmt":"2025-11-21T23:22:06","slug":"palmera-bambu-chamaedorea-seifrizii","status":"publish","type":"product","link":"https:\/\/smartyplantsnursery.com\/es\/product\/palmera-bambu-chamaedorea-seifrizii\/","title":{"rendered":"Palmera bamb\u00fa &#8211; chamaedorea seifrizii"},"content":{"rendered":"<p><b>Usos generales en el paisajismo:<\/b> Interior, pantallas de privacidad y bordes, planta de sotobosque<\/p>\n<p><b>Notas sobre la restauraci\u00f3n ecol\u00f3gica:<\/b> Restauraci\u00f3n del sotobosque en bosques tropicales, sombra y cobertura del suelo, apoya la biodiversidad<\/p>\n<p><b>Descripci\u00f3n:<\/b> La palmera bamb\u00fa es una excelente planta de interior, ya que requiere poco o ning\u00fan mantenimiento. Los tallos parecidos al bamb\u00fa le dan nombre a esta planta, con una mezcla de hojas delgadas y anchas. <\/p>\n<p><b>Dimensiones:<\/b> Altura 2,4 m.<\/p>\n<p><b>Tasa de crecimiento:<\/b> de lenta a moderada<\/p>\n<p><b>Distribuci\u00f3n nativa:<\/b> sur de M\u00e9xico, Am\u00e9rica Central y Honduras<\/p>\n<p><b>H\u00e1bitats nativos:<\/b> Se encuentra en el sotobosque de los bosques tropicales, prosperando en ambientes sombreados y h\u00famedos con suelos bien drenados<\/p>\n<p><b>Suelos:<\/b> Bien drenados, ligeramente \u00e1cidos a neutros (pH 6 &#8211; 7)<\/p>\n<p><b>Requisitos nutricionales:<\/b> moderados<\/p>\n<p><b>Tolerancia al agua salada:<\/b> baja<\/p>\n<p><b>Tolerancia al viento salado:<\/b> baja<\/p>\n<p><b>Tolerancia a la sequ\u00eda:<\/b> moderada<\/p>\n<p><b>Requisitos de luz:<\/b> Sombra<\/p>\n<p><b>Color de la flor:<\/b> amarillo<\/p>\n<p><b>Caracter\u00edsticas de la flor:<\/b> peque\u00f1a, discreta<\/p>\n<p><b>Temporada de floraci\u00f3n:<\/b> Primavera a principios de verano<\/p>\n<p><b>Fruto:<\/b> Bayas negras peque\u00f1as<\/p>\n<p><b>Fauna y ecolog\u00eda:<\/b> H\u00e1bitat para peque\u00f1os insectos y aves<\/p>\n<p><b>Notas de horticultura:<\/b> Propagaci\u00f3n por divisi\u00f3n y semilla<\/p>\n<p><b>Comentarios:<\/b><\/p>\n","protected":false},"excerpt":{"rendered":"<p><img decoding=\"async\" class=\"alignnone size-medium wp-image-31863\" src=\"https:\/\/smartyplantsnursery.com\/wp-content\/uploads\/2023\/04\/Screen-Shot-2023-04-22-at-11.28.02-PM-300x134.png\" alt=\"\" width=\"300\" height=\"134\"><\/p>\n<div class=\"container\">\n<div class=\"table-container\">\n<table>\n<thead>\n<tr>\n<th>Tama\u00f1o de la maceta<\/th>\n<th>Altura media plantada (desde la tierra hasta la parte superior de la planta)<\/th>\n<\/tr>\n<\/thead>\n<tbody>\n<tr>\n<td>7 galones\/14&#8243;<\/td>\n<td>2 &#8211; 4 pies<\/td>\n<\/tr>\n<tr>\n<td>15 galones\/17&#8243;<\/td>\n<td>1,2 &#8211; 1,5 m<\/td>\n<\/tr>\n<\/tbody>\n<\/table>\n<\/div>\n<\/div>\n","protected":false},"featured_media":43426,"comment_status":"open","ping_status":"closed","template":"","meta":[],"product_brand":[],"product_cat":[343,304,311,312,310,375,331,365,305,306,313,309,326,345,370,378,316,323,330,349,377,307],"product_tag":[319],"class_list":{"0":"post-45590","1":"product","2":"type-product","3":"status-publish","4":"has-post-thumbnail","6":"product_cat-acido","7":"product_cat-arbusto","8":"product_cat-baja","9":"product_cat-baja-es","10":"product_cat-bien-drenado","11":"product_cat-borde","12":"product_cat-division-es","13":"product_cat-inconspicuo","14":"product_cat-interior","15":"product_cat-lenta","16":"product_cat-moderada-es","17":"product_cat-moderada","18":"product_cat-moderada-es-2","19":"product_cat-neutro","20":"product_cat-palma","21":"product_cat-pantalla","22":"product_cat-pequena","23":"product_cat-primavera","24":"product_cat-semilla","25":"product_cat-sombra","26":"product_cat-sotobosque","27":"product_cat-verano","28":"product_tag-amarillo","29":"pa_pot-size-1-galon-6","30":"pa_pot-size-15-galones-17","31":"pa_pot-size-3-galones-10","32":"pa_pot-size-7-galones-14","35":"first","36":"instock","37":"taxable","38":"shipping-taxable","39":"purchasable","40":"product-type-variable"},"aioseo_notices":[],"_links":{"self":[{"href":"https:\/\/smartyplantsnursery.com\/es\/wp-json\/wp\/v2\/product\/45590","targetHints":{"allow":["GET"]}}],"collection":[{"href":"https:\/\/smartyplantsnursery.com\/es\/wp-json\/wp\/v2\/product"}],"about":[{"href":"https:\/\/smartyplantsnursery.com\/es\/wp-json\/wp\/v2\/types\/product"}],"replies":[{"embeddable":true,"href":"https:\/\/smartyplantsnursery.com\/es\/wp-json\/wp\/v2\/comments?post=45590"}],"wp:featuredmedia":[{"embeddable":true,"href":"https:\/\/smartyplantsnursery.com\/es\/wp-json\/wp\/v2\/media\/43426"}],"wp:attachment":[{"href":"https:\/\/smartyplantsnursery.com\/es\/wp-json\/wp\/v2\/media?parent=45590"}],"wp:term":[{"taxonomy":"product_brand","embeddable":true,"href":"https:\/\/smartyplantsnursery.com\/es\/wp-json\/wp\/v2\/product_brand?post=45590"},{"taxonomy":"product_cat","embeddable":true,"href":"https:\/\/smartyplantsnursery.com\/es\/wp-json\/wp\/v2\/product_cat?post=45590"},{"taxonomy":"product_tag","embeddable":true,"href":"https:\/\/smartyplantsnursery.com\/es\/wp-json\/wp\/v2\/product_tag?post=45590"}],"curies":[{"name":"wp","href":"https:\/\/api.w.org\/{rel}","templated":true}]}}