{"id":45608,"date":"2025-07-15T17:48:48","date_gmt":"2025-07-15T17:48:48","guid":{"rendered":"https:\/\/smartyplantsnursery.com\/product\/tradescantia-zebrina\/"},"modified":"2026-02-17T13:40:31","modified_gmt":"2026-02-17T13:40:31","slug":"tradescantia-zebrina","status":"publish","type":"product","link":"https:\/\/smartyplantsnursery.com\/es\/product\/tradescantia-zebrina\/","title":{"rendered":"Tradescantia zebrina"},"content":{"rendered":"<p><b>Usos generales en el paisaje:<\/b> Cobertura del suelo, contenedor, borde<\/p>\n<p><b>Notas sobre la restauraci\u00f3n ecol\u00f3gica:<\/b> No recomendado<\/p>\n<p><b>Descripci\u00f3n:<\/b> Planta perenne suculenta trepadora<\/p>\n<p><b>Dimensiones:<\/b> Altura 15 &#8211; 23 cm; Extensi\u00f3n 60 cm.<\/p>\n<p><b>Tasa de crecimiento:<\/b> r\u00e1pida<\/p>\n<p><b>Distribuci\u00f3n nativa:<\/b> M\u00e9xico, Am\u00e9rica Central, Colombia<\/p>\n<p><b>H\u00e1bitats nativos:<\/b> Bosques h\u00famedos tropicales y subtropicales<\/p>\n<p><b>Suelos:<\/b> Bien drenados<\/p>\n<p><b>Requisitos nutricionales:<\/b> De bajos a moderados<\/p>\n<p><b>Tolerancia al agua salada:<\/b> baja<\/p>\n<p><b>Tolerancia al viento salado:<\/b> baja<\/p>\n<p><b>Tolerancia a la sequ\u00eda:<\/b> moderada<\/p>\n<p><b>Requisitos de luz:<\/b> sol parcial<\/p>\n<p><b>Color de la flor:<\/b> Lavanda<\/p>\n<p><b>Caracter\u00edsticas de la flor:<\/b> peque\u00f1a, discreta<\/p>\n<p><b>Temporada de floraci\u00f3n:<\/b> Todo el a\u00f1o<\/p>\n<p><b>Fruto:<\/b> C\u00e1psula seca peque\u00f1a, verde cuando es inmadura que se vuelve marr\u00f3n a medida que madura<\/p>\n<p><b>Vida silvestre y ecolog\u00eda:<\/b> Atrae a los polinizadores<\/p>\n<p><b>Notas de horticultura:<\/b> Esquejes, divisi\u00f3n, semilla<\/p>\n<p><b>Comentarios:<\/b><\/p>\n","protected":false},"excerpt":{"rendered":"<p><a href=\"https:\/\/smartyplantsnursery.com\/wp-content\/uploads\/2023\/04\/Screen-Shot-2023-04-22-at-11.28.02-PM.png\"><img decoding=\"async\" class=\"alignnone size-medium wp-image-31863\" src=\"https:\/\/smartyplantsnursery.com\/wp-content\/uploads\/2023\/04\/Screen-Shot-2023-04-22-at-11.28.02-PM-300x134.png\" alt=\"Compre con confianza en el vivero Smarty Plants.\" width=\"300\" height=\"134\"><\/a><\/p>\n<div class=\"container\">\n<div class=\"table-container\">\n<table>\n<thead>\n<tr>\n<th>Tama\u00f1o de la maceta<\/th>\n<th>Altura media plantada (desde la tierra hasta la parte superior de la planta)<\/th>\n<\/tr>\n<\/thead>\n<tbody>\n<tr>\n<td>1 gal\u00f3n\/6&#8243;<\/td>\n<td>0 &#8211; 15 cm<\/td>\n<\/tr>\n<\/tbody>\n<\/table>\n<\/div>\n<\/div>\n","protected":false},"featured_media":43697,"comment_status":"open","ping_status":"closed","template":"","meta":[],"product_brand":[],"product_cat":[357,311,312,310,375,321,317,331,315,365,355,309,313,308,316,323,322,330,303,339,307],"product_tag":[337],"class_list":{"0":"post-45608","1":"product","2":"type-product","3":"status-publish","4":"has-post-thumbnail","6":"product_cat-baja-es-3","7":"product_cat-baja","8":"product_cat-baja-es","9":"product_cat-bien-drenado","10":"product_cat-borde","11":"product_cat-cobertura-del-suelo","12":"product_cat-contenedor","13":"product_cat-division-es","14":"product_cat-esquejes","15":"product_cat-inconspicuo","16":"product_cat-invierno","17":"product_cat-moderada","18":"product_cat-moderada-es","19":"product_cat-otono","20":"product_cat-pequena","21":"product_cat-primavera","22":"product_cat-rapido","23":"product_cat-semilla","24":"product_cat-sol-parcial","25":"product_cat-suculenta","26":"product_cat-verano","27":"product_tag-lavanda","28":"pa_pot-size-1-galon-6","31":"first","32":"instock","33":"taxable","34":"shipping-taxable","35":"purchasable","36":"product-type-variable"},"aioseo_notices":[],"_links":{"self":[{"href":"https:\/\/smartyplantsnursery.com\/es\/wp-json\/wp\/v2\/product\/45608","targetHints":{"allow":["GET"]}}],"collection":[{"href":"https:\/\/smartyplantsnursery.com\/es\/wp-json\/wp\/v2\/product"}],"about":[{"href":"https:\/\/smartyplantsnursery.com\/es\/wp-json\/wp\/v2\/types\/product"}],"replies":[{"embeddable":true,"href":"https:\/\/smartyplantsnursery.com\/es\/wp-json\/wp\/v2\/comments?post=45608"}],"wp:featuredmedia":[{"embeddable":true,"href":"https:\/\/smartyplantsnursery.com\/es\/wp-json\/wp\/v2\/media\/43697"}],"wp:attachment":[{"href":"https:\/\/smartyplantsnursery.com\/es\/wp-json\/wp\/v2\/media?parent=45608"}],"wp:term":[{"taxonomy":"product_brand","embeddable":true,"href":"https:\/\/smartyplantsnursery.com\/es\/wp-json\/wp\/v2\/product_brand?post=45608"},{"taxonomy":"product_cat","embeddable":true,"href":"https:\/\/smartyplantsnursery.com\/es\/wp-json\/wp\/v2\/product_cat?post=45608"},{"taxonomy":"product_tag","embeddable":true,"href":"https:\/\/smartyplantsnursery.com\/es\/wp-json\/wp\/v2\/product_tag?post=45608"}],"curies":[{"name":"wp","href":"https:\/\/api.w.org\/{rel}","templated":true}]}}