{"id":45623,"date":"2025-07-14T19:34:44","date_gmt":"2025-07-14T19:34:44","guid":{"rendered":"https:\/\/smartyplantsnursery.com\/product\/petardo-crossandra-infundibuliformis-naranja-sorbete\/"},"modified":"2025-12-17T16:57:26","modified_gmt":"2025-12-17T16:57:26","slug":"petardo-crossandra-infundibuliformis-naranja-sorbete","status":"publish","type":"product","link":"https:\/\/smartyplantsnursery.com\/es\/product\/petardo-crossandra-infundibuliformis-naranja-sorbete\/","title":{"rendered":"Petardo &#8211; crossandra infundibuliformis \u201cNaranja sorbete\u201d"},"content":{"rendered":"<p><b>Usos generales en el paisaje:<\/b> Bordes, jardines tropicales, plantaciones masivas, jardines de polinizadores<\/p>\n<p><b>Notas sobre la restauraci\u00f3n ecol\u00f3gica:<\/b> No recomendado<\/p>\n<p><b>Descripci\u00f3n:<\/b> Arbusto tropical de hoja perenne<\/p>\n<p><b>Dimensiones:<\/b> Altura 0,3 &#8211; 0,9 m; Extensi\u00f3n 0,3 &#8211; 0,9 m<\/p>\n<p><b>Tasa de crecimiento:<\/b> moderada<\/p>\n<p><b>Distribuci\u00f3n nativa:<\/b> sur de la India, Sri Lanka<\/p>\n<p><b>H\u00e1bitats nativos:<\/b> n\/a<\/p>\n<p><b>Suelos:<\/b> Con buen drenaje, ligeramente \u00e1cido a neutro (pH 6 &#8211; 7)<\/p>\n<p><b>Requisitos nutricionales:<\/b> moderados<\/p>\n<p><b>Tolerancia al agua salada:<\/b> baja<\/p>\n<p><b>Tolerancia al viento salado:<\/b> baja<\/p>\n<p><b>Tolerancia a la sequ\u00eda:<\/b> De baja a moderada<\/p>\n<p><b>Requisitos de luz:<\/b> sol parcial<\/p>\n<p><b>Color de la flor:<\/b> Naranja<\/p>\n<p><b>Caracter\u00edsticas de la flor:<\/b> Tubular, en racimos<\/p>\n<p><b>Temporada de floraci\u00f3n:<\/b> Todo el a\u00f1o<\/p>\n<p><b>Fruto:<\/b> C\u00e1psula de semilla seca, peque\u00f1a, marr\u00f3n verdosa<\/p>\n<p><b>Vida silvestre y ecolog\u00eda:<\/b> Proporciona algo de n\u00e9ctar para los polinizadores<\/p>\n<p><b>Notas de horticultura:<\/b> Se cultiva a partir de semillas, esquejes<\/p>\n<p><b>Comentarios:<\/b><\/p>\n","protected":false},"excerpt":{"rendered":"<p><a href=\"https:\/\/smartyplantsnursery.com\/wp-content\/uploads\/2023\/04\/Screen-Shot-2023-04-22-at-11.28.02-PM.png\"><img decoding=\"async\" class=\"alignnone size-medium wp-image-31863\" src=\"https:\/\/smartyplantsnursery.com\/wp-content\/uploads\/2023\/04\/Screen-Shot-2023-04-22-at-11.28.02-PM-300x134.png\" alt=\"Compre con confianza en el vivero Smarty Plants.\" width=\"300\" height=\"134\"><\/a><\/p>\n<div class=\"container\">\n<div class=\"table-container\">\n<table>\n<thead>\n<tr>\n<th>Tama\u00f1o de la maceta<\/th>\n<th>Altura media plantada (desde la tierra hasta la parte superior de la planta)<\/th>\n<\/tr>\n<\/thead>\n<tbody>\n<tr>\n<td>3 galones\/10&#8243;<\/td>\n<td>1 &#8211; 2 pies<\/td>\n<\/tr>\n<\/tbody>\n<\/table>\n<\/div>\n<\/div>\n","protected":false},"featured_media":43646,"comment_status":"open","ping_status":"closed","template":"","meta":[],"product_brand":[],"product_cat":[343,304,329,312,311,310,375,315,355,309,313,326,345,308,358,323,372,330,303,333,307],"product_tag":[351],"class_list":{"0":"post-45623","1":"product","2":"type-product","3":"status-publish","4":"has-post-thumbnail","6":"product_cat-acido","7":"product_cat-arbusto","8":"product_cat-baja-es-2","9":"product_cat-baja-es","10":"product_cat-baja","11":"product_cat-bien-drenado","12":"product_cat-borde","13":"product_cat-esquejes","14":"product_cat-invierno","15":"product_cat-moderada","16":"product_cat-moderada-es","17":"product_cat-moderada-es-2","18":"product_cat-neutro","19":"product_cat-otono","20":"product_cat-plantas-para-mariposas-plantas-para-polinizadores","21":"product_cat-primavera","22":"product_cat-racimo","23":"product_cat-semilla","24":"product_cat-sol-parcial","25":"product_cat-tubular-es","26":"product_cat-verano","27":"product_tag-naranja","28":"pa_pot-size-3-galones-10","31":"first","32":"instock","33":"taxable","34":"shipping-taxable","35":"purchasable","36":"product-type-variable"},"aioseo_notices":[],"_links":{"self":[{"href":"https:\/\/smartyplantsnursery.com\/es\/wp-json\/wp\/v2\/product\/45623","targetHints":{"allow":["GET"]}}],"collection":[{"href":"https:\/\/smartyplantsnursery.com\/es\/wp-json\/wp\/v2\/product"}],"about":[{"href":"https:\/\/smartyplantsnursery.com\/es\/wp-json\/wp\/v2\/types\/product"}],"replies":[{"embeddable":true,"href":"https:\/\/smartyplantsnursery.com\/es\/wp-json\/wp\/v2\/comments?post=45623"}],"wp:featuredmedia":[{"embeddable":true,"href":"https:\/\/smartyplantsnursery.com\/es\/wp-json\/wp\/v2\/media\/43646"}],"wp:attachment":[{"href":"https:\/\/smartyplantsnursery.com\/es\/wp-json\/wp\/v2\/media?parent=45623"}],"wp:term":[{"taxonomy":"product_brand","embeddable":true,"href":"https:\/\/smartyplantsnursery.com\/es\/wp-json\/wp\/v2\/product_brand?post=45623"},{"taxonomy":"product_cat","embeddable":true,"href":"https:\/\/smartyplantsnursery.com\/es\/wp-json\/wp\/v2\/product_cat?post=45623"},{"taxonomy":"product_tag","embeddable":true,"href":"https:\/\/smartyplantsnursery.com\/es\/wp-json\/wp\/v2\/product_tag?post=45623"}],"curies":[{"name":"wp","href":"https:\/\/api.w.org\/{rel}","templated":true}]}}