{"id":45630,"date":"2025-06-16T14:55:33","date_gmt":"2025-06-16T14:55:33","guid":{"rendered":"https:\/\/smartyplantsnursery.com\/product\/riel-de-ferrocarril-pata-de-cabra-bayhops-ipomoea-pes-caprae\/"},"modified":"2026-02-03T15:36:32","modified_gmt":"2026-02-03T15:36:32","slug":"riel-de-ferrocarril-pata-de-cabra-bayhops-ipomoea-pes-caprae","status":"publish","type":"product","link":"https:\/\/smartyplantsnursery.com\/es\/product\/riel-de-ferrocarril-pata-de-cabra-bayhops-ipomoea-pes-caprae\/","title":{"rendered":"Riel de ferrocarril, pata de cabra, bayhops &#8211; ipomoea pes-caprae"},"content":{"rendered":"<p><b>Usos generales en el paisaje:<\/b> Estabilizaci\u00f3n de dunas y control de la erosi\u00f3n, cobertura del suelo, jardines costeros y de vida silvestre<\/p>\n<p><b>Notas sobre restauraci\u00f3n ecol\u00f3gica:<\/b> Estabiliza las dunas de arena, previene la erosi\u00f3n costera<\/p>\n<p><b>Descripci\u00f3n:<\/b> Enredadera rastrera<\/p>\n<p><b>Dimensiones:<\/b> Altura 10 &#8211; 20 cm; Extensi\u00f3n 3 &#8211; 9 m<\/p>\n<p><b>Tasa de crecimiento:<\/b> r\u00e1pida<\/p>\n<p><b>Distribuci\u00f3n nativa:<\/b> costas de Am\u00e9rica, \u00c1frica, Asia y Ocean\u00eda<\/p>\n<p><b>H\u00e1bitats nativos:<\/b> Dunas de arena costeras, playas superiores y matorrales tolerantes a la sal<\/p>\n<p><b>Suelos:<\/b> Arenoso, bien drenado<\/p>\n<p><b>Requisitos nutricionales:<\/b> bajos<\/p>\n<p><b>Tolerancia al agua salada:<\/b> alta<\/p>\n<p><b>Tolerancia al viento salado:<\/b> alta<\/p>\n<p><b>Tolerancia a la sequ\u00eda:<\/b> alta<\/p>\n<p><b>Requisitos de luz:<\/b> pleno sol<\/p>\n<p><b>Color de la flor:<\/b> De rosa a p\u00farpura<\/p>\n<p><b>Caracter\u00edsticas de la flor:<\/b> Grande, en forma de embudo, abierta por la ma\u00f1ana y se marchita al mediod\u00eda<\/p>\n<p><b>Temporada de floraci\u00f3n:<\/b> Todo el a\u00f1o<\/p>\n<p><b>Fruto:<\/b> C\u00e1psula peque\u00f1a y redonda<\/p>\n<p><b>Vida silvestre y ecolog\u00eda:<\/b> Atrae a los polinizadores, fuente de alimento y refugio para la fauna peque\u00f1a<\/p>\n<p><b>Notas de horticultura:<\/b> Se cultiva a partir de semillas, esquejes<\/p>\n<p><b>Comentarios:<\/b><\/p>\n","protected":false},"excerpt":{"rendered":"<p><a href=\"https:\/\/smartyplantsnursery.com\/wp-content\/uploads\/2023\/04\/Screen-Shot-2023-04-22-at-11.28.02-PM.png\"><img decoding=\"async\" class=\"alignnone size-medium wp-image-31863\" src=\"https:\/\/smartyplantsnursery.com\/wp-content\/uploads\/2023\/04\/Screen-Shot-2023-04-22-at-11.28.02-PM-300x134.png\" alt=\"Compre con confianza en el vivero Smarty Plants.\" width=\"300\" height=\"134\"><\/a><\/p>\n<div class=\"container\">\n<div class=\"table-container\">\n<table>\n<thead>\n<tr>\n<th>Tama\u00f1o de la maceta<\/th>\n<th>Altura media plantada (desde la tierra hasta la parte superior de la planta)<\/th>\n<\/tr>\n<\/thead>\n<tbody>\n<tr>\n<td>1 gal\u00f3n\/6&#8243;<\/td>\n<td>0 &#8211; 15 cm<\/td>\n<\/tr>\n<tr>\n<td>3 galones\/10&#8243;<\/td>\n<td>15 cm &#8211; 30 cm <\/td>\n<\/tr>\n<\/tbody>\n<\/table>\n<\/div>\n<\/div>\n","protected":false},"featured_media":53134,"comment_status":"open","ping_status":"closed","template":"","meta":[],"product_brand":[],"product_cat":[340,362,376,359,357,310,321,384,320,315,302,368,355,308,335,323,322,330,307],"product_tag":[338,352],"class_list":{"0":"post-45630","1":"product","2":"type-product","3":"status-publish","4":"has-post-thumbnail","6":"product_cat-alta","7":"product_cat-alta-es-2","8":"product_cat-alta-es-3","9":"product_cat-arena","10":"product_cat-baja-es-3","11":"product_cat-bien-drenado","12":"product_cat-cobertura-del-suelo","13":"product_cat-costero","14":"product_cat-enredadera","15":"product_cat-esquejes","16":"product_cat-exotica","17":"product_cat-grande","18":"product_cat-invierno","19":"product_cat-otono","20":"product_cat-pleno-sol","21":"product_cat-primavera","22":"product_cat-rapido","23":"product_cat-semilla","24":"product_cat-verano","25":"product_tag-morado","26":"product_tag-rosa","27":"pa_pot-size-1-galon-6","28":"pa_pot-size-3-galones-10","31":"first","32":"instock","33":"taxable","34":"shipping-taxable","35":"purchasable","36":"product-type-variable"},"aioseo_notices":[],"_links":{"self":[{"href":"https:\/\/smartyplantsnursery.com\/es\/wp-json\/wp\/v2\/product\/45630","targetHints":{"allow":["GET"]}}],"collection":[{"href":"https:\/\/smartyplantsnursery.com\/es\/wp-json\/wp\/v2\/product"}],"about":[{"href":"https:\/\/smartyplantsnursery.com\/es\/wp-json\/wp\/v2\/types\/product"}],"replies":[{"embeddable":true,"href":"https:\/\/smartyplantsnursery.com\/es\/wp-json\/wp\/v2\/comments?post=45630"}],"wp:featuredmedia":[{"embeddable":true,"href":"https:\/\/smartyplantsnursery.com\/es\/wp-json\/wp\/v2\/media\/53134"}],"wp:attachment":[{"href":"https:\/\/smartyplantsnursery.com\/es\/wp-json\/wp\/v2\/media?parent=45630"}],"wp:term":[{"taxonomy":"product_brand","embeddable":true,"href":"https:\/\/smartyplantsnursery.com\/es\/wp-json\/wp\/v2\/product_brand?post=45630"},{"taxonomy":"product_cat","embeddable":true,"href":"https:\/\/smartyplantsnursery.com\/es\/wp-json\/wp\/v2\/product_cat?post=45630"},{"taxonomy":"product_tag","embeddable":true,"href":"https:\/\/smartyplantsnursery.com\/es\/wp-json\/wp\/v2\/product_tag?post=45630"}],"curies":[{"name":"wp","href":"https:\/\/api.w.org\/{rel}","templated":true}]}}