{"id":45640,"date":"2025-06-16T14:33:21","date_gmt":"2025-06-16T14:33:21","guid":{"rendered":"https:\/\/smartyplantsnursery.com\/product\/palmera-triangular-dypsis-decaryi\/"},"modified":"2026-03-07T14:04:11","modified_gmt":"2026-03-07T14:04:11","slug":"palmera-triangular-dypsis-decaryi","status":"publish","type":"product","link":"https:\/\/smartyplantsnursery.com\/es\/product\/palmera-triangular-dypsis-decaryi\/","title":{"rendered":"Palmera triangular &#8211; dypsis decaryi"},"content":{"rendered":"<p><b>Usos generales en el paisajismo: <\/b>Planta ornamental<\/p>\n<p><b>Notas sobre la restauraci\u00f3n ecol\u00f3gica: <\/b>Estabiliza suelos secos y rocosos, reconstruye comunidades de plantas nativas, proporciona h\u00e1bitat y alimento para la fauna local, objetivo de conservaci\u00f3n<\/p>\n<p><b>Descripci\u00f3n: <\/b>Llamada as\u00ed por la disposici\u00f3n triangular \u00fanica de las bases de sus hojas, que forman un tronco de tres lados.<\/p>\n<p><b>Dimensiones: <\/b>Altura 30 &#8211; 50 pies; Extensi\u00f3n 10 &#8211; 15 pies.<\/p>\n<p><b>Tasa de crecimiento:<\/b> moderada<\/p>\n<p><b>Distribuci\u00f3n nativa:<\/b> Madagascar<\/p>\n<p><b>H\u00e1bitats nativos: <\/b>Ladera rocosa y seca<\/p>\n<p><b>Suelos: <\/b>Bien drenados, arena o tierra franca<\/p>\n<p><b>Requisitos nutricionales:<\/b> moderados<\/p>\n<p><b>Tolerancia al agua salada:<\/b> baja<\/p>\n<p><b>Tolerancia al viento salado:<\/b> moderada<\/p>\n<p><b>Tolerancia a la sequ\u00eda:<\/b> moderada<\/p>\n<p><b>Requisitos de luz:<\/b> Pleno sol<\/p>\n<p><b>Color de la flor: <\/b>amarillento<\/p>\n<p><b>Caracter\u00edsticas de la flor:<\/b> peque\u00f1a<\/p>\n<p><b>Temporada de floraci\u00f3n:<\/b> Desde finales de primavera hasta principios de verano<\/p>\n<p><b>Fruto: <\/b>Drupas peque\u00f1as y ovaladas de color negro azulado<\/p>\n<p><b>Vida silvestre y ecolog\u00eda:<\/b> Atrae a los polinizadores<\/p>\n<p><b>Notas de horticultura:<\/b> Se propaga por semilla<\/p>\n<p><b>Comentarios:<\/b><\/p>\n","protected":false},"excerpt":{"rendered":"<p><a href=\"https:\/\/smartyplantsnursery.com\/wp-content\/uploads\/2023\/04\/Screen-Shot-2023-04-22-at-11.28.02-PM.png\"><img decoding=\"async\" class=\"alignnone size-medium wp-image-31863\" src=\"https:\/\/smartyplantsnursery.com\/wp-content\/uploads\/2023\/04\/Screen-Shot-2023-04-22-at-11.28.02-PM-300x134.png\" alt=\"Compre con confianza en el vivero Smarty Plants.\" width=\"300\" height=\"134\"><\/a><\/p>\n<div class=\"container\">\n<div class=\"table-container\">\n<table>\n<thead>\n<tr>\n<th>Tama\u00f1o de la maceta<\/th>\n<th>Altura media plantada (desde la tierra hasta la parte superior de la planta)<\/th>\n<\/tr>\n<\/thead>\n<tbody>\n<tr>\n<td>3 galones\/10&#8243;<\/td>\n<td>0,6 &#8211; 1,2 m<\/td>\n<\/tr>\n<tr>\n<td>7 galones\/14&#8243;<\/td>\n<td>1,2 &#8211; 1,8 m<\/td>\n<\/tr>\n<tr>\n<td>15 galones\/17&#8243;<\/td>\n<td>6 &#8211; 8 pies<\/td>\n<\/tr>\n<tr>\n<td>25 galones\/21&#8243;<\/td>\n<td>8 &#8211; 10 pies<\/td>\n<\/tr>\n<tr>\n<td>Cultivado en campo<\/td>\n<td><\/td>\n<\/tr>\n<\/tbody>\n<\/table>\n<\/div>\n<p>&nbsp;<\/p>\n","protected":false},"featured_media":48400,"comment_status":"open","ping_status":"closed","template":"","meta":[],"product_brand":[],"product_cat":[344,359,311,310,302,369,309,326,361,313,370,316,314,335,323,330,307],"product_tag":[319],"class_list":{"0":"post-45640","1":"product","2":"type-product","3":"status-publish","4":"has-post-thumbnail","6":"product_cat-arbol","7":"product_cat-arena","8":"product_cat-baja","9":"product_cat-bien-drenado","10":"product_cat-exotica","11":"product_cat-franco","12":"product_cat-moderada","13":"product_cat-moderada-es-2","14":"product_cat-moderada-es-4","15":"product_cat-moderada-es","16":"product_cat-palma","17":"product_cat-pequena","18":"product_cat-planta-de-especimen","19":"product_cat-pleno-sol","20":"product_cat-primavera","21":"product_cat-semilla","22":"product_cat-verano","23":"product_tag-amarillo","24":"pa_pot-size-15-galones-17","25":"pa_pot-size-25-galones-21","26":"pa_pot-size-3-galones-10","27":"pa_pot-size-7-galones-14","30":"first","31":"instock","32":"taxable","33":"shipping-taxable","34":"purchasable","35":"product-type-variable"},"aioseo_notices":[],"_links":{"self":[{"href":"https:\/\/smartyplantsnursery.com\/es\/wp-json\/wp\/v2\/product\/45640","targetHints":{"allow":["GET"]}}],"collection":[{"href":"https:\/\/smartyplantsnursery.com\/es\/wp-json\/wp\/v2\/product"}],"about":[{"href":"https:\/\/smartyplantsnursery.com\/es\/wp-json\/wp\/v2\/types\/product"}],"replies":[{"embeddable":true,"href":"https:\/\/smartyplantsnursery.com\/es\/wp-json\/wp\/v2\/comments?post=45640"}],"wp:featuredmedia":[{"embeddable":true,"href":"https:\/\/smartyplantsnursery.com\/es\/wp-json\/wp\/v2\/media\/48400"}],"wp:attachment":[{"href":"https:\/\/smartyplantsnursery.com\/es\/wp-json\/wp\/v2\/media?parent=45640"}],"wp:term":[{"taxonomy":"product_brand","embeddable":true,"href":"https:\/\/smartyplantsnursery.com\/es\/wp-json\/wp\/v2\/product_brand?post=45640"},{"taxonomy":"product_cat","embeddable":true,"href":"https:\/\/smartyplantsnursery.com\/es\/wp-json\/wp\/v2\/product_cat?post=45640"},{"taxonomy":"product_tag","embeddable":true,"href":"https:\/\/smartyplantsnursery.com\/es\/wp-json\/wp\/v2\/product_tag?post=45640"}],"curies":[{"name":"wp","href":"https:\/\/api.w.org\/{rel}","templated":true}]}}