{"id":45651,"date":"2025-05-20T20:45:18","date_gmt":"2025-05-20T20:45:18","guid":{"rendered":"https:\/\/smartyplantsnursery.com\/product\/lilyturf-liriope-muscari-big-blue\/"},"modified":"2026-01-08T16:51:47","modified_gmt":"2026-01-08T16:51:47","slug":"lilyturf-liriope-muscari-big-blue","status":"publish","type":"product","link":"https:\/\/smartyplantsnursery.com\/es\/product\/lilyturf-liriope-muscari-big-blue\/","title":{"rendered":"Lilyturf &#8211; liriope muscari \u201cbig blue\u201d"},"content":{"rendered":"<p><b>Usos generales en el paisaje:<\/b> Cobertura del suelo, bordes a lo largo de senderos, control de la erosi\u00f3n, debajo de \u00e1rboles donde no crece el c\u00e9sped<\/p>\n<p><b>Notas sobre la restauraci\u00f3n ecol\u00f3gica:<\/b> No recomendado<\/p>\n<p><b>Descripci\u00f3n:<\/b> Perenne de hoja perenne, similar a la hierba<\/p>\n<p><b>Dimensiones:<\/b> Altura 1 &#8211; 1,5 pies; Extensi\u00f3n 1 &#8211; 2 pies<\/p>\n<p><b>Tasa de crecimiento:<\/b> moderada<\/p>\n<p><b>Distribuci\u00f3n nativa:<\/b> Asia oriental<\/p>\n<p><b>H\u00e1bitats nativos:<\/b> Sotobosques, m\u00e1rgenes de bosques sombreados, laderas y colinas rocosas<\/p>\n<p><b>Suelos:<\/b> Bien drenados<\/p>\n<p><b>Requisitos nutricionales:<\/b> moderados<\/p>\n<p><b>Tolerancia al agua salada:<\/b> De baja a moderada<\/p>\n<p><b>Tolerancia al viento salado:<\/b> De baja a moderada<\/p>\n<p><b>Tolerancia a la sequ\u00eda:<\/b> Moderada a alta<\/p>\n<p><b>Requisitos de luz:<\/b> Pleno sol a sol parcial<\/p>\n<p><b>Color de la flor:<\/b> Lavanda a p\u00farpura<\/p>\n<p><b>Caracter\u00edsticas de la flor:<\/b> Espigas verticales<\/p>\n<p><b>Temporada de floraci\u00f3n:<\/b> Desde finales de verano hasta principios de oto\u00f1o<\/p>\n<p><b>Fruto:<\/b> Bayas peque\u00f1as, redondas, de color azul-negro met\u00e1lico<\/p>\n<p><b>Vida silvestre y ecolog\u00eda:<\/b> Atracci\u00f3n m\u00ednima de polinizadores, m\u00ednima alimentaci\u00f3n y protecci\u00f3n para la vida silvestre<\/p>\n<p><b>Notas de horticultura:<\/b> Se propaga por divisi\u00f3n<\/p>\n<p><b>Comentarios:<\/b><\/p>\n","protected":false},"excerpt":{"rendered":"<p><a href=\"https:\/\/smartyplantsnursery.com\/wp-content\/uploads\/2023\/04\/Screen-Shot-2023-04-22-at-11.28.02-PM.png\"><img decoding=\"async\" class=\"alignnone size-medium wp-image-31863\" src=\"https:\/\/smartyplantsnursery.com\/wp-content\/uploads\/2023\/04\/Screen-Shot-2023-04-22-at-11.28.02-PM-300x134.png\" alt=\"Compre con confianza en el vivero Smarty Plants.\" width=\"300\" height=\"134\"><\/a><\/p>\n<div class=\"container\">\n<div class=\"table-container\">\n<table>\n<thead>\n<tr>\n<th>Tama\u00f1o de la maceta<\/th>\n<th>Altura media plantada (desde la tierra hasta la parte superior de la planta)<\/th>\n<\/tr>\n<\/thead>\n<tbody>\n<tr>\n<td>1 gal\u00f3n\/6&#8243;<\/td>\n<td>0 &#8211; 1 ft.<\/td>\n<\/tr>\n<tr>\n<td>3 galones\/10&#8243;<\/td>\n<td>1 &#8211; 2 pies<\/td>\n<\/tr>\n<\/tbody>\n<\/table>\n<\/div>\n<\/div>\n","protected":false},"featured_media":50916,"comment_status":"open","ping_status":"closed","template":"","meta":[],"product_brand":[],"product_cat":[340,312,311,310,321,331,363,302,387,309,313,360,326,361,308,335,303,307],"product_tag":[337,338],"class_list":{"0":"post-45651","1":"product","2":"type-product","3":"status-publish","4":"has-post-thumbnail","6":"product_cat-alta","7":"product_cat-baja-es","8":"product_cat-baja","9":"product_cat-bien-drenado","10":"product_cat-cobertura-del-suelo","11":"product_cat-division-es","12":"product_cat-espiga","13":"product_cat-exotica","14":"product_cat-hierba-es","15":"product_cat-moderada","16":"product_cat-moderada-es","17":"product_cat-moderada-es-3","18":"product_cat-moderada-es-2","19":"product_cat-moderada-es-4","20":"product_cat-otono","21":"product_cat-pleno-sol","22":"product_cat-sol-parcial","23":"product_cat-verano","24":"product_tag-lavanda","25":"product_tag-morado","26":"pa_pot-size-1-galon-6","27":"pa_pot-size-3-galones-10","30":"first","31":"instock","32":"taxable","33":"shipping-taxable","34":"purchasable","35":"product-type-variable"},"aioseo_notices":[],"_links":{"self":[{"href":"https:\/\/smartyplantsnursery.com\/es\/wp-json\/wp\/v2\/product\/45651","targetHints":{"allow":["GET"]}}],"collection":[{"href":"https:\/\/smartyplantsnursery.com\/es\/wp-json\/wp\/v2\/product"}],"about":[{"href":"https:\/\/smartyplantsnursery.com\/es\/wp-json\/wp\/v2\/types\/product"}],"replies":[{"embeddable":true,"href":"https:\/\/smartyplantsnursery.com\/es\/wp-json\/wp\/v2\/comments?post=45651"}],"wp:featuredmedia":[{"embeddable":true,"href":"https:\/\/smartyplantsnursery.com\/es\/wp-json\/wp\/v2\/media\/50916"}],"wp:attachment":[{"href":"https:\/\/smartyplantsnursery.com\/es\/wp-json\/wp\/v2\/media?parent=45651"}],"wp:term":[{"taxonomy":"product_brand","embeddable":true,"href":"https:\/\/smartyplantsnursery.com\/es\/wp-json\/wp\/v2\/product_brand?post=45651"},{"taxonomy":"product_cat","embeddable":true,"href":"https:\/\/smartyplantsnursery.com\/es\/wp-json\/wp\/v2\/product_cat?post=45651"},{"taxonomy":"product_tag","embeddable":true,"href":"https:\/\/smartyplantsnursery.com\/es\/wp-json\/wp\/v2\/product_tag?post=45651"}],"curies":[{"name":"wp","href":"https:\/\/api.w.org\/{rel}","templated":true}]}}