{"id":45659,"date":"2025-03-10T18:23:16","date_gmt":"2025-03-10T18:23:16","guid":{"rendered":"https:\/\/smartyplantsnursery.com\/product\/buganvilla-enredadera-buganvilla-new-river\/"},"modified":"2026-03-13T14:53:06","modified_gmt":"2026-03-13T14:53:06","slug":"buganvilla-enredadera-buganvilla-new-river","status":"publish","type":"product","link":"https:\/\/smartyplantsnursery.com\/es\/product\/buganvilla-enredadera-buganvilla-new-river\/","title":{"rendered":"Buganvilla (enredadera) &#8211; buganvilla \u201cnew River\u201d"},"content":{"rendered":"<p><b>Usos generales en el paisaje:<\/b> cubierta de celos\u00edas, muros y vallas<\/p>\n<p><b>Notas sobre la restauraci\u00f3n ecol\u00f3gica:<\/b> estabilizaci\u00f3n del suelo y control de la erosi\u00f3n, jardiner\u00eda resistente a la sequ\u00eda, apoyo a la vida silvestre, restauraci\u00f3n costera<\/p>\n<p><b>Descripci\u00f3n:<\/b> Enredadera rastrera o trepadora que tambi\u00e9n se puede podar para convertirla en arbusto o cobertura del suelo.<\/p>\n<p><b>Dimensiones:<\/b> Altura 3 &#8211; 9 m; Extensi\u00f3n 2,4 &#8211; 3 m.<\/p>\n<p><b>Tasa de crecimiento:<\/b> r\u00e1pida<\/p>\n<p><b>Distribuci\u00f3n nativa:<\/b> Sudam\u00e9rica<\/p>\n<p><b>H\u00e1bitats nativos:<\/b> bordes de bosques tropicales y subtropicales, regiones secas y semi\u00e1ridas, zonas costeras y ribere\u00f1as, zonas alteradas y abiertas<\/p>\n<p><b>Suelos:<\/b> Con buen drenaje y un pH ligeramente \u00e1cido a neutro<\/p>\n<p><b>Requisitos nutricionales:<\/b> moderados<\/p>\n<p><b>Tolerancia al agua salada:<\/b> Moderada a alta<\/p>\n<p><b>Tolerancia al viento salado:<\/b> alta<\/p>\n<p><b>Tolerancia a la sequ\u00eda:<\/b> alta<\/p>\n<p><b>Requisitos de luz:<\/b> pleno sol<\/p>\n<p><b>Color de la flor:<\/b> Br\u00e1cteas de color p\u00farpura-magenta intenso con peque\u00f1as flores blancas<\/p>\n<p><b>Caracter\u00edsticas de la flor: <\/b>tubular<\/p>\n<p><b>Temporada de floraci\u00f3n:<\/b> Todo el a\u00f1o<\/p>\n<p><b>Fruto:<\/b> Aquenio peque\u00f1o, discreto, seco y alargado<\/p>\n<p><b>Fauna y ecolog\u00eda:<\/b> Las flores son polinizadas por abejas, mariposas y colibr\u00edes<\/p>\n<p><b>Notas de horticultura:<\/b> Se cultiva a partir de esquejes<\/p>\n<p><b>Comentarios:<\/b><\/p>\n","protected":false},"excerpt":{"rendered":"<p><img fetchpriority=\"high\" decoding=\"async\" class=\"alignnone size-medium wp-image-54744\" src=\"https:\/\/smartyplantsnursery.com\/wp-content\/uploads\/2023\/04\/Screenshot-2026-03-03-at-2.22.47-PM-300x185.webp\" alt=\"\" width=\"300\" height=\"185\"><\/p>\n<div class=\"container\">\n<div class=\"table-container\">\n<table>\n<thead>\n<tr>\n<th>Tama\u00f1o de la maceta<\/th>\n<th>Altura media plantada (desde la tierra hasta la parte superior de la planta)<\/th>\n<\/tr>\n<\/thead>\n<tbody>\n<tr>\n<td>3 galones\/10&#8243;<\/td>\n<td>2 &#8211; 3 pies<\/td>\n<\/tr>\n<tr>\n<td>7 galones\/14&#8243;<\/td>\n<td>3 &#8211; 4 pies<\/td>\n<\/tr>\n<tr>\n<td>15 galones\/17&#8243;<\/td>\n<td>1,2 &#8211; 1,8 m<\/td>\n<\/tr>\n<tr>\n<td>25 galones\/21&#8243;<\/td>\n<td>6 &#8211; 8 pies<\/td>\n<\/tr>\n<tr>\n<td>45 galones\/28&#8243;<\/td>\n<td>2,4 &#8211; 3,7 m<\/td>\n<\/tr>\n<\/tbody>\n<\/table>\n<\/div>\n<\/div>\n","protected":false},"featured_media":43522,"comment_status":"open","ping_status":"closed","template":"","meta":[],"product_brand":[],"product_cat":[343,340,362,376,310,320,315,302,355,309,360,345,308,335,323,322,333,307],"product_tag":[318,386,338],"class_list":{"0":"post-45659","1":"product","2":"type-product","3":"status-publish","4":"has-post-thumbnail","6":"product_cat-acido","7":"product_cat-alta","8":"product_cat-alta-es-2","9":"product_cat-alta-es-3","10":"product_cat-bien-drenado","11":"product_cat-enredadera","12":"product_cat-esquejes","13":"product_cat-exotica","14":"product_cat-invierno","15":"product_cat-moderada","16":"product_cat-moderada-es-3","17":"product_cat-neutro","18":"product_cat-otono","19":"product_cat-pleno-sol","20":"product_cat-primavera","21":"product_cat-rapido","22":"product_cat-tubular-es","23":"product_cat-verano","24":"product_tag-blanco","25":"product_tag-magenta-es","26":"product_tag-morado","27":"pa_pot-size-15-galones-17","28":"pa_pot-size-25-galones-21","29":"pa_pot-size-3-galones-10","30":"pa_pot-size-45-galones-28","31":"pa_pot-size-7-galones-14","34":"first","35":"instock","36":"taxable","37":"shipping-taxable","38":"purchasable","39":"product-type-variable"},"aioseo_notices":[],"_links":{"self":[{"href":"https:\/\/smartyplantsnursery.com\/es\/wp-json\/wp\/v2\/product\/45659","targetHints":{"allow":["GET"]}}],"collection":[{"href":"https:\/\/smartyplantsnursery.com\/es\/wp-json\/wp\/v2\/product"}],"about":[{"href":"https:\/\/smartyplantsnursery.com\/es\/wp-json\/wp\/v2\/types\/product"}],"replies":[{"embeddable":true,"href":"https:\/\/smartyplantsnursery.com\/es\/wp-json\/wp\/v2\/comments?post=45659"}],"wp:featuredmedia":[{"embeddable":true,"href":"https:\/\/smartyplantsnursery.com\/es\/wp-json\/wp\/v2\/media\/43522"}],"wp:attachment":[{"href":"https:\/\/smartyplantsnursery.com\/es\/wp-json\/wp\/v2\/media?parent=45659"}],"wp:term":[{"taxonomy":"product_brand","embeddable":true,"href":"https:\/\/smartyplantsnursery.com\/es\/wp-json\/wp\/v2\/product_brand?post=45659"},{"taxonomy":"product_cat","embeddable":true,"href":"https:\/\/smartyplantsnursery.com\/es\/wp-json\/wp\/v2\/product_cat?post=45659"},{"taxonomy":"product_tag","embeddable":true,"href":"https:\/\/smartyplantsnursery.com\/es\/wp-json\/wp\/v2\/product_tag?post=45659"}],"curies":[{"name":"wp","href":"https:\/\/api.w.org\/{rel}","templated":true}]}}