{"id":45660,"date":"2025-05-20T19:56:36","date_gmt":"2025-05-20T19:56:36","guid":{"rendered":"https:\/\/smartyplantsnursery.com\/product\/escobilla-limpiatubos-callistemon-racimo-rojo\/"},"modified":"2026-03-13T14:10:09","modified_gmt":"2026-03-13T14:10:09","slug":"escobilla-limpiatubos-callistemon-racimo-rojo","status":"publish","type":"product","link":"https:\/\/smartyplantsnursery.com\/es\/product\/escobilla-limpiatubos-callistemon-racimo-rojo\/","title":{"rendered":"Escobilla limpiatubos &#8211; callistemon \u201cRacimo rojo\u201d"},"content":{"rendered":"<p><b>Usos generales en el paisaje:<\/b> Seto, pantalla, planta ornamental, jardines costeros, paisajes urbanos<\/p>\n<p><b>Notas sobre restauraci\u00f3n ecol\u00f3gica:<\/b> Control de la erosi\u00f3n, estabilizaci\u00f3n del suelo, apoyo a polinizadores, tolerancia a la sequ\u00eda<\/p>\n<p><b>Descripci\u00f3n:<\/b> Arbusto o \u00e1rbol peque\u00f1o de hoja perenne<\/p>\n<p><b>Dimensiones:<\/b> Altura 3 &#8211; 4 m; Extensi\u00f3n 3 &#8211; 4 m<\/p>\n<p><b>Tasa de crecimiento:<\/b> De moderada a r\u00e1pida<\/p>\n<p><b>Distribuci\u00f3n nativa:<\/b> n\/a<\/p>\n<p><b>H\u00e1bitats nativos:<\/b> n\/a<\/p>\n<p><b>Suelos:<\/b> Bien drenados<\/p>\n<p><b>Requisitos nutricionales:<\/b> moderados<\/p>\n<p><b>Tolerancia al agua salada:<\/b> moderada<\/p>\n<p><b>Tolerancia al viento salado:<\/b> moderada<\/p>\n<p><b>Tolerancia a la sequ\u00eda:<\/b> alta<\/p>\n<p><b>Requisitos de luz:<\/b> Pleno sol a sol parcial<\/p>\n<p><b>Color de la flor:<\/b> Rojo<\/p>\n<p><b>Caracter\u00edsticas de la flor:<\/b> Espigas cil\u00edndricas de flores parecidas a cepillos<\/p>\n<p><b>Temporada de floraci\u00f3n:<\/b> Primavera a verano<\/p>\n<p><b>Fruto:<\/b> Le\u00f1oso, parecido a una c\u00e1psula<\/p>\n<p><b>Vida silvestre y ecolog\u00eda:<\/b> Las flores atraen a los polinizadores<\/p>\n<p><b>Notas de horticultura:<\/b> Se cultiva a partir de esquejes<\/p>\n<p><b>Comentarios:<\/b><\/p>\n","protected":false},"excerpt":{"rendered":"<p><img fetchpriority=\"high\" decoding=\"async\" class=\"alignnone size-medium wp-image-54744\" src=\"https:\/\/smartyplantsnursery.com\/wp-content\/uploads\/2023\/04\/Screenshot-2026-03-03-at-2.22.47-PM-300x185.webp\" alt=\"\" width=\"300\" height=\"185\"><\/p>\n<div class=\"container\">\n<div class=\"table-container\">\n<table>\n<thead>\n<tr>\n<th>Tama\u00f1o de la maceta<\/th>\n<th>Altura media plantada (desde la tierra hasta la parte superior de la planta)<\/th>\n<\/tr>\n<\/thead>\n<tbody>\n<tr>\n<td>3 galones\/10&#8243;<\/td>\n<td>1 &#8211; 2 pies<\/td>\n<\/tr>\n<tr>\n<td>7 galones\/14&#8243;<\/td>\n<td>0,6 &#8211; 0,9 m<\/td>\n<\/tr>\n<tr>\n<td>15 galones\/17&#8243;<\/td>\n<td>0,9 &#8211; 1,5 m<\/td>\n<\/tr>\n<tr>\n<td>25 galones\/21&#8243;<\/td>\n<td>1,5 &#8211; 1,8 m<\/td>\n<\/tr>\n<\/tbody>\n<\/table>\n<\/div>\n<p>&nbsp;<\/p>\n<\/div>\n","protected":false},"featured_media":43513,"comment_status":"open","ping_status":"closed","template":"","meta":[],"product_brand":[],"product_cat":[340,304,310,363,315,302,309,326,360,361,314,335,323,322,303,307],"product_tag":[350],"class_list":{"0":"post-45660","1":"product","2":"type-product","3":"status-publish","4":"has-post-thumbnail","6":"product_cat-alta","7":"product_cat-arbusto","8":"product_cat-bien-drenado","9":"product_cat-espiga","10":"product_cat-esquejes","11":"product_cat-exotica","12":"product_cat-moderada","13":"product_cat-moderada-es-2","14":"product_cat-moderada-es-3","15":"product_cat-moderada-es-4","16":"product_cat-planta-de-especimen","17":"product_cat-pleno-sol","18":"product_cat-primavera","19":"product_cat-rapido","20":"product_cat-sol-parcial","21":"product_cat-verano","22":"product_tag-rojo","23":"pa_pot-size-15-galones-17","24":"pa_pot-size-25-galones-21","25":"pa_pot-size-45-galones-28","26":"pa_pot-size-7-galones-14","29":"first","30":"instock","31":"taxable","32":"shipping-taxable","33":"purchasable","34":"product-type-variable"},"aioseo_notices":[],"_links":{"self":[{"href":"https:\/\/smartyplantsnursery.com\/es\/wp-json\/wp\/v2\/product\/45660","targetHints":{"allow":["GET"]}}],"collection":[{"href":"https:\/\/smartyplantsnursery.com\/es\/wp-json\/wp\/v2\/product"}],"about":[{"href":"https:\/\/smartyplantsnursery.com\/es\/wp-json\/wp\/v2\/types\/product"}],"replies":[{"embeddable":true,"href":"https:\/\/smartyplantsnursery.com\/es\/wp-json\/wp\/v2\/comments?post=45660"}],"wp:featuredmedia":[{"embeddable":true,"href":"https:\/\/smartyplantsnursery.com\/es\/wp-json\/wp\/v2\/media\/43513"}],"wp:attachment":[{"href":"https:\/\/smartyplantsnursery.com\/es\/wp-json\/wp\/v2\/media?parent=45660"}],"wp:term":[{"taxonomy":"product_brand","embeddable":true,"href":"https:\/\/smartyplantsnursery.com\/es\/wp-json\/wp\/v2\/product_brand?post=45660"},{"taxonomy":"product_cat","embeddable":true,"href":"https:\/\/smartyplantsnursery.com\/es\/wp-json\/wp\/v2\/product_cat?post=45660"},{"taxonomy":"product_tag","embeddable":true,"href":"https:\/\/smartyplantsnursery.com\/es\/wp-json\/wp\/v2\/product_tag?post=45660"}],"curies":[{"name":"wp","href":"https:\/\/api.w.org\/{rel}","templated":true}]}}