{"id":45691,"date":"2025-02-17T14:39:02","date_gmt":"2025-02-17T14:39:02","guid":{"rendered":"https:\/\/smartyplantsnursery.com\/product\/palmera-cabada-dypsis-cabadae\/"},"modified":"2026-03-13T15:57:24","modified_gmt":"2026-03-13T15:57:24","slug":"palmera-cabada-dypsis-cabadae","status":"publish","type":"product","link":"https:\/\/smartyplantsnursery.com\/es\/product\/palmera-cabada-dypsis-cabadae\/","title":{"rendered":"Palmera cabada &#8211; dypsis cabadae"},"content":{"rendered":"<p class=\"\"><b class=\"\">Usos generales en el paisajismo:<\/b> Palmera como esp\u00e9cimen o punto focal, pantallas de privacidad y cortavientos, cultivo en contenedores, paisajes costeros, jardines junto a piscinas y de estilo resort<\/p>\n<p class=\"\"><b class=\"\">Notas sobre la restauraci\u00f3n ecol\u00f3gica:<\/b> Estabilizaci\u00f3n del suelo y control de la erosi\u00f3n, creaci\u00f3n de h\u00e1bitat y apoyo a la biodiversidad, secuestro de carbono y resiliencia clim\u00e1tica<\/p>\n<p class=\"\"><b class=\"\">Descripci\u00f3n:<\/b> Una palmera tropical de crecimiento agrupado, valorada por su atractivo ornamental, r\u00e1pido crecimiento y adaptabilidad.<\/p>\n<p class=\"\"><b class=\"\">Dimensiones:<\/b> Altura 25 &#8211; 40 pies.<\/p>\n<p class=\"\"><b class=\"\">Tasa de crecimiento:<\/b> r\u00e1pida<\/p>\n<p class=\"\"><b class=\"\">Distribuci\u00f3n nativa:<\/b> Madagascar<\/p>\n<p class=\"\"><b class=\"\">H\u00e1bitats nativos:<\/b> Bosques tropicales h\u00famedos<\/p>\n<p class=\"\"><b class=\"\">Suelos:<\/b> Suelo franco, rico y con buen drenaje y buen contenido org\u00e1nico.<\/p>\n<p class=\"\"><b class=\"\">Requisitos nutricionales:<\/b> moderados<\/p>\n<p class=\"\"><b class=\"\">Tolerancia al agua salada:<\/b> moderada<\/p>\n<p class=\"\"><b class=\"\">Tolerancia al viento salado:<\/b> moderada<\/p>\n<p class=\"\"><b class=\"\">Tolerancia a la sequ\u00eda:<\/b> moderada<\/p>\n<p class=\"\"><b class=\"\">Requisitos de luz:<\/b> Pleno sol a sol parcial<\/p>\n<p class=\"\"><b class=\"\">Color de la flor:<\/b> Blanco cremoso a verde amarillento<\/p>\n<p class=\"\"><b class=\"\">Caracter\u00edsticas de la flor:<\/b> peque\u00f1a, discreta<\/p>\n<p class=\"\"><b class=\"\">Temporada de floraci\u00f3n:<\/b> Todo el a\u00f1o<\/p>\n<p class=\"\"><b class=\"\">Fruto:<\/b> Peque\u00f1o, de forma redonda a ovalada, que comienza verde y madura a p\u00farpura oscuro o negro cuando est\u00e1 maduro.<\/p>\n<p class=\"\"><b class=\"\">Vida silvestre y ecolog\u00eda:<\/b> H\u00e1bitat para aves e insectos, secuestro de carbono<\/p>\n<p class=\"\"><b class=\"\">Notas de horticultura:<\/b> Se cultiva a partir de semillas o divisi\u00f3n de grupos<\/p>\n<p class=\"\"><b class=\"\">Comentarios:<\/b><\/p>\n","protected":false},"excerpt":{"rendered":"<p><img fetchpriority=\"high\" decoding=\"async\" class=\"alignnone size-medium wp-image-54744\" src=\"https:\/\/smartyplantsnursery.com\/wp-content\/uploads\/2023\/04\/Screenshot-2026-03-03-at-2.22.47-PM-300x185.webp\" alt=\"\" width=\"300\" height=\"185\"><\/p>\n<div class=\"container\">\n<div class=\"table-container\">\n<table>\n<thead>\n<tr>\n<th>Tama\u00f1o de la maceta<\/th>\n<th>Altura media plantada (desde la tierra hasta la parte superior de la planta)<\/th>\n<\/tr>\n<\/thead>\n<tbody>\n<tr>\n<td>3 galones\/10&#8243;<\/td>\n<td>1 &#8211; 3 pies<\/td>\n<\/tr>\n<tr>\n<td>7 galones\/14&#8243;<\/td>\n<td>0,9 &#8211; 1,5 m<\/td>\n<\/tr>\n<tr>\n<td>15 galones\/17&#8243;<\/td>\n<td>5 &#8211; 6 pies<\/td>\n<\/tr>\n<tr>\n<td>25 galones\/21&#8243;<\/td>\n<td>6 &#8211; 8 pies<\/td>\n<\/tr>\n<tr>\n<td>45 galones\/28&#8243;<\/td>\n<td>2,4 &#8211; 3,7 m<\/td>\n<\/tr>\n<tr>\n<td>100 galones\/36&#8243;<\/td>\n<td>3,6 &#8211; 4,3 m<\/td>\n<\/tr>\n<tr>\n<td>200 galones\/48&#8243;<\/td>\n<td>4,3 &#8211; 4,9 m<\/td>\n<\/tr>\n<\/tbody>\n<\/table>\n<\/div>\n<\/div>\n","protected":false},"featured_media":43549,"comment_status":"open","ping_status":"closed","template":"","meta":[],"product_brand":[],"product_cat":[304,310,331,302,369,309,361,360,370,378,316,314,335,322,330,303],"product_tag":[319,318,327],"class_list":{"0":"post-45691","1":"product","2":"type-product","3":"status-publish","4":"has-post-thumbnail","6":"product_cat-arbusto","7":"product_cat-bien-drenado","8":"product_cat-division-es","9":"product_cat-exotica","10":"product_cat-franco","11":"product_cat-moderada","12":"product_cat-moderada-es-4","13":"product_cat-moderada-es-3","14":"product_cat-palma","15":"product_cat-pantalla","16":"product_cat-pequena","17":"product_cat-planta-de-especimen","18":"product_cat-pleno-sol","19":"product_cat-rapido","20":"product_cat-semilla","21":"product_cat-sol-parcial","22":"product_tag-amarillo","23":"product_tag-blanco","24":"product_tag-verde","25":"pa_pot-size-100-galones-36","26":"pa_pot-size-15-galones-17","27":"pa_pot-size-200-galones-48","28":"pa_pot-size-25-galones-21","29":"pa_pot-size-3-galones-10","30":"pa_pot-size-45-galones-28","31":"pa_pot-size-7-galones-14","34":"first","35":"instock","36":"taxable","37":"shipping-taxable","38":"purchasable","39":"product-type-variable"},"aioseo_notices":[],"_links":{"self":[{"href":"https:\/\/smartyplantsnursery.com\/es\/wp-json\/wp\/v2\/product\/45691","targetHints":{"allow":["GET"]}}],"collection":[{"href":"https:\/\/smartyplantsnursery.com\/es\/wp-json\/wp\/v2\/product"}],"about":[{"href":"https:\/\/smartyplantsnursery.com\/es\/wp-json\/wp\/v2\/types\/product"}],"replies":[{"embeddable":true,"href":"https:\/\/smartyplantsnursery.com\/es\/wp-json\/wp\/v2\/comments?post=45691"}],"wp:featuredmedia":[{"embeddable":true,"href":"https:\/\/smartyplantsnursery.com\/es\/wp-json\/wp\/v2\/media\/43549"}],"wp:attachment":[{"href":"https:\/\/smartyplantsnursery.com\/es\/wp-json\/wp\/v2\/media?parent=45691"}],"wp:term":[{"taxonomy":"product_brand","embeddable":true,"href":"https:\/\/smartyplantsnursery.com\/es\/wp-json\/wp\/v2\/product_brand?post=45691"},{"taxonomy":"product_cat","embeddable":true,"href":"https:\/\/smartyplantsnursery.com\/es\/wp-json\/wp\/v2\/product_cat?post=45691"},{"taxonomy":"product_tag","embeddable":true,"href":"https:\/\/smartyplantsnursery.com\/es\/wp-json\/wp\/v2\/product_tag?post=45691"}],"curies":[{"name":"wp","href":"https:\/\/api.w.org\/{rel}","templated":true}]}}