{"id":45700,"date":"2025-02-17T14:08:52","date_gmt":"2025-02-17T14:08:52","guid":{"rendered":"https:\/\/smartyplantsnursery.com\/product\/heliconia-noches-calurosas-de-rio-heliconia-noches-calurosas-de-rio\/"},"modified":"2025-12-30T16:40:03","modified_gmt":"2025-12-30T16:40:03","slug":"heliconia-noches-calurosas-de-rio-heliconia-noches-calurosas-de-rio","status":"publish","type":"product","link":"https:\/\/smartyplantsnursery.com\/es\/product\/heliconia-noches-calurosas-de-rio-heliconia-noches-calurosas-de-rio\/","title":{"rendered":"Heliconia \u201cnoches calurosas de R\u00edo\u201d &#8211; heliconia \u201cnoches calurosas de R\u00edo\u201d"},"content":{"rendered":"<p class=\"\"><b class=\"\">Usos generales en el paisaje:<\/b> jardines tropicales y ex\u00f3ticos, puntos de acento y focales, pantallas de privacidad y bordes, plantaci\u00f3n junto a piscinas y patios, jardiner\u00eda en contenedores, jardines de vida silvestre, bordes mixtos y telones de fondo<\/p>\n<p class=\"\"><b class=\"\">Notas sobre restauraci\u00f3n ecol\u00f3gica:<\/b> restauraci\u00f3n de h\u00e1bitats, estabilizaci\u00f3n del suelo y control de la erosi\u00f3n, mejora de la biodiversidad, secuestro de carbono, rehabilitaci\u00f3n de \u00e1reas perturbadas<\/p>\n<p class=\"\"><b class=\"\">Descripci\u00f3n:<\/b> Una llamativa planta tropical conocida por sus flores vibrantes y ex\u00f3ticas y su exuberante follaje.<\/p>\n<p class=\"\"><b class=\"\">Dimensiones:<\/b> Altura 6 &#8211; 10 pies.<\/p>\n<p class=\"\"><b class=\"\">Tasa de crecimiento:<\/b> de moderada a r\u00e1pida<\/p>\n<p class=\"\"><b class=\"\">Distribuci\u00f3n nativa:<\/b> Ninguna (un h\u00edbrido cultivado)<\/p>\n<p class=\"\"><b class=\"\">H\u00e1bitats nativos:<\/b> ninguno<\/p>\n<p class=\"\"><b class=\"\">Suelos:<\/b> Con buen drenaje, ricos y h\u00famedos.<\/p>\n<p class=\"\"><b class=\"\">Requisitos nutricionales:<\/b> moderados<\/p>\n<p class=\"\"><b class=\"\">Tolerancia al agua salada:<\/b> baja a moderada<\/p>\n<p class=\"\"><b class=\"\">Tolerancia al viento salado:<\/b> de baja a moderada<\/p>\n<p class=\"\"><b class=\"\">Tolerancia a la sequ\u00eda:<\/b> de baja a moderada<\/p>\n<p class=\"\"><b class=\"\">Requisitos de luz:<\/b> Pleno sol a sol parcial<\/p>\n<p class=\"\"><b class=\"\">Color de la flor:<\/b> Rojo, naranja y amarillo<\/p>\n<p class=\"\"><b class=\"\">Caracter\u00edsticas de la flor:<\/b> Br\u00e1cteas con forma de pinza de langosta<\/p>\n<p class=\"\"><b class=\"\">Temporada de floraci\u00f3n:<\/b> Primavera y verano<\/p>\n<p class=\"\"><b class=\"\">Fruto:<\/b> Drupa peque\u00f1a, redonda a ovalada, que comienza verde y madura a un color azul oscuro o negro.<\/p>\n<p class=\"\"><b class=\"\">Vida silvestre y ecolog\u00eda:<\/b> Apoyo a los polinizadores, h\u00e1bitat de vida silvestre y fuente de alimento, control de la erosi\u00f3n, contribuci\u00f3n al ciclo del agua, regeneraci\u00f3n del ecosistema<\/p>\n<p class=\"\"><b class=\"\">Notas de horticultura:<\/b> Se propaga mediante la divisi\u00f3n de rizomas.<\/p>\n<p class=\"\"><b class=\"\">Comentarios:<\/b><\/p>\n","protected":false},"excerpt":{"rendered":"<p><a href=\"https:\/\/smartyplantsnursery.com\/wp-content\/uploads\/2023\/04\/Screen-Shot-2023-04-22-at-11.28.02-PM.png\"><img decoding=\"async\" class=\"alignnone size-medium wp-image-31863\" src=\"https:\/\/smartyplantsnursery.com\/wp-content\/uploads\/2023\/04\/Screen-Shot-2023-04-22-at-11.28.02-PM-300x134.png\" alt=\"Compre con confianza en el vivero Smarty Plants.\" width=\"300\" height=\"134\"><\/a><\/p>\n<div class=\"container\">\n<div class=\"table-container\">\n<table>\n<thead>\n<tr>\n<th>Tama\u00f1o de la maceta<\/th>\n<th>Altura media plantada (desde la tierra hasta la parte superior de la planta)<\/th>\n<\/tr>\n<\/thead>\n<tbody>\n<tr>\n<td>25 galones\/21&#8243;<\/td>\n<td>1,5 &#8211; 1,8 m<\/td>\n<\/tr>\n<\/tbody>\n<\/table>\n<\/div>\n<\/div>\n","protected":false},"featured_media":44095,"comment_status":"open","ping_status":"closed","template":"","meta":[],"product_brand":[],"product_cat":[304,311,312,310,375,331,302,361,309,360,326,378,334,314,335,323,322,303,307],"product_tag":[319,351,350],"class_list":{"0":"post-45700","1":"product","2":"type-product","3":"status-publish","4":"has-post-thumbnail","6":"product_cat-arbusto","7":"product_cat-baja","8":"product_cat-baja-es","9":"product_cat-bien-drenado","10":"product_cat-borde","11":"product_cat-division-es","12":"product_cat-exotica","13":"product_cat-moderada-es-4","14":"product_cat-moderada","15":"product_cat-moderada-es-3","16":"product_cat-moderada-es-2","17":"product_cat-pantalla","18":"product_cat-planta-de-acento","19":"product_cat-planta-de-especimen","20":"product_cat-pleno-sol","21":"product_cat-primavera","22":"product_cat-rapido","23":"product_cat-sol-parcial","24":"product_cat-verano","25":"product_tag-amarillo","26":"product_tag-naranja","27":"product_tag-rojo","28":"pa_pot-size-25-galones-21","31":"first","32":"instock","33":"taxable","34":"shipping-taxable","35":"purchasable","36":"product-type-variable"},"aioseo_notices":[],"_links":{"self":[{"href":"https:\/\/smartyplantsnursery.com\/es\/wp-json\/wp\/v2\/product\/45700","targetHints":{"allow":["GET"]}}],"collection":[{"href":"https:\/\/smartyplantsnursery.com\/es\/wp-json\/wp\/v2\/product"}],"about":[{"href":"https:\/\/smartyplantsnursery.com\/es\/wp-json\/wp\/v2\/types\/product"}],"replies":[{"embeddable":true,"href":"https:\/\/smartyplantsnursery.com\/es\/wp-json\/wp\/v2\/comments?post=45700"}],"wp:featuredmedia":[{"embeddable":true,"href":"https:\/\/smartyplantsnursery.com\/es\/wp-json\/wp\/v2\/media\/44095"}],"wp:attachment":[{"href":"https:\/\/smartyplantsnursery.com\/es\/wp-json\/wp\/v2\/media?parent=45700"}],"wp:term":[{"taxonomy":"product_brand","embeddable":true,"href":"https:\/\/smartyplantsnursery.com\/es\/wp-json\/wp\/v2\/product_brand?post=45700"},{"taxonomy":"product_cat","embeddable":true,"href":"https:\/\/smartyplantsnursery.com\/es\/wp-json\/wp\/v2\/product_cat?post=45700"},{"taxonomy":"product_tag","embeddable":true,"href":"https:\/\/smartyplantsnursery.com\/es\/wp-json\/wp\/v2\/product_tag?post=45700"}],"curies":[{"name":"wp","href":"https:\/\/api.w.org\/{rel}","templated":true}]}}