{"id":45739,"date":"2024-12-02T15:40:31","date_gmt":"2024-12-02T15:40:31","guid":{"rendered":"https:\/\/smartyplantsnursery.com\/product\/rosa-del-desierto-adenium-obesum\/"},"modified":"2026-04-07T13:23:23","modified_gmt":"2026-04-07T13:23:23","slug":"rosa-del-desierto-adenium-obesum","status":"publish","type":"product","link":"https:\/\/smartyplantsnursery.com\/es\/product\/rosa-del-desierto-adenium-obesum\/","title":{"rendered":"Rosa del desierto &#8211; adenium obesum"},"content":{"rendered":"<p class=\"\"><b class=\"\">Usos generales en el paisaje:<\/b> jardines de rocas y xerojardiner\u00eda, jardiner\u00eda en macetas, plantaci\u00f3n de espec\u00edmenes, bordes y senderos, jardines tem\u00e1ticos tropicales y des\u00e9rticos, patios y jardines zen<\/p>\n<p class=\"\"><b class=\"\">Notas sobre la restauraci\u00f3n ecol\u00f3gica:<\/b> rehabilitaci\u00f3n de tierras \u00e1ridas, apoyo a polinizadores, zonas de amortiguamiento ornamentales, estabilizaci\u00f3n del suelo en \u00e1reas rocosas o degradadas<\/p>\n<p class=\"\"><b class=\"\">Descripci\u00f3n:<\/b> Una planta suculenta apreciada por su tronco grueso e hinchado (caudex), sus flores vibrantes y su naturaleza resistente a la sequ\u00eda.<\/p>\n<p class=\"\"><b class=\"\">Dimensiones:<\/b> Altura 0,9 &#8211; 2,7 m; Extensi\u00f3n 0,9 &#8211; 1,5 m.<\/p>\n<p class=\"\"><b class=\"\">Tasa de crecimiento:<\/b> Lento a moderado<\/p>\n<p class=\"\"><b class=\"\">Distribuci\u00f3n nativa:<\/b> \u00c1frica tropical, pen\u00ednsula ar\u00e1biga<\/p>\n<p class=\"\"><b class=\"\">H\u00e1bitats nativos:<\/b> Sabanas y bosques abiertos, laderas de acantilados y regiones costeras<\/p>\n<p class=\"\"><b class=\"\">Suelos:<\/b> Bien drenados, arenosos<\/p>\n<p class=\"\"><b class=\"\">Requisitos nutricionales:<\/b> moderados<\/p>\n<p class=\"\"><b class=\"\">Tolerancia al agua salada:<\/b> baja<\/p>\n<p class=\"\"><b class=\"\">Tolerancia al viento salado:<\/b> De baja a moderada<\/p>\n<p class=\"\"><b class=\"\">Tolerancia a la sequ\u00eda:<\/b> de alta a moderada<\/p>\n<p class=\"\"><b class=\"\">Requisitos de luz:<\/b> Pleno sol<\/p>\n<p class=\"\"><b class=\"\">Color de la flor:<\/b> Rojo, rosa o rosado con garganta blanca cremosa<\/p>\n<p class=\"\"><b class=\"\">Caracter\u00edsticas de la flor:<\/b> Llamativa, con forma de trompeta<\/p>\n<p class=\"\"><b class=\"\">Temporada de floraci\u00f3n:<\/b> Desde la primavera hasta finales del verano<\/p>\n<p class=\"\"><b class=\"\">Fruto:<\/b> Vainas de semillas emparejadas, que se asemejan a cuernos delgados y alargados o estructuras similares a frijoles<\/p>\n<p class=\"\"><b class=\"\">Vida silvestre y ecolog\u00eda:<\/b> Abejas, mariposas, polillas y p\u00e1jaros sol se alimentan de sus flores ricas en n\u00e9ctar<\/p>\n<p class=\"\"><b class=\"\">Notas de horticultura:<\/b> Cultivado a partir de semillas o esquejes.<\/p>\n<p class=\"\"><b class=\"\">Comentarios:<\/b><\/p>\n","protected":false},"excerpt":{"rendered":"<p><img fetchpriority=\"high\" decoding=\"async\" class=\"alignnone size-medium wp-image-54744\" src=\"https:\/\/smartyplantsnursery.com\/wp-content\/uploads\/2023\/04\/Screenshot-2026-03-03-at-2.22.47-PM-300x185.webp\" alt=\"\" width=\"300\" height=\"185\"><\/p>\n<div class=\"container\">\n<div class=\"table-container\">\n<table>\n<thead>\n<tr>\n<th>Tama\u00f1o de la maceta<\/th>\n<th>Altura media plantada (desde la tierra hasta la parte superior de la planta)<\/th>\n<\/tr>\n<\/thead>\n<tbody>\n<tr>\n<td>1 gal\u00f3n\/6&#8243;<\/td>\n<td>0 &#8211; 1 ft.<\/td>\n<\/tr>\n<tr>\n<td>3 galones\/10&#8243;<\/td>\n<td>1 &#8211; 2 pies<\/td>\n<\/tr>\n<tr>\n<td>7 galones\/14&#8243;<\/td>\n<td>0,6 &#8211; 0,9 m<\/td>\n<\/tr>\n<\/tbody>\n<\/table>\n<\/div>\n<\/div>\n","protected":false},"featured_media":43774,"comment_status":"open","ping_status":"closed","template":"","meta":[],"product_brand":[],"product_cat":[340,359,312,311,310,375,315,302,306,324,309,361,313,326,314,358,335,323,330,339,307,342],"product_tag":[318,350],"class_list":{"0":"post-45739","1":"product","2":"type-product","3":"status-publish","4":"has-post-thumbnail","6":"product_cat-alta","7":"product_cat-arena","8":"product_cat-baja-es","9":"product_cat-baja","10":"product_cat-bien-drenado","11":"product_cat-borde","12":"product_cat-esquejes","13":"product_cat-exotica","14":"product_cat-lenta","15":"product_cat-llamativo","16":"product_cat-moderada","17":"product_cat-moderada-es-4","18":"product_cat-moderada-es","19":"product_cat-moderada-es-2","20":"product_cat-planta-de-especimen","21":"product_cat-plantas-para-mariposas-plantas-para-polinizadores","22":"product_cat-pleno-sol","23":"product_cat-primavera","24":"product_cat-semilla","25":"product_cat-suculenta","26":"product_cat-verano","27":"product_cat-xerojardin","28":"product_tag-blanco","29":"product_tag-rojo","30":"pa_pot-size-1-galon-6","31":"pa_pot-size-3-galones-10","32":"pa_pot-size-7-galones-14","35":"first","36":"instock","37":"taxable","38":"shipping-taxable","39":"purchasable","40":"product-type-variable"},"aioseo_notices":[],"_links":{"self":[{"href":"https:\/\/smartyplantsnursery.com\/es\/wp-json\/wp\/v2\/product\/45739","targetHints":{"allow":["GET"]}}],"collection":[{"href":"https:\/\/smartyplantsnursery.com\/es\/wp-json\/wp\/v2\/product"}],"about":[{"href":"https:\/\/smartyplantsnursery.com\/es\/wp-json\/wp\/v2\/types\/product"}],"replies":[{"embeddable":true,"href":"https:\/\/smartyplantsnursery.com\/es\/wp-json\/wp\/v2\/comments?post=45739"}],"wp:featuredmedia":[{"embeddable":true,"href":"https:\/\/smartyplantsnursery.com\/es\/wp-json\/wp\/v2\/media\/43774"}],"wp:attachment":[{"href":"https:\/\/smartyplantsnursery.com\/es\/wp-json\/wp\/v2\/media?parent=45739"}],"wp:term":[{"taxonomy":"product_brand","embeddable":true,"href":"https:\/\/smartyplantsnursery.com\/es\/wp-json\/wp\/v2\/product_brand?post=45739"},{"taxonomy":"product_cat","embeddable":true,"href":"https:\/\/smartyplantsnursery.com\/es\/wp-json\/wp\/v2\/product_cat?post=45739"},{"taxonomy":"product_tag","embeddable":true,"href":"https:\/\/smartyplantsnursery.com\/es\/wp-json\/wp\/v2\/product_tag?post=45739"}],"curies":[{"name":"wp","href":"https:\/\/api.w.org\/{rel}","templated":true}]}}