{"id":45748,"date":"2024-11-19T13:46:38","date_gmt":"2024-11-19T13:46:38","guid":{"rendered":"https:\/\/smartyplantsnursery.com\/product\/cipres-italiano-cupressus-sempervirens\/"},"modified":"2026-03-07T14:05:05","modified_gmt":"2026-03-07T14:05:05","slug":"cipres-italiano-cupressus-sempervirens","status":"publish","type":"product","link":"https:\/\/smartyplantsnursery.com\/es\/product\/cipres-italiano-cupressus-sempervirens\/","title":{"rendered":"Cipr\u00e9s italiano &#8211; cupressus sempervirens"},"content":{"rendered":"<p class=\"\"><b class=\"\">Usos generales en el paisajismo: <\/b>Jardines de estilo mediterr\u00e1neo, avenidas formales, paisajes urbanos<\/p>\n<p class=\"\"><b class=\"\">Notas sobre la restauraci\u00f3n ecol\u00f3gica: <\/b>Cortavientos y control de la erosi\u00f3n, secuestro de carbono, h\u00e1bitat para la vida silvestre, resistencia a la sequ\u00eda y al fuego<\/p>\n<p class=\"\"><b class=\"\">Descripci\u00f3n: <\/b>Con\u00edfera perenne<\/p>\n<p class=\"\"><b class=\"\">Dimensiones: <\/b>Altura 12 &#8211; 21 m; Extensi\u00f3n 3 &#8211; 6 m<\/p>\n<p class=\"\"><b class=\"\">Tasa de crecimiento:<\/b> De moderada a r\u00e1pida<\/p>\n<p class=\"\"><b class=\"\">Distribuci\u00f3n nativa: <\/b>Creta, Rodas, Turqu\u00eda a Ir\u00e1n<\/p>\n<p class=\"\"><b class=\"\">H\u00e1bitats nativos: <\/b>Bosques secos, matorrales, laderas<\/p>\n<p class=\"\"><b class=\"\">Suelos: <\/b>Bien drenados, arenosos o francos, de neutros a ligeramente alcalinos (pH 6 &#8211; 8)<\/p>\n<p class=\"\"><b class=\"\">Requisitos nutricionales:<\/b> moderados<\/p>\n<p class=\"\"><b class=\"\">Tolerancia al agua salada:<\/b> moderada<\/p>\n<p class=\"\"><b class=\"\">Tolerancia al viento salino:<\/b> De moderada a alta<\/p>\n<p class=\"\"><b class=\"\">Tolerancia a la sequ\u00eda:<\/b> moderada<\/p>\n<p class=\"\"><b class=\"\">Requisitos de luz:<\/b> pleno sol<\/p>\n<p class=\"\"><b class=\"\">Color de la flor:<\/b> n\/a<\/p>\n<p class=\"\"><b class=\"\">Caracter\u00edsticas de la flor:<\/b> n\/a<\/p>\n<p class=\"\"><b class=\"\">Temporada de floraci\u00f3n:<\/b> n\/a<\/p>\n<p class=\"\"><b class=\"\">Fruto: <\/b>conos<\/p>\n<p class=\"\"><b class=\"\">Vida silvestre y ecolog\u00eda: <\/b>Proporciona sitios de anidaci\u00f3n para aves peque\u00f1as, los conos le\u00f1osos sirven como alimento<\/p>\n<p class=\"\"><b class=\"\">Notas de horticultura:<\/b> Se cultiva a partir de semillas, esquejes<\/p>\n<p class=\"\"><b class=\"\">Comentarios:<\/b><\/p>\n","protected":false},"excerpt":{"rendered":"<p><a href=\"https:\/\/smartyplantsnursery.com\/wp-content\/uploads\/2023\/04\/Screen-Shot-2023-04-22-at-11.28.02-PM.png\"><img decoding=\"async\" class=\"alignnone size-medium wp-image-31863\" src=\"https:\/\/smartyplantsnursery.com\/wp-content\/uploads\/2023\/04\/Screen-Shot-2023-04-22-at-11.28.02-PM-300x134.png\" alt=\"Compre con confianza en el vivero Smarty Plants.\" width=\"300\" height=\"134\"><\/a><\/p>\n<div class=\"container\">\n<div class=\"table-container\">\n<table>\n<thead>\n<tr>\n<th>Tama\u00f1o de la maceta<\/th>\n<th>Altura media plantada (desde la tierra hasta la parte superior de la planta)<\/th>\n<\/tr>\n<\/thead>\n<tbody>\n<tr>\n<td>3 galones\/10&#8243;<\/td>\n<td>2 &#8211; 3 pies<\/td>\n<\/tr>\n<tr>\n<td>7 galones\/14&#8243;<\/td>\n<td>0,9 &#8211; 1,5 m<\/td>\n<\/tr>\n<tr>\n<td>15 galones\/17&#8243;<\/td>\n<td>5 &#8211; 6 pies<\/td>\n<\/tr>\n<tr>\n<td>25 galones\/21&#8243;<\/td>\n<td>1,8 &#8211; 3 m<\/td>\n<\/tr>\n<tr>\n<td>45 galones\/71 cm<\/td>\n<td>3 &#8211; 4,5 m<\/td>\n<\/tr>\n<\/tr>\n<\/tbody>\n<\/table>\n<\/div>\n","protected":false},"featured_media":54027,"comment_status":"open","ping_status":"closed","template":"","meta":[],"product_brand":[],"product_cat":[380,362,344,359,310,315,302,369,313,309,360,361,345,335,330],"product_tag":[],"class_list":{"0":"post-45748","1":"product","2":"type-product","3":"status-publish","4":"has-post-thumbnail","6":"product_cat-alcalino","7":"product_cat-alta-es-2","8":"product_cat-arbol","9":"product_cat-arena","10":"product_cat-bien-drenado","11":"product_cat-esquejes","12":"product_cat-exotica","13":"product_cat-franco","14":"product_cat-moderada-es","15":"product_cat-moderada","16":"product_cat-moderada-es-3","17":"product_cat-moderada-es-4","18":"product_cat-neutro","19":"product_cat-pleno-sol","20":"product_cat-semilla","21":"pa_pot-size-15-galones-17","22":"pa_pot-size-25-galones-21","23":"pa_pot-size-3-galones-10","24":"pa_pot-size-45-galones-28","25":"pa_pot-size-7-galones-14","28":"first","29":"instock","30":"taxable","31":"shipping-taxable","32":"purchasable","33":"product-type-variable"},"aioseo_notices":[],"_links":{"self":[{"href":"https:\/\/smartyplantsnursery.com\/es\/wp-json\/wp\/v2\/product\/45748","targetHints":{"allow":["GET"]}}],"collection":[{"href":"https:\/\/smartyplantsnursery.com\/es\/wp-json\/wp\/v2\/product"}],"about":[{"href":"https:\/\/smartyplantsnursery.com\/es\/wp-json\/wp\/v2\/types\/product"}],"replies":[{"embeddable":true,"href":"https:\/\/smartyplantsnursery.com\/es\/wp-json\/wp\/v2\/comments?post=45748"}],"wp:featuredmedia":[{"embeddable":true,"href":"https:\/\/smartyplantsnursery.com\/es\/wp-json\/wp\/v2\/media\/54027"}],"wp:attachment":[{"href":"https:\/\/smartyplantsnursery.com\/es\/wp-json\/wp\/v2\/media?parent=45748"}],"wp:term":[{"taxonomy":"product_brand","embeddable":true,"href":"https:\/\/smartyplantsnursery.com\/es\/wp-json\/wp\/v2\/product_brand?post=45748"},{"taxonomy":"product_cat","embeddable":true,"href":"https:\/\/smartyplantsnursery.com\/es\/wp-json\/wp\/v2\/product_cat?post=45748"},{"taxonomy":"product_tag","embeddable":true,"href":"https:\/\/smartyplantsnursery.com\/es\/wp-json\/wp\/v2\/product_tag?post=45748"}],"curies":[{"name":"wp","href":"https:\/\/api.w.org\/{rel}","templated":true}]}}