{"id":45757,"date":"2024-11-18T14:55:07","date_gmt":"2024-11-18T14:55:07","guid":{"rendered":"https:\/\/smartyplantsnursery.com\/product\/croton-codiaeum-variegatum-sloppy-painter\/"},"modified":"2026-04-06T14:26:04","modified_gmt":"2026-04-06T14:26:04","slug":"croton-codiaeum-variegatum-sloppy-painter","status":"publish","type":"product","link":"https:\/\/smartyplantsnursery.com\/es\/product\/croton-codiaeum-variegatum-sloppy-painter\/","title":{"rendered":"Croton &#8211; Codiaeum variegatum &#8216;Sloppy Painter&#8217;\/&#8217;Eleanor Roosevelt&#8217;"},"content":{"rendered":"<p class=\"\"><b class=\"\">Usos generales en el paisaje:<\/b> Jardines tropicales, setos y bordes, plantaci\u00f3n en contenedores, plantaciones mixtas, planta de acento<\/p>\n<p class=\"\"><b class=\"\">Notas sobre la restauraci\u00f3n ecol\u00f3gica:<\/b> Plante crotones en jardines, contenedores o paisajes urbanos donde sea poco probable que se propaguen a \u00e1reas naturales<\/p>\n<p class=\"\"><b class=\"\">Descripci\u00f3n:<\/b> Un cultivar de croton, conocido por su follaje llamativamente variado que parece haber sido pintado con audaces e irregulares salpicaduras de color.<\/p>\n<p class=\"\"><b class=\"\">Dimensiones:<\/b> Altura 6 &#8211; 8 pies.<\/p>\n<p class=\"\"><b class=\"\">Tasa de crecimiento:<\/b> moderada<\/p>\n<p class=\"\"><b class=\"\">Distribuci\u00f3n nativa:<\/b> Sudeste asi\u00e1tico e islas del Pac\u00edfico occidental<\/p>\n<p class=\"\"><b class=\"\">H\u00e1bitats nativos:<\/b> Bosques tropicales, zonas costeras y regiones de tierras bajas<\/p>\n<p class=\"\"><b class=\"\">Suelos:<\/b> Con buen drenaje, f\u00e9rtiles y con materia org\u00e1nica<\/p>\n<p class=\"\"><b class=\"\">Requisitos nutricionales:<\/b> moderados<\/p>\n<p class=\"\"><b class=\"\">Tolerancia al agua salada:<\/b> baja<\/p>\n<p class=\"\"><b class=\"\">Tolerancia al viento salado:<\/b> baja<\/p>\n<p class=\"\"><b class=\"\">Tolerancia a la sequ\u00eda:<\/b> De baja a moderada<\/p>\n<p class=\"\"><b class=\"\">Requisitos de luz:<\/b> pleno sol a sol parcial<\/p>\n<p class=\"\"><b class=\"\">Color de la flor:<\/b> Blanco o amarillo<\/p>\n<p class=\"\"><b class=\"\">Caracter\u00edsticas de la flor:<\/b> Peque\u00f1a, en forma de estrella<\/p>\n<p class=\"\"><b class=\"\">Temporada de floraci\u00f3n:<\/b> Desde finales de verano hasta principios de oto\u00f1o<\/p>\n<p class=\"\"><b class=\"\">Fruto:<\/b> C\u00e1psula peque\u00f1a, discreta, de color verde cuando es joven y que puede volverse marr\u00f3n a medida que madura<\/p>\n<p class=\"\"><b class=\"\">Vida silvestre y ecolog\u00eda:<\/b> Las flores pueden atraer a polinizadores como los insectos<\/p>\n<p class=\"\"><b class=\"\">Notas de horticultura:<\/b> Se cultiva a partir de esquejes<\/p>\n<p class=\"\"><b class=\"\">Comentarios:<\/b><\/p>\n","protected":false},"excerpt":{"rendered":"<p><img fetchpriority=\"high\" decoding=\"async\" class=\"alignnone size-medium wp-image-54744\" src=\"https:\/\/smartyplantsnursery.com\/wp-content\/uploads\/2023\/04\/Screenshot-2026-03-03-at-2.22.47-PM-300x185.webp\" alt=\"\" width=\"300\" height=\"185\"><\/p>\n<div class=\"container\">\n<div class=\"table-container\">\n<table>\n<thead>\n<tr>\n<th>Tama\u00f1o de la maceta<\/th>\n<th>Altura media plantada (desde la tierra hasta la parte superior de la planta)<\/th>\n<\/tr>\n<\/thead>\n<tbody>\n<tr>\n<td>3 galones\/10&#8243;<\/td>\n<td>1 &#8211; 2 pies<\/td>\n<\/tr>\n<tr>\n<td>7 galones\/14&#8243;<\/td>\n<td>0,6 &#8211; 0,9 m<\/td>\n<\/tr>\n<tr>\n<td>15 galones\/17&#8243;<\/td>\n<td>0,9 &#8211; 1,2 m<\/td>\n<\/tr>\n<tr>\n<td>25 galones\/21&#8243;<\/td>\n<td>120 &#8211; 150 cm<\/td>\n<\/tr>\n<\/tbody>\n<\/table>\n<\/div>\n<\/div>\n","protected":false},"featured_media":43732,"comment_status":"open","ping_status":"closed","template":"","meta":[],"product_brand":[],"product_cat":[304,312,311,329,310,375,315,302,326,313,308,316,334,335,332,303,307],"product_tag":[319,318],"class_list":{"0":"post-45757","1":"product","2":"type-product","3":"status-publish","4":"has-post-thumbnail","6":"product_cat-arbusto","7":"product_cat-baja-es","8":"product_cat-baja","9":"product_cat-baja-es-2","10":"product_cat-bien-drenado","11":"product_cat-borde","12":"product_cat-esquejes","13":"product_cat-exotica","14":"product_cat-moderada-es-2","15":"product_cat-moderada-es","16":"product_cat-otono","17":"product_cat-pequena","18":"product_cat-planta-de-acento","19":"product_cat-pleno-sol","20":"product_cat-seto","21":"product_cat-sol-parcial","22":"product_cat-verano","23":"product_tag-amarillo","24":"product_tag-blanco","25":"pa_pot-size-15-galones-17","26":"pa_pot-size-25-galones-21","27":"pa_pot-size-3-galones-10","28":"pa_pot-size-7-galones-14","31":"first","32":"instock","33":"taxable","34":"shipping-taxable","35":"purchasable","36":"product-type-variable"},"aioseo_notices":[],"_links":{"self":[{"href":"https:\/\/smartyplantsnursery.com\/es\/wp-json\/wp\/v2\/product\/45757","targetHints":{"allow":["GET"]}}],"collection":[{"href":"https:\/\/smartyplantsnursery.com\/es\/wp-json\/wp\/v2\/product"}],"about":[{"href":"https:\/\/smartyplantsnursery.com\/es\/wp-json\/wp\/v2\/types\/product"}],"replies":[{"embeddable":true,"href":"https:\/\/smartyplantsnursery.com\/es\/wp-json\/wp\/v2\/comments?post=45757"}],"wp:featuredmedia":[{"embeddable":true,"href":"https:\/\/smartyplantsnursery.com\/es\/wp-json\/wp\/v2\/media\/43732"}],"wp:attachment":[{"href":"https:\/\/smartyplantsnursery.com\/es\/wp-json\/wp\/v2\/media?parent=45757"}],"wp:term":[{"taxonomy":"product_brand","embeddable":true,"href":"https:\/\/smartyplantsnursery.com\/es\/wp-json\/wp\/v2\/product_brand?post=45757"},{"taxonomy":"product_cat","embeddable":true,"href":"https:\/\/smartyplantsnursery.com\/es\/wp-json\/wp\/v2\/product_cat?post=45757"},{"taxonomy":"product_tag","embeddable":true,"href":"https:\/\/smartyplantsnursery.com\/es\/wp-json\/wp\/v2\/product_tag?post=45757"}],"curies":[{"name":"wp","href":"https:\/\/api.w.org\/{rel}","templated":true}]}}