{"id":45764,"date":"2024-11-16T15:58:57","date_gmt":"2024-11-16T15:58:57","guid":{"rendered":"https:\/\/smartyplantsnursery.com\/product\/bambu-barriga-de-buda-bambusa-ventricosa\/"},"modified":"2026-03-13T15:45:47","modified_gmt":"2026-03-13T15:45:47","slug":"bambu-barriga-de-buda-bambusa-ventricosa","status":"publish","type":"product","link":"https:\/\/smartyplantsnursery.com\/es\/product\/bambu-barriga-de-buda-bambusa-ventricosa\/","title":{"rendered":"Bamb\u00fa barriga de Buda &#8211; bambusa ventricosa"},"content":{"rendered":"<p class=\"\"><b class=\"\">Usos generales en el paisaje:<\/b> Ornamental, setos y pantallas de privacidad, plantaci\u00f3n en contenedores, uso tradicional<\/p>\n<p class=\"\"><b class=\"\">Notas sobre la restauraci\u00f3n ecol\u00f3gica:<\/b> Control de la erosi\u00f3n, h\u00e1bitat de vida silvestre, secuestro de carbono<\/p>\n<p class=\"\"><b class=\"\">Descripci\u00f3n:<\/b> Bamb\u00fa de mata que es muy solicitado por sus ca\u00f1as (tallos) hinchadas \u00fanicas, que se asemejan a \u201cbarrigas.\u201d<\/p>\n<p class=\"\"><b class=\"\">Dimensiones:<\/b> Altura 12 &#8211; 17 m; Extensi\u00f3n 9 &#8211; 12 m.<\/p>\n<p class=\"\"><b class=\"\">Tasa de crecimiento:<\/b> r\u00e1pida<\/p>\n<p class=\"\"><b class=\"\">Distribuci\u00f3n nativa:<\/b> sur de China<\/p>\n<p class=\"\"><b class=\"\">H\u00e1bitats nativos:<\/b> Bosques tropicales y subtropicales<\/p>\n<p class=\"\"><b class=\"\">Suelos:<\/b> Bien drenados, f\u00e9rtiles con un pH de 6 &#8211; 7,5<\/p>\n<p class=\"\"><b class=\"\">Requisitos nutricionales:<\/b> altos<\/p>\n<p class=\"\"><b class=\"\">Tolerancia al agua salada:<\/b> baja<\/p>\n<p class=\"\"><b class=\"\">Tolerancia al viento salado:<\/b> baja<\/p>\n<p class=\"\"><b class=\"\">Tolerancia a la sequ\u00eda:<\/b> moderada<\/p>\n<p class=\"\"><b class=\"\">Requisitos de luz:<\/b> pleno sol a sol parcial<\/p>\n<p class=\"\"><b class=\"\">Color de la flor:<\/b> Verde p\u00e1lido a marr\u00f3n amarillento<\/p>\n<p class=\"\"><b class=\"\">Caracter\u00edsticas de la flor:<\/b> La floraci\u00f3n es rara e impredecible, y suele ocurrir cada 40 &#8211; 50 a\u00f1os. Despu\u00e9s de la floraci\u00f3n, la planta a menudo se debilita o muere. <\/p>\n<p class=\"\"><b class=\"\">Temporada de floraci\u00f3n:<\/b> Primavera a verano<\/p>\n<p class=\"\"><b class=\"\">Fruto:<\/b> Frutos peque\u00f1os y secos, verdes cuando son inmaduros y se vuelven marrones cuando est\u00e1n maduros y secos<\/p>\n<p class=\"\"><b class=\"\">Vida silvestre y ecolog\u00eda:<\/b> Estabilizaci\u00f3n del suelo y control de la erosi\u00f3n, secuestro de carbono, retenci\u00f3n de agua y regulaci\u00f3n del microclima, h\u00e1bitat de vida silvestre, polinizaci\u00f3n y dispersi\u00f3n de semillas<\/p>\n<p class=\"\"><b class=\"\">Notas de horticultura:<\/b> Se cultiva a partir de divisi\u00f3n o esquejes<\/p>\n<p class=\"\"><b class=\"\">Comentarios:<\/b><\/p>\n","protected":false},"excerpt":{"rendered":"<p><img fetchpriority=\"high\" decoding=\"async\" class=\"alignnone size-medium wp-image-54744\" src=\"https:\/\/smartyplantsnursery.com\/wp-content\/uploads\/2023\/04\/Screenshot-2026-03-03-at-2.22.47-PM-300x185.webp\" alt=\"\" width=\"300\" height=\"185\"><\/p>\n<div class=\"container\">\n<div class=\"table-container\">\n<table>\n<thead>\n<tr>\n<th>Tama\u00f1o de la maceta<\/th>\n<th>Altura media plantada (desde la tierra hasta la parte superior de la planta)<\/th>\n<\/tr>\n<\/thead>\n<tbody>\n<tr>\n<td>25 galones\/21&#8243;<\/td>\n<td>1,5 &#8211; 1,8 m<\/td>\n<\/tr>\n<\/tbody>\n<\/table>\n<\/div>\n<\/div>\n","protected":false},"featured_media":43544,"comment_status":"open","ping_status":"closed","template":"","meta":[],"product_brand":[],"product_cat":[343,348,304,311,312,310,331,315,302,313,345,378,335,323,322,332,303,307],"product_tag":[356,327],"class_list":{"0":"post-45764","1":"product","2":"type-product","3":"status-publish","4":"has-post-thumbnail","6":"product_cat-acido","7":"product_cat-alta-es","8":"product_cat-arbusto","9":"product_cat-baja","10":"product_cat-baja-es","11":"product_cat-bien-drenado","12":"product_cat-division-es","13":"product_cat-esquejes","14":"product_cat-exotica","15":"product_cat-moderada-es","16":"product_cat-neutro","17":"product_cat-pantalla","18":"product_cat-pleno-sol","19":"product_cat-primavera","20":"product_cat-rapido","21":"product_cat-seto","22":"product_cat-sol-parcial","23":"product_cat-verano","24":"product_tag-marron","25":"product_tag-verde","26":"pa_pot-size-25-galones-21","29":"first","30":"instock","31":"taxable","32":"shipping-taxable","33":"purchasable","34":"product-type-variable"},"aioseo_notices":[],"_links":{"self":[{"href":"https:\/\/smartyplantsnursery.com\/es\/wp-json\/wp\/v2\/product\/45764","targetHints":{"allow":["GET"]}}],"collection":[{"href":"https:\/\/smartyplantsnursery.com\/es\/wp-json\/wp\/v2\/product"}],"about":[{"href":"https:\/\/smartyplantsnursery.com\/es\/wp-json\/wp\/v2\/types\/product"}],"replies":[{"embeddable":true,"href":"https:\/\/smartyplantsnursery.com\/es\/wp-json\/wp\/v2\/comments?post=45764"}],"wp:featuredmedia":[{"embeddable":true,"href":"https:\/\/smartyplantsnursery.com\/es\/wp-json\/wp\/v2\/media\/43544"}],"wp:attachment":[{"href":"https:\/\/smartyplantsnursery.com\/es\/wp-json\/wp\/v2\/media?parent=45764"}],"wp:term":[{"taxonomy":"product_brand","embeddable":true,"href":"https:\/\/smartyplantsnursery.com\/es\/wp-json\/wp\/v2\/product_brand?post=45764"},{"taxonomy":"product_cat","embeddable":true,"href":"https:\/\/smartyplantsnursery.com\/es\/wp-json\/wp\/v2\/product_cat?post=45764"},{"taxonomy":"product_tag","embeddable":true,"href":"https:\/\/smartyplantsnursery.com\/es\/wp-json\/wp\/v2\/product_tag?post=45764"}],"curies":[{"name":"wp","href":"https:\/\/api.w.org\/{rel}","templated":true}]}}