{"id":45767,"date":"2024-11-12T15:34:56","date_gmt":"2024-11-12T15:34:56","guid":{"rendered":"https:\/\/smartyplantsnursery.com\/product\/lirio-africano-blanco-dietes-vegeta\/"},"modified":"2026-03-07T14:46:04","modified_gmt":"2026-03-07T14:46:04","slug":"lirio-africano-blanco-dietes-vegeta","status":"publish","type":"product","link":"https:\/\/smartyplantsnursery.com\/es\/product\/lirio-africano-blanco-dietes-vegeta\/","title":{"rendered":"Lirio africano blanco &#8211; dietes vegeta"},"content":{"rendered":"<div class=\"mature-height plant-info\">\n<p class=\"\"><b class=\"\">Usos generales en el paisajismo:<\/b> Plantaciones masivas, bordes, control de la erosi\u00f3n, jardines costeros, dise\u00f1os de xerojardiner\u00eda<\/p>\n<p class=\"\"><b class=\"\">Notas sobre la restauraci\u00f3n ecol\u00f3gica:<\/b> Control de la erosi\u00f3n, apoyo a los polinizadores<\/p>\n<p class=\"\"><b class=\"\">Descripci\u00f3n:<\/b> Una planta perenne rizomatosa, resistente y agrupada<\/p>\n<p class=\"\"><b class=\"\">Dimensiones:<\/b> Altura 3 &#8211; 4 pies; Extensi\u00f3n 3 &#8211; 4 pies.<\/p>\n<p class=\"\"><b class=\"\">Tasa de crecimiento:<\/b> De moderada a r\u00e1pida<\/p>\n<p class=\"\"><b class=\"\">Distribuci\u00f3n nativa:<\/b> \u00c1frica<\/p>\n<p class=\"\"><b class=\"\">H\u00e1bitats nativos:<\/b> Pastizales h\u00famedos, m\u00e1rgenes de bosques, riberas de arroyos y zonas ribere\u00f1as, laderas rocosas con lluvias estacionales<\/p>\n<p class=\"\"><b class=\"\">Suelos:<\/b> Bien drenados, ligeramente \u00e1cidos a neutros<\/p>\n<p class=\"\"><b class=\"\">Requisitos nutricionales:<\/b> De bajos a moderados<\/p>\n<p class=\"\"><b class=\"\">Tolerancia al agua salada:<\/b> De baja a moderada<\/p>\n<p class=\"\"><b class=\"\">Tolerancia al viento salino:<\/b> De moderada a alta<\/p>\n<p class=\"\"><b class=\"\">Tolerancia a la sequ\u00eda:<\/b> moderada<\/p>\n<p class=\"\"><b class=\"\">Requisitos de luz:<\/b> pleno sol, sombra parcial<\/p>\n<p class=\"\"><b class=\"\">Color de la flor:<\/b> Blanco<\/p>\n<p class=\"\"><b class=\"\">Caracter\u00edsticas de la flor:<\/b> Similar al iris, de seis p\u00e9talos<\/p>\n<p class=\"\"><b class=\"\">Temporada de floraci\u00f3n:<\/b> Primavera, Verano, oto\u00f1o<\/p>\n<p class=\"\"><b class=\"\">Fruto:<\/b> C\u00e1psula, verde<\/p>\n<p class=\"\"><b class=\"\">Fauna y ecolog\u00eda:<\/b> Atrae a las abejas y a los peque\u00f1os insectos; sustenta a los polinizadores generalistas. Proporciona cobertura baja y refugio para insectos y fauna peque\u00f1a. <\/p>\n<p class=\"\"><b class=\"\">Notas de horticultura:<\/b> Se cultiva a partir de la divisi\u00f3n de rizomas, semillas<\/p>\n<p class=\"\"><b class=\"\">Comentarios:<\/b><\/p>\n<\/div>\n","protected":false},"excerpt":{"rendered":"<p><a href=\"https:\/\/smartyplantsnursery.com\/wp-content\/uploads\/2023\/04\/Screen-Shot-2023-04-22-at-11.28.02-PM.png\"><img decoding=\"async\" class=\"alignnone size-medium wp-image-31863\" src=\"https:\/\/smartyplantsnursery.com\/wp-content\/uploads\/2023\/04\/Screen-Shot-2023-04-22-at-11.28.02-PM-300x134.png\" alt=\"Compre con confianza en el vivero Smarty Plants.\" width=\"300\" height=\"134\"><\/a><\/p>\n<div class=\"container\">\n<div class=\"table-container\">\n<table>\n<thead>\n<tr>\n<th>Tama\u00f1o de la maceta<\/th>\n<th>Altura media plantada (desde la tierra hasta la parte superior de la planta)<\/th>\n<\/tr>\n<\/thead>\n<tbody>\n<tr>\n<td>1 gal\u00f3n\/6&#8243;<\/td>\n<td>0 &#8211; 1 ft.<\/td>\n<\/tr>\n<tr>\n<td>3 galones\/10&#8243;<\/td>\n<td>1 &#8211; 2 pies<\/td>\n<\/tr>\n<\/tbody>\n<\/table>\n<\/div>\n<\/div>\n","protected":false},"featured_media":48701,"comment_status":"open","ping_status":"closed","template":"","meta":[],"product_brand":[],"product_cat":[343,362,311,357,310,375,384,331,302,387,309,313,361,360,326,345,308,335,323,322,330,303,307,342],"product_tag":[318],"class_list":{"0":"post-45767","1":"product","2":"type-product","3":"status-publish","4":"has-post-thumbnail","6":"product_cat-acido","7":"product_cat-alta-es-2","8":"product_cat-baja","9":"product_cat-baja-es-3","10":"product_cat-bien-drenado","11":"product_cat-borde","12":"product_cat-costero","13":"product_cat-division-es","14":"product_cat-exotica","15":"product_cat-hierba-es","16":"product_cat-moderada","17":"product_cat-moderada-es","18":"product_cat-moderada-es-4","19":"product_cat-moderada-es-3","20":"product_cat-moderada-es-2","21":"product_cat-neutro","22":"product_cat-otono","23":"product_cat-pleno-sol","24":"product_cat-primavera","25":"product_cat-rapido","26":"product_cat-semilla","27":"product_cat-sol-parcial","28":"product_cat-verano","29":"product_cat-xerojardin","30":"product_tag-blanco","31":"pa_pot-size-1-galon-6","32":"pa_pot-size-3-galones-10","35":"first","36":"instock","37":"taxable","38":"shipping-taxable","39":"purchasable","40":"product-type-variable"},"aioseo_notices":[],"_links":{"self":[{"href":"https:\/\/smartyplantsnursery.com\/es\/wp-json\/wp\/v2\/product\/45767","targetHints":{"allow":["GET"]}}],"collection":[{"href":"https:\/\/smartyplantsnursery.com\/es\/wp-json\/wp\/v2\/product"}],"about":[{"href":"https:\/\/smartyplantsnursery.com\/es\/wp-json\/wp\/v2\/types\/product"}],"replies":[{"embeddable":true,"href":"https:\/\/smartyplantsnursery.com\/es\/wp-json\/wp\/v2\/comments?post=45767"}],"wp:featuredmedia":[{"embeddable":true,"href":"https:\/\/smartyplantsnursery.com\/es\/wp-json\/wp\/v2\/media\/48701"}],"wp:attachment":[{"href":"https:\/\/smartyplantsnursery.com\/es\/wp-json\/wp\/v2\/media?parent=45767"}],"wp:term":[{"taxonomy":"product_brand","embeddable":true,"href":"https:\/\/smartyplantsnursery.com\/es\/wp-json\/wp\/v2\/product_brand?post=45767"},{"taxonomy":"product_cat","embeddable":true,"href":"https:\/\/smartyplantsnursery.com\/es\/wp-json\/wp\/v2\/product_cat?post=45767"},{"taxonomy":"product_tag","embeddable":true,"href":"https:\/\/smartyplantsnursery.com\/es\/wp-json\/wp\/v2\/product_tag?post=45767"}],"curies":[{"name":"wp","href":"https:\/\/api.w.org\/{rel}","templated":true}]}}