{"id":45788,"date":"2024-10-02T18:12:38","date_gmt":"2024-10-02T18:12:38","guid":{"rendered":"https:\/\/smartyplantsnursery.com\/product\/anturio-nido-de-pajaro-anthurium-cubense-anthurium-hookeri\/"},"modified":"2026-03-06T16:27:48","modified_gmt":"2026-03-06T16:27:48","slug":"anturio-nido-de-pajaro-anthurium-cubense-anthurium-hookeri","status":"publish","type":"product","link":"https:\/\/smartyplantsnursery.com\/es\/product\/anturio-nido-de-pajaro-anthurium-cubense-anthurium-hookeri\/","title":{"rendered":"Anturio nido de p\u00e1jaro, anthurium cubense &#8211; anthurium hookeri"},"content":{"rendered":"<p class=\"\"><b class=\"\">Usos generales en el paisaje: <\/b>Planta focal\/planta esp\u00e9cimen, planta de sotobosque, planta de contenedor, cobertura del suelo, junto a la piscina, borde, macizos tropicales mixtos,<\/p>\n<p class=\"\"><b class=\"\">Notas sobre la restauraci\u00f3n ecol\u00f3gica: <\/b>Reforestaci\u00f3n del sotobosque, control de la erosi\u00f3n, creaci\u00f3n de h\u00e1bitat, secuestro de carbono<\/p>\n<p class=\"\"><b class=\"\">Descripci\u00f3n: <span style=\"font-weight: 400;\">Un exuberante Aroid para tenerlo cerca como parte de tu colecci\u00f3n. Sus grandes hojas onduladas seguro que llamar\u00e1n la atenci\u00f3n de todos, especialmente esta forma variegada. Las hojas j\u00f3venes crecer\u00e1n de un verde brillante y se oscurecer\u00e1n con la edad a medida que se endurecen.  <\/span><\/b><\/p>\n<p class=\"\"><b class=\"\">Dimensiones: <\/b>Altura 2 &#8211; 5 pies.<\/p>\n<p class=\"\"><b class=\"\">Tasa de crecimiento:<\/b> Moderada a lenta<\/p>\n<p class=\"\"><b class=\"\">Distribuci\u00f3n nativa:<\/b> Centro y Sudam\u00e9rica<\/p>\n<p class=\"\"><b class=\"\">H\u00e1bitats nativos:<\/b> Selvas tropicales<\/p>\n<p class=\"\"><b class=\"\">Suelos: <\/b>Bien drenados, aireados<\/p>\n<p class=\"\"><b class=\"\">Requisitos nutricionales:<\/b> moderados<\/p>\n<p class=\"\"><b class=\"\">Tolerancia al agua salada:<\/b> baja<\/p>\n<p class=\"\"><b class=\"\">Tolerancia al viento salado:<\/b> baja<\/p>\n<p class=\"\"><b class=\"\">Tolerancia a la sequ\u00eda:<\/b> baja<\/p>\n<p class=\"\"><b class=\"\">Requisitos de luz: <\/b>de sol parcial a sombra<\/p>\n<p class=\"\"><b class=\"\">Color de la flor: <\/b>Verde a amarillo p\u00e1lido o, a veces, p\u00farpura claro, rodeado de una espata verdosa peque\u00f1a<\/p>\n<p class=\"\"><b class=\"\">Caracter\u00edsticas de la flor: <\/b>Peque\u00f1a, discreta en un esp\u00e1dice.<\/p>\n<p class=\"\"><b class=\"\">Temporada de floraci\u00f3n:<\/b> Todo el a\u00f1o<\/p>\n<p class=\"\"><b class=\"\">Fruto: <\/b>Bayas peque\u00f1as que pueden variar de blanco a rojo o p\u00farpura a medida que maduran<\/p>\n<p class=\"\"><b class=\"\">Vida silvestre y ecolog\u00eda: <\/b>Planta de sotobosque, crecimiento epifito y terrestre, interacci\u00f3n con la vida silvestre, enriquecimiento del suelo, secuestro de carbono, indicador de la salud del bosque<\/p>\n<p class=\"\"><b class=\"\">Notas de horticultura: <\/b>Cultivado a partir de divisi\u00f3n, semillas y esquejes.<\/p>\n<p class=\"\"><b class=\"\">Comentarios:<\/b><\/p>\n<p>&nbsp;<\/p>\n","protected":false},"excerpt":{"rendered":"<p><img fetchpriority=\"high\" decoding=\"async\" class=\"alignnone size-medium wp-image-54744\" src=\"https:\/\/smartyplantsnursery.com\/wp-content\/uploads\/2023\/04\/Screenshot-2026-03-03-at-2.22.47-PM-300x185.png\" alt=\"\" width=\"300\" height=\"185\"><\/p>\n<div class=\"container\">\n<div class=\"table-container\">\n<table>\n<thead>\n<tr>\n<th>Tama\u00f1o de la maceta<\/th>\n<th>Altura media plantada (desde la tierra hasta la parte superior de la planta)<\/th>\n<\/tr>\n<\/thead>\n<tbody>\n<tr>\n<td>1 gal\u00f3n\/6&#8243;<\/td>\n<td>15 cm &#8211; 30 cm<\/td>\n<\/tr>\n<tr>\n<td>3 galones\/10&#8243;<\/td>\n<td>1 &#8211; 2 pies<\/td>\n<\/tr>\n<tr>\n<td>7 galones\/14&#8243;<\/td>\n<td>2 &#8211; 4 pies<\/td>\n<\/tr>\n<tr>\n<td>15 galones\/17&#8243;<\/td>\n<td>1,2 &#8211; 1,5 m<\/td>\n<\/tr>\n<\/tbody>\n<\/table>\n<\/div>\n<\/div>\n","protected":false},"featured_media":51258,"comment_status":"open","ping_status":"closed","template":"","meta":[],"product_brand":[],"product_cat":[304,329,312,311,310,375,321,331,315,302,306,326,309,314,330,303,349],"product_tag":[319,338,327],"class_list":{"0":"post-45788","1":"product","2":"type-product","3":"status-publish","4":"has-post-thumbnail","6":"product_cat-arbusto","7":"product_cat-baja-es-2","8":"product_cat-baja-es","9":"product_cat-baja","10":"product_cat-bien-drenado","11":"product_cat-borde","12":"product_cat-cobertura-del-suelo","13":"product_cat-division-es","14":"product_cat-esquejes","15":"product_cat-exotica","16":"product_cat-lenta","17":"product_cat-moderada-es-2","18":"product_cat-moderada","19":"product_cat-planta-de-especimen","20":"product_cat-semilla","21":"product_cat-sol-parcial","22":"product_cat-sombra","23":"product_tag-amarillo","24":"product_tag-morado","25":"product_tag-verde","26":"pa_pot-size-1-galon-6","27":"pa_pot-size-15-galones-17","28":"pa_pot-size-3-galones-10","29":"pa_pot-size-7-galones-14","32":"first","33":"instock","34":"taxable","35":"shipping-taxable","36":"purchasable","37":"product-type-variable"},"aioseo_notices":[],"_links":{"self":[{"href":"https:\/\/smartyplantsnursery.com\/es\/wp-json\/wp\/v2\/product\/45788","targetHints":{"allow":["GET"]}}],"collection":[{"href":"https:\/\/smartyplantsnursery.com\/es\/wp-json\/wp\/v2\/product"}],"about":[{"href":"https:\/\/smartyplantsnursery.com\/es\/wp-json\/wp\/v2\/types\/product"}],"replies":[{"embeddable":true,"href":"https:\/\/smartyplantsnursery.com\/es\/wp-json\/wp\/v2\/comments?post=45788"}],"wp:featuredmedia":[{"embeddable":true,"href":"https:\/\/smartyplantsnursery.com\/es\/wp-json\/wp\/v2\/media\/51258"}],"wp:attachment":[{"href":"https:\/\/smartyplantsnursery.com\/es\/wp-json\/wp\/v2\/media?parent=45788"}],"wp:term":[{"taxonomy":"product_brand","embeddable":true,"href":"https:\/\/smartyplantsnursery.com\/es\/wp-json\/wp\/v2\/product_brand?post=45788"},{"taxonomy":"product_cat","embeddable":true,"href":"https:\/\/smartyplantsnursery.com\/es\/wp-json\/wp\/v2\/product_cat?post=45788"},{"taxonomy":"product_tag","embeddable":true,"href":"https:\/\/smartyplantsnursery.com\/es\/wp-json\/wp\/v2\/product_tag?post=45788"}],"curies":[{"name":"wp","href":"https:\/\/api.w.org\/{rel}","templated":true}]}}