{"id":45802,"date":"2024-10-02T18:40:06","date_gmt":"2024-10-02T18:40:06","guid":{"rendered":"https:\/\/smartyplantsnursery.com\/product\/verbena-azul-stachytarpheta-urticifolia\/"},"modified":"2026-03-11T15:47:53","modified_gmt":"2026-03-11T15:47:53","slug":"verbena-azul-stachytarpheta-urticifolia","status":"publish","type":"product","link":"https:\/\/smartyplantsnursery.com\/es\/product\/verbena-azul-stachytarpheta-urticifolia\/","title":{"rendered":"Verbena azul &#8211; stachytarpheta urticifolia"},"content":{"rendered":"<p class=\"\"><b class=\"\">Usos generales en el paisaje:<\/b> Jard\u00edn de polinizadores, seto o planta de borde, jard\u00edn costero, control de la erosi\u00f3n<\/p>\n<p class=\"\"><b class=\"\">Notas sobre la restauraci\u00f3n ecol\u00f3gica:<\/b> Apoyo a los polinizadores, estabilizaci\u00f3n del suelo y control de la erosi\u00f3n, tolerancia a la sequ\u00eda y la sal, creaci\u00f3n de h\u00e1bitat<\/p>\n<p class=\"\"><b class=\"\">Descripci\u00f3n:<\/b> Arbusto perenne apreciado por sus inflorescencias en forma de espiga.<\/p>\n<p class=\"\"><b class=\"\">Dimensiones:<\/b> Altura 1,2-1,8 m; Extensi\u00f3n 1,2 &#8211; 1,8 m.<\/p>\n<p class=\"\"><b class=\"\">Tasa de crecimiento:<\/b> r\u00e1pida<\/p>\n<p class=\"\"><b class=\"\">Distribuci\u00f3n nativa:<\/b> Asia tropical<\/p>\n<p class=\"\"><b class=\"\">H\u00e1bitats nativos:<\/b> Campos abiertos, bordes de bosques, \u00e1reas perturbadas y regiones costeras<\/p>\n<p class=\"\"><b class=\"\">Suelos:<\/b> Bien drenados, incluyendo sustratos arenosos o rocosos<\/p>\n<p class=\"\"><b class=\"\">Requisitos nutricionales:<\/b> moderados<\/p>\n<p class=\"\"><b class=\"\">Tolerancia al agua salada:<\/b> moderada<\/p>\n<p class=\"\"><b class=\"\">Tolerancia al viento salado:<\/b> moderada<\/p>\n<p class=\"\"><b class=\"\">Tolerancia a la sequ\u00eda:<\/b> moderada<\/p>\n<p class=\"\"><b class=\"\">Requisitos de luz:<\/b> Pleno sol<\/p>\n<p class=\"\"><b class=\"\">Color de la flor:<\/b> Azul p\u00farpura<\/p>\n<p class=\"\"><b class=\"\">Caracter\u00edsticas de la flor:<\/b> Peque\u00f1as, tubulares que florecen continuamente en espigas largas y delgadas<\/p>\n<p class=\"\"><b class=\"\">Temporada de floraci\u00f3n:<\/b> Todo el a\u00f1o<\/p>\n<p class=\"\"><b class=\"\">Fruto:<\/b> Peque\u00f1o, seco, discreto, de color verde cuando es inmaduro, que se vuelve marr\u00f3n a medida que madura<\/p>\n<p class=\"\"><b class=\"\">Vida silvestre y ecolog\u00eda:<\/b> Im\u00e1n para polinizadores, control de la erosi\u00f3n, resistencia a la sequ\u00eda<\/p>\n<p class=\"\"><b class=\"\">Notas de horticultura:<\/b> Se cultiva a partir de esquejes o semillas<\/p>\n<p class=\"\"><b class=\"\">Comentarios:<\/b><\/p>\n<p>&nbsp;<\/p>\n","protected":false},"excerpt":{"rendered":"<p><img fetchpriority=\"high\" decoding=\"async\" class=\"alignnone size-medium wp-image-54744\" src=\"https:\/\/smartyplantsnursery.com\/wp-content\/uploads\/2023\/04\/Screenshot-2026-03-03-at-2.22.47-PM-300x185.webp\" alt=\"\" width=\"300\" height=\"185\"><\/p>\n<div class=\"container\">\n<div class=\"table-container\">\n<table>\n<thead>\n<tr>\n<th>Tama\u00f1o de la maceta<\/th>\n<th>Altura media plantada (desde la tierra hasta la parte superior de la planta)<\/th>\n<\/tr>\n<\/thead>\n<tbody>\n<tr>\n<td>3 galones\/10&#8243;<\/td>\n<td>1 &#8211; 2 pies<\/td>\n<\/tr>\n<\/tbody>\n<\/table>\n<\/div>\n<\/div>\n","protected":false},"featured_media":48552,"comment_status":"open","ping_status":"closed","template":"","meta":[],"product_brand":[],"product_cat":[304,359,310,375,384,363,315,302,355,361,309,313,360,308,316,358,335,323,322,468,330,332,307],"product_tag":[],"class_list":{"0":"post-45802","1":"product","2":"type-product","3":"status-publish","4":"has-post-thumbnail","6":"product_cat-arbusto","7":"product_cat-arena","8":"product_cat-bien-drenado","9":"product_cat-borde","10":"product_cat-costero","11":"product_cat-espiga","12":"product_cat-esquejes","13":"product_cat-exotica","14":"product_cat-invierno","15":"product_cat-moderada-es-4","16":"product_cat-moderada","17":"product_cat-moderada-es","18":"product_cat-moderada-es-3","19":"product_cat-otono","20":"product_cat-pequena","21":"product_cat-plantas-para-mariposas-plantas-para-polinizadores","22":"product_cat-pleno-sol","23":"product_cat-primavera","24":"product_cat-rapido","25":"product_cat-roca-2","26":"product_cat-semilla","27":"product_cat-seto","28":"product_cat-verano","29":"pa_pot-size-3-galones-10","32":"first","33":"instock","34":"taxable","35":"shipping-taxable","36":"purchasable","37":"product-type-variable"},"aioseo_notices":[],"_links":{"self":[{"href":"https:\/\/smartyplantsnursery.com\/es\/wp-json\/wp\/v2\/product\/45802","targetHints":{"allow":["GET"]}}],"collection":[{"href":"https:\/\/smartyplantsnursery.com\/es\/wp-json\/wp\/v2\/product"}],"about":[{"href":"https:\/\/smartyplantsnursery.com\/es\/wp-json\/wp\/v2\/types\/product"}],"replies":[{"embeddable":true,"href":"https:\/\/smartyplantsnursery.com\/es\/wp-json\/wp\/v2\/comments?post=45802"}],"wp:featuredmedia":[{"embeddable":true,"href":"https:\/\/smartyplantsnursery.com\/es\/wp-json\/wp\/v2\/media\/48552"}],"wp:attachment":[{"href":"https:\/\/smartyplantsnursery.com\/es\/wp-json\/wp\/v2\/media?parent=45802"}],"wp:term":[{"taxonomy":"product_brand","embeddable":true,"href":"https:\/\/smartyplantsnursery.com\/es\/wp-json\/wp\/v2\/product_brand?post=45802"},{"taxonomy":"product_cat","embeddable":true,"href":"https:\/\/smartyplantsnursery.com\/es\/wp-json\/wp\/v2\/product_cat?post=45802"},{"taxonomy":"product_tag","embeddable":true,"href":"https:\/\/smartyplantsnursery.com\/es\/wp-json\/wp\/v2\/product_tag?post=45802"}],"curies":[{"name":"wp","href":"https:\/\/api.w.org\/{rel}","templated":true}]}}