{"id":45803,"date":"2024-08-16T01:01:38","date_gmt":"2024-08-16T01:01:38","guid":{"rendered":"https:\/\/smartyplantsnursery.com\/product\/ave-del-paraiso-brasil-enana-naranja-strelitzia-juncea-brasil-enana\/"},"modified":"2026-03-07T14:32:42","modified_gmt":"2026-03-07T14:32:42","slug":"ave-del-paraiso-brasil-enana-naranja-strelitzia-juncea-brasil-enana","status":"publish","type":"product","link":"https:\/\/smartyplantsnursery.com\/es\/product\/ave-del-paraiso-brasil-enana-naranja-strelitzia-juncea-brasil-enana\/","title":{"rendered":"Ave del Para\u00edso \u201cBrasil enana &#8211; Naranja\u201d &#8211; strelitzia juncea \u201cBrasil enana\u201d"},"content":{"rendered":"<p><b>Usos generales en el paisaje:<\/b> Planta de acento, plantaci\u00f3n en contenedores, jardines modernos y mediterr\u00e1neos<\/p>\n<p><b>Notas sobre la restauraci\u00f3n ecol\u00f3gica:<\/b> Resiliencia a la sequ\u00eda, estabilizaci\u00f3n del suelo, apoyo a los polinizadores, bajo mantenimiento, h\u00e1bitat de vida silvestre, secuestro de carbono<\/p>\n<p><b>Descripci\u00f3n:<\/b> Conocida por sus tallos sin hojas, parecidos a juncos, y sus flores con forma de ave.<\/p>\n<p><b>Dimensiones:<\/b> Altura 3 &#8211; 5 pies.<\/p>\n<p><b>Tasa de crecimiento:<\/b> lenta<\/p>\n<p><b>Distribuci\u00f3n nativa:<\/b> \u00c1frica<\/p>\n<p><b>H\u00e1bitats nativos:<\/b> Entornos secos y rocosos y praderas<\/p>\n<p><b>Suelos:<\/b> Bien drenados, tolera suelos arenosos y rocosos<\/p>\n<p><b>Requisitos nutricionales:<\/b> bajos<\/p>\n<p><b>Tolerancia al agua salada:<\/b> moderada<\/p>\n<p><b>Tolerancia al viento salado:<\/b> moderada<\/p>\n<p><b>Tolerancia a la sequ\u00eda:<\/b> alta<\/p>\n<p><b>Requisitos de luz:<\/b> pleno sol a sol parcial<\/p>\n<p><b>Color de la flor:<\/b> naranja, rojo anaranjado<\/p>\n<p><b>Caracter\u00edsticas de la flor:<\/b> con forma de ave<\/p>\n<p><b>Temporada de floraci\u00f3n:<\/b> Desde finales de oto\u00f1o hasta principios de primavera<\/p>\n<p><b>Fruto:<\/b> C\u00e1psula le\u00f1osa y triangular que se abre al madurar.<\/p>\n<p><b>Vida silvestre y ecolog\u00eda:<\/b> Atracci\u00f3n de polinizadores, dispersi\u00f3n de semillas, estabilizaci\u00f3n del suelo y control de la erosi\u00f3n, adaptaci\u00f3n a la sequ\u00eda y resiliencia clim\u00e1tica, h\u00e1bitat de vida silvestre<\/p>\n<p><b>Notas de horticultura:<\/b> Se cultiva a partir de semillas o divisi\u00f3n.<\/p>\n<p><b>Comentarios:<\/b><\/p>\n","protected":false},"excerpt":{"rendered":"<p><img fetchpriority=\"high\" decoding=\"async\" class=\"alignnone size-medium wp-image-54744\" src=\"https:\/\/smartyplantsnursery.com\/wp-content\/uploads\/2023\/04\/Screenshot-2026-03-03-at-2.22.47-PM-300x185.png\" alt=\"\" width=\"300\" height=\"185\"><\/p>\n<div class=\"container\">\n<div class=\"table-container\">\n<table>\n<thead>\n<tr>\n<th>Tama\u00f1o de la maceta<\/th>\n<th>Altura media plantada (desde la tierra hasta la parte superior de la planta)<\/th>\n<\/tr>\n<\/thead>\n<tbody>\n<tr>\n<td>7 galones\/14&#8243;<\/td>\n<td>2 &#8211; 4 pies<\/td>\n<\/tr>\n<\/tbody>\n<\/table>\n<\/div>\n<\/div>\n","protected":false},"featured_media":54021,"comment_status":"open","ping_status":"closed","template":"","meta":[],"product_brand":[],"product_cat":[340,304,359,357,331,302,306,361,360,308,334,335,323,468,330,303],"product_tag":[351],"class_list":{"0":"post-45803","1":"product","2":"type-product","3":"status-publish","4":"has-post-thumbnail","6":"product_cat-alta","7":"product_cat-arbusto","8":"product_cat-arena","9":"product_cat-baja-es-3","10":"product_cat-division-es","11":"product_cat-exotica","12":"product_cat-lenta","13":"product_cat-moderada-es-4","14":"product_cat-moderada-es-3","15":"product_cat-otono","16":"product_cat-planta-de-acento","17":"product_cat-pleno-sol","18":"product_cat-primavera","19":"product_cat-roca-2","20":"product_cat-semilla","21":"product_cat-sol-parcial","22":"product_tag-naranja","23":"pa_pot-size-7-galones-14","26":"first","27":"instock","28":"taxable","29":"shipping-taxable","30":"purchasable","31":"product-type-variable"},"aioseo_notices":[],"_links":{"self":[{"href":"https:\/\/smartyplantsnursery.com\/es\/wp-json\/wp\/v2\/product\/45803","targetHints":{"allow":["GET"]}}],"collection":[{"href":"https:\/\/smartyplantsnursery.com\/es\/wp-json\/wp\/v2\/product"}],"about":[{"href":"https:\/\/smartyplantsnursery.com\/es\/wp-json\/wp\/v2\/types\/product"}],"replies":[{"embeddable":true,"href":"https:\/\/smartyplantsnursery.com\/es\/wp-json\/wp\/v2\/comments?post=45803"}],"wp:featuredmedia":[{"embeddable":true,"href":"https:\/\/smartyplantsnursery.com\/es\/wp-json\/wp\/v2\/media\/54021"}],"wp:attachment":[{"href":"https:\/\/smartyplantsnursery.com\/es\/wp-json\/wp\/v2\/media?parent=45803"}],"wp:term":[{"taxonomy":"product_brand","embeddable":true,"href":"https:\/\/smartyplantsnursery.com\/es\/wp-json\/wp\/v2\/product_brand?post=45803"},{"taxonomy":"product_cat","embeddable":true,"href":"https:\/\/smartyplantsnursery.com\/es\/wp-json\/wp\/v2\/product_cat?post=45803"},{"taxonomy":"product_tag","embeddable":true,"href":"https:\/\/smartyplantsnursery.com\/es\/wp-json\/wp\/v2\/product_tag?post=45803"}],"curies":[{"name":"wp","href":"https:\/\/api.w.org\/{rel}","templated":true}]}}